{"id":9992,"date":"2023-10-11T07:36:09","date_gmt":"2023-10-11T10:36:09","guid":{"rendered":"https:\/\/lerban.com.br\/loja\/?post_type=product&#038;p=9992"},"modified":"2025-05-09T09:35:12","modified_gmt":"2025-05-09T12:35:12","slug":"biblia-do-lider-batista-renovado","status":"publish","type":"product","link":"https:\/\/lerban.com.br\/loja\/shop\/biblias\/biblia-do-lider-batista-renovado\/","title":{"rendered":"B\u00edblia do L\u00edder Batista Renovado"},"content":{"rendered":"<p><em><strong>Edi\u00e7\u00e3o Limitada <\/strong><\/em><br \/>\nComemorativa aos 25 Anos do STEBAN-RJ &#8211; Semin\u00e1rio Teol\u00f3gico Evang\u00e9lico Batista Nacional do Rio de Janeiro<\/p>\n<p>Letra Grande<\/p>\n<p>Vers\u00e3o NAA<\/p>\n<h2>Informa\u00e7\u00e3o adicional<\/h2>\n<table class=\"woocommerce-product-attributes shop_attributes\" style=\"height: 62px;\" width=\"331\">\n<tbody>\n<tr class=\"woocommerce-product-attributes-item woocommerce-product-attributes-item--weight\">\n<th class=\"woocommerce-product-attributes-item__label\">Peso<\/th>\n<td class=\"woocommerce-product-attributes-item__value\">670 g<\/td>\n<\/tr>\n<tr class=\"woocommerce-product-attributes-item woocommerce-product-attributes-item--dimensions\">\n<th class=\"woocommerce-product-attributes-item__label\">Dimens\u00f5es<\/th>\n<td class=\"woocommerce-product-attributes-item__value\">20,5 \u00d7 14,5 \u00d7 5 cm<\/td>\n<\/tr>\n<\/tbody>\n<\/table>\n","protected":false},"excerpt":{"rendered":"<p><em><strong> Edi\u00e7\u00e3o Limitada <\/strong><\/em><br \/>\nComemorativa aos 25 Anos do STEBAN-RJ &#8211; Semin\u00e1rio Teol\u00f3gico Evang\u00e9lico Batista Nacional do Rio de Janeiro<\/p>\n<p>&nbsp;<\/p>\n<p><strong>Encarte com 64 p\u00e1ginas contendo:<\/strong><\/p>\n<p><strong>Institucional Steban-RJ <\/strong><br \/>\n1. Palavra do Reitor do Steban-RJ<br \/>\n2. Palavra do Presidente da CBN<br \/>\n3. Hist\u00f3ria do Steban-RJ (Miss\u00e3o, Vis\u00e3o e Valores)<\/p>\n<p>&nbsp;<\/p>\n<p><strong>Temas Teol\u00f3gicos<\/strong><\/p>\n<ol>\n<li>Biblia &#8211; O C\u00e2non Sagrado e o Uso da Hermen\u00eautica B\u00edblica;<\/li>\n<li>Exegese B\u00edblica &#8211; Um Desafio para Te\u00f3logos e Pastores;<\/li>\n<li>A import\u00e2ncia das L\u00ednguas Originais para a Compreens\u00e3o dos Textos B\u00edblicos;<\/li>\n<li>A import\u00e2ncia do Ensino Teol\u00f3gico para os Batistas Nacionais;<\/li>\n<li>\u00c9tica Crist\u00e3;<\/li>\n<li>Nossa Eclesiologia;<\/li>\n<li>A Hist\u00f3ria da Salva\u00e7\u00e3o;<\/li>\n<\/ol>\n<p>&nbsp;<\/p>\n<p><strong>Os Batistas Nacionais e a Conven\u00e7\u00e3o Batista Nacional<\/strong><\/p>\n<ol>\n<li>\u00a0Os Batistas Nacionais e Miss\u00f5es;<\/li>\n<li>Os Batistas Nacionais &#8211; Um Breve Hist\u00f3rico;<\/li>\n<li>Miss\u00e3o e Vis\u00e3o &#8211; Diversidade nos Trabalhos, Unidade nos Objetivos;<\/li>\n<li>\u00a0Nossas Institui\u00e7\u00f5es, \u00d3rg\u00e3os, Secretarias, e Departamentos;<\/li>\n<li>Elementos de Nossa F\u00e9 &#8211; Princ\u00edpios Batistas;<\/li>\n<li>Pioneiros e Ex-presidentes;<\/li>\n<li>\u00a0Nossa Identidade;<\/li>\n<li>Hino Oficial &#8211; Obra Santa;<\/li>\n<li>Sustento e Manuten\u00e7\u00e3o;<\/li>\n<li>Diretoria Nacional e Diretoria da Lerban<\/li>\n<\/ol>\n","protected":false},"featured_media":9993,"template":"","meta":[],"product_cat":[101],"product_tag":[],"class_list":["post-9992","product","type-product","status-publish","has-post-thumbnail","hentry","product_cat-biblias","product_shipping_class-domestic"],"_links":{"self":[{"href":"https:\/\/lerban.com.br\/loja\/wp-json\/wp\/v2\/product\/9992"}],"collection":[{"href":"https:\/\/lerban.com.br\/loja\/wp-json\/wp\/v2\/product"}],"about":[{"href":"https:\/\/lerban.com.br\/loja\/wp-json\/wp\/v2\/types\/product"}],"wp:featuredmedia":[{"embeddable":true,"href":"https:\/\/lerban.com.br\/loja\/wp-json\/wp\/v2\/media\/9993"}],"wp:attachment":[{"href":"https:\/\/lerban.com.br\/loja\/wp-json\/wp\/v2\/media?parent=9992"}],"wp:term":[{"taxonomy":"product_cat","embeddable":true,"href":"https:\/\/lerban.com.br\/loja\/wp-json\/wp\/v2\/product_cat?post=9992"},{"taxonomy":"product_tag","embeddable":true,"href":"https:\/\/lerban.com.br\/loja\/wp-json\/wp\/v2\/product_tag?post=9992"}],"curies":[{"name":"wp","href":"https:\/\/api.w.org\/{rel}","templated":true}]}}