{"id":9275,"date":"2002-01-02T11:14:16","date_gmt":"2002-01-02T14:14:16","guid":{"rendered":"https:\/\/lerban.com.br\/loja\/?post_type=product&#038;p=9275"},"modified":"2026-04-28T17:04:08","modified_gmt":"2026-04-28T20:04:08","slug":"o-verbo-se-fez-carne-2","status":"publish","type":"product","link":"https:\/\/lerban.com.br\/loja\/shop\/jovens-e-adultos\/as-escrituras-novo-testamento\/o-verbo-se-fez-carne-2\/","title":{"rendered":"AENT 02 &#8211; O verbo se fez Carne"},"content":{"rendered":"<p><strong>TEM\u00c1RIO<\/strong><\/p>\n<p>Li\u00e7\u00e3o 1 \u2013 Prop\u00f3sito e Mensagem do Quarto Evangelho<br \/>\nLi\u00e7\u00e3o 2 \u2013 O Verbo, O Princ\u00edpio de Tudo<br \/>\nLi\u00e7\u00e3o 3 \u2013 Jesus e Os Primeiros Disc\u00edpulos<br \/>\nLi\u00e7\u00e3o 4 \u2013 Encontros Com Jesus<br \/>\nLi\u00e7\u00e3o 5 \u2013 Sinais: Para Que Creiam no Filho de Deus<br \/>\nLi\u00e7\u00e3o 6 \u2013 Jesus: Identidade Revelada<br \/>\nLi\u00e7\u00e3o 7 \u2013 Disc\u00edpulos Confrontados<br \/>\nLi\u00e7\u00e3o 8 \u2013 O Filho de Deus Rejeitado<br \/>\nLi\u00e7\u00e3o 9 \u2013 Jerusal\u00e9m, Aclama\u00e7\u00e3o e Conspira\u00e7\u00e3o<br \/>\nLi\u00e7\u00e3o 10 \u2013 O Serm\u00e3o do Cen\u00e1culo<br \/>\nLi\u00e7\u00e3o 11 \u2013 A Ora\u00e7\u00e3o Sacerdotal de Jesus<br \/>\nLi\u00e7\u00e3o 12 \u2013 Ao P\u00e9 da Cruz<br \/>\nLi\u00e7\u00e3o 13 \u2013 Testemunhas da Ressurrei\u00e7\u00e3o<\/p>\n<p>&nbsp;<\/p>\n<p>96 p\u00e1ginas<br \/>\n13 Li\u00e7\u00f5es<br \/>\nFormato: Revista<br \/>\nP\u00fablico Alvo: Jovens e Adultos<\/p>\n","protected":false},"excerpt":{"rendered":"<p>A s\u00e9rie As Escrituras foi elaborada para propiciar ao leitor melhor dom\u00ednio do conte\u00fado teol\u00f3gico do Antigo e Novo Testamento, considerando o contexto hist\u00f3rico, as caracter\u00edsticas liter\u00e1rias e o pensamento de cada autor do texto sagrado. Uma base s\u00f3lida na teologia b\u00edblica certamente produzir\u00e1 f\u00e9 robusta e vida piedosa, sob a ilumina\u00e7\u00e3o do Esp\u00edrito Santo.<\/p>\n<p><b><br \/>\n<a href=\"https:\/\/lerban.com.br\/loja\/material-de-apoio-as-escrituras\/\" target=\"_blank\" rel=\"noopener\"><img loading=\"lazy\" decoding=\"async\" class=\"alignnone size-full wp-image-4585\" src=\"https:\/\/lerban.com.br\/loja\/wp-content\/uploads\/2018\/03\/materiais-didatico-AENT.png\" alt=\"\" width=\"364\" height=\"134\" srcset=\"https:\/\/lerban.com.br\/loja\/wp-content\/uploads\/2018\/03\/materiais-didatico-AENT.png 364w, https:\/\/lerban.com.br\/loja\/wp-content\/uploads\/2018\/03\/materiais-didatico-AENT-300x110.png 300w, https:\/\/lerban.com.br\/loja\/wp-content\/uploads\/2018\/03\/materiais-didatico-AENT-150x55.png 150w, https:\/\/lerban.com.br\/loja\/wp-content\/uploads\/2018\/03\/materiais-didatico-AENT-350x129.png 350w\" sizes=\"(max-width: 364px) 100vw, 364px\" \/><\/a><\/b><\/p>\n","protected":false},"featured_media":11142,"template":"","meta":[],"product_cat":[111,75,73],"product_tag":[],"class_list":["post-9275","product","type-product","status-publish","has-post-thumbnail","hentry","product_cat-111","product_cat-as-escrituras-novo-testamento","product_cat-jovens-e-adultos","product_shipping_class-domestic"],"_links":{"self":[{"href":"https:\/\/lerban.com.br\/loja\/wp-json\/wp\/v2\/product\/9275"}],"collection":[{"href":"https:\/\/lerban.com.br\/loja\/wp-json\/wp\/v2\/product"}],"about":[{"href":"https:\/\/lerban.com.br\/loja\/wp-json\/wp\/v2\/types\/product"}],"wp:featuredmedia":[{"embeddable":true,"href":"https:\/\/lerban.com.br\/loja\/wp-json\/wp\/v2\/media\/11142"}],"wp:attachment":[{"href":"https:\/\/lerban.com.br\/loja\/wp-json\/wp\/v2\/media?parent=9275"}],"wp:term":[{"taxonomy":"product_cat","embeddable":true,"href":"https:\/\/lerban.com.br\/loja\/wp-json\/wp\/v2\/product_cat?post=9275"},{"taxonomy":"product_tag","embeddable":true,"href":"https:\/\/lerban.com.br\/loja\/wp-json\/wp\/v2\/product_tag?post=9275"}],"curies":[{"name":"wp","href":"https:\/\/api.w.org\/{rel}","templated":true}]}}