{"id":8749,"date":"2023-05-18T10:19:18","date_gmt":"2023-05-18T13:19:18","guid":{"rendered":"https:\/\/lerban.com.br\/loja\/?post_type=product&#038;p=8749"},"modified":"2026-02-13T00:02:00","modified_gmt":"2026-02-13T03:02:00","slug":"cordeiro-de-deus","status":"publish","type":"product","link":"https:\/\/lerban.com.br\/loja\/shop\/livros\/cordeiro-de-deus\/","title":{"rendered":"Cordeiro de Deus"},"content":{"rendered":"<p style=\"text-align: left;\">Sum\u00e1rio<\/p>\n<ol>\n<li>Ele \u00c9 O Cordeiro Que Foi Morto<\/li>\n<li>Ele \u00c9 A Testemunha Fiel<\/li>\n<li>Ele \u00c9 O Primog\u00eanito Dos Mortos<\/li>\n<li>Ele \u00c9 O Soberano Dos Reis Da Terra<\/li>\n<li>Ele \u00c9 Aquele Que Nos Ama<\/li>\n<li>Ele \u00c9 O Senhor Glorioso<\/li>\n<li>Ele \u00c9 O Senhor Da Igreja<\/li>\n<li>Ele \u00c9 O Senhor Da Hist\u00f3ria<\/li>\n<li>Ele \u00c9 O Santo<\/li>\n<li>Ele \u00c9 O Fiel E O Verdadeiro<\/li>\n<li>Ele \u00c9 Aquele Que Tem A Chave De Davi<\/li>\n<li>Ele \u00c9 Aquele Que Tem Todo O Poder<\/li>\n<li>Ele \u00c9 Aquele Que Tem Todo O Conhecimento<\/li>\n<li>Ele \u00c9 Aquele Que Tem A Plenitude Do Esp\u00edrito Santo<\/li>\n<li>Ele \u00c9 O Verbo De Deus<\/li>\n<li>Ele \u00c9 O Princ\u00edpio Da Cria\u00e7\u00e3o De Deus<\/li>\n<li>Ele \u00c9 O Alfa E O \u00d4mega<\/li>\n<li>Ele \u00c9 O Vindicador Do Seu Povo<\/li>\n<li>Ele \u00c9 O Messias Conquistador<\/li>\n<li>Ele \u00c9 O Noivo Aguardado<\/li>\n<li>Ele \u00c9 Deus<\/li>\n<\/ol>\n","protected":false},"excerpt":{"rendered":"<p style=\"text-align: left;\">Autor:\u00a0Paulo C\u00e9sar Nascimento<\/p>\n<p>&nbsp;<\/p>\n<p style=\"text-align: left;\">&#8220;O livro de Apocalipse tem despertado dois sentimentos ao longo da hist\u00f3ria. O primeiro \u00e9 de medo, uma vez que n\u00e3o \u00e9 nada f\u00e1cil interpretar suas revela\u00e7\u00f5es. O segundo \u00e9 de desprezo, uma vez que n\u00e3o conseguimos entender suas imagens. Uma coisa n\u00e3o passa despercebida: Cristo \u00e9 o personagem principal em toda essa trama. Foi nesse foco que o querido Pastor Paulo C\u00e9sar Nascimento, pregador fiel, obreiro aprovado, inclinou sua pesquisa. Sempre senti falta, como profestsor de Teologia Sistem\u00e1tica e Ministro da Palavra, de uma abordagem cristol\u00f3gica no livro das revela\u00e7\u00f5es. Paulo C\u00e9sar entrega uma obra Teol\u00f3gico-Pastoral, de profundo rigor acad\u00eamico, que n\u00e3o esgota o assunto, mas certamente trar\u00e1 luz aos que vierem depois dele por seu car\u00e1ter b\u00edblico, hist\u00f3rico e doutrin\u00e1rio. Recomendo essa obra com santo entusiasmo.&#8221;<\/p>\n<p style=\"text-align: left;\">Pr. Samuel Alves: Bacharel em Teologia pelo SETEBAN-PE, onde tamb\u00e9m \u00e9 professor de Teologia Sistem\u00e1tica e Coordenador Teol\u00f3gico. Tamb\u00e9m \u00e9 Pastor Auxiliar da Igreja Batista Mission\u00e1ria Peniel em Recife-PE.<\/p>\n<p>&nbsp;<\/p>\n<p style=\"text-align: left;\">&#8221;A B\u00edblia \u00e9 um livro admir\u00e1vel, inspirada por um Deus infinito nos traz infinitas possibilidades de leituras. O presente livro \u00e9 uma grata surpresa, fruto do trabalho de um pastor-mission\u00e1rio-acad\u00eamico, apresenta uma leitura distinta do Apocalipse. Para al\u00e9m das controv\u00e9rsias milenaristas o autor centraliza sua an\u00e1lise na pessoas de Cristo. Um livro da B\u00edblia que geralmente \u00e9 lido numa perspectiva escatol\u00f3gica, nesta obra \u00e9 organizado pelo Dr. Paulo Cesar a partir de uma vers\u00e3o cristol\u00f3gica. Cada cap\u00edtulo apresenta uma rica descri\u00e7\u00e3o de cada t\u00edtulo de nosso Senhor e Salvador Jesus Cristo. Leitura profunda e necess\u00e1ria para a igreja.&#8221;<\/p>\n<p style=\"text-align: left;\">Pr. Mauricio Abreu de Carvalho: Diretor da STBNET, Secret\u00e1rio da Alian\u00e7a Crist\u00e3 Evang\u00e9lica Brasileira, Pastor da IEBN, S\u00e3o Bernardo do Campo &#8211;\u00a0 SP.<\/p>\n<p>&nbsp;<\/p>\n<p><a href=\"https:\/\/www.amazon.com.br\/dp\/B0CGJCSSD9\" target=\"_blank\" rel=\"noopener\"><img loading=\"lazy\" decoding=\"async\" class=\"alignnone wp-image-5739\" src=\"https:\/\/lerban.com.br\/loja\/wp-content\/uploads\/2022\/11\/disponivel-tambem-na-amazons.png\" alt=\"\" width=\"228\" height=\"82\" srcset=\"https:\/\/lerban.com.br\/loja\/wp-content\/uploads\/2022\/11\/disponivel-tambem-na-amazons.png 300w, https:\/\/lerban.com.br\/loja\/wp-content\/uploads\/2022\/11\/disponivel-tambem-na-amazons-150x54.png 150w\" sizes=\"(max-width: 228px) 100vw, 228px\" \/><\/a><\/p>\n","protected":false},"featured_media":8752,"template":"","meta":[],"product_cat":[97],"product_tag":[],"class_list":["post-8749","product","type-product","status-publish","has-post-thumbnail","hentry","product_cat-livros","product_shipping_class-domestic"],"_links":{"self":[{"href":"https:\/\/lerban.com.br\/loja\/wp-json\/wp\/v2\/product\/8749"}],"collection":[{"href":"https:\/\/lerban.com.br\/loja\/wp-json\/wp\/v2\/product"}],"about":[{"href":"https:\/\/lerban.com.br\/loja\/wp-json\/wp\/v2\/types\/product"}],"wp:featuredmedia":[{"embeddable":true,"href":"https:\/\/lerban.com.br\/loja\/wp-json\/wp\/v2\/media\/8752"}],"wp:attachment":[{"href":"https:\/\/lerban.com.br\/loja\/wp-json\/wp\/v2\/media?parent=8749"}],"wp:term":[{"taxonomy":"product_cat","embeddable":true,"href":"https:\/\/lerban.com.br\/loja\/wp-json\/wp\/v2\/product_cat?post=8749"},{"taxonomy":"product_tag","embeddable":true,"href":"https:\/\/lerban.com.br\/loja\/wp-json\/wp\/v2\/product_tag?post=8749"}],"curies":[{"name":"wp","href":"https:\/\/api.w.org\/{rel}","templated":true}]}}