{"id":5435,"date":"2022-07-26T12:09:51","date_gmt":"2022-07-26T15:09:51","guid":{"rendered":"https:\/\/lerban.com.br\/loja\/?post_type=product&#038;p=5435"},"modified":"2023-11-02T23:30:14","modified_gmt":"2023-11-03T02:30:14","slug":"enciclopedia-biblica-ilustrada","status":"publish","type":"product","link":"https:\/\/lerban.com.br\/loja\/shop\/livros\/enciclopedia-biblica-ilustrada\/","title":{"rendered":"Enciclop\u00e9dia B\u00edblica ilustrada"},"content":{"rendered":"<p>Did\u00e1tica e ilustrativa, a Enciclop\u00e9dia B\u00edblica Ilustrada \u00e9 uma obra completa, que re\u00fane informa\u00e7\u00f5es detalhadas sobre a B\u00edblia e an\u00e1lises dentro de seu contexto cultural e hist\u00f3rico. Sem conota\u00e7\u00e3o doutrin\u00e1ria, apresenta fatos b\u00edblicos e coment\u00e1rios sobre quest\u00f5es atuais, al\u00e9m de reunir mais de 300 fotografias coloridas, que possibilitam ao leitor se transportar ao local onde aconteceram as narrativas. Cont\u00e9m, ainda, mapas, cronologias, gr\u00e1ficos e ilustra\u00e7\u00f5es, que mostram os principais temas, personagens e hist\u00f3rias da B\u00edblia, \u00edndice e busca r\u00e1pida. Recomendada a crist\u00e3os de todas as idades e \u00e0queles que t\u00eam interesse e curiosidade por hist\u00f3ria e arqueologia, a obra re\u00fane, em um s\u00f3 volume, informa\u00e7\u00f5es que antes s\u00f3 poderiam ser encontradas em diferentes livros de refer\u00eancia.<\/p>\n","protected":false},"excerpt":{"rendered":"<p>Did\u00e1tica e ilustrativa, a Enciclop\u00e9dia B\u00edblica Ilustrada \u00e9 uma obra completa, que re\u00fane informa\u00e7\u00f5es detalhadas sobre a B\u00edblia e an\u00e1lises dentro de seu contexto cultural e hist\u00f3rico. Sem conota\u00e7\u00e3o doutrin\u00e1ria, apresenta fatos b\u00edblicos e coment\u00e1rios sobre quest\u00f5es atuais, al\u00e9m de reunir mais de 300 fotografias coloridas, que possibilitam ao leitor se transportar ao local onde aconteceram as narrativas. Cont\u00e9m, ainda, mapas, cronologias, gr\u00e1ficos e ilustra\u00e7\u00f5es, que mostram os principais temas, personagens e hist\u00f3rias da B\u00edblia, \u00edndice e busca r\u00e1pida. Recomendada a crist\u00e3os de todas as idades e \u00e0queles que t\u00eam interesse e curiosidade por hist\u00f3ria e arqueologia, a obra re\u00fane, em um s\u00f3 volume, informa\u00e7\u00f5es que antes s\u00f3 poderiam ser encontradas em diferentes livros de refer\u00eancia.<\/p>\n","protected":false},"featured_media":5439,"template":"","meta":[],"product_cat":[97],"product_tag":[],"class_list":["post-5435","product","type-product","status-publish","has-post-thumbnail","hentry","product_cat-livros","product_shipping_class-domestic"],"_links":{"self":[{"href":"https:\/\/lerban.com.br\/loja\/wp-json\/wp\/v2\/product\/5435"}],"collection":[{"href":"https:\/\/lerban.com.br\/loja\/wp-json\/wp\/v2\/product"}],"about":[{"href":"https:\/\/lerban.com.br\/loja\/wp-json\/wp\/v2\/types\/product"}],"wp:featuredmedia":[{"embeddable":true,"href":"https:\/\/lerban.com.br\/loja\/wp-json\/wp\/v2\/media\/5439"}],"wp:attachment":[{"href":"https:\/\/lerban.com.br\/loja\/wp-json\/wp\/v2\/media?parent=5435"}],"wp:term":[{"taxonomy":"product_cat","embeddable":true,"href":"https:\/\/lerban.com.br\/loja\/wp-json\/wp\/v2\/product_cat?post=5435"},{"taxonomy":"product_tag","embeddable":true,"href":"https:\/\/lerban.com.br\/loja\/wp-json\/wp\/v2\/product_tag?post=5435"}],"curies":[{"name":"wp","href":"https:\/\/api.w.org\/{rel}","templated":true}]}}