{"id":4858,"date":"2007-01-07T09:40:30","date_gmt":"2007-01-07T12:40:30","guid":{"rendered":"https:\/\/lerban.com.br\/loja\/?post_type=product&#038;p=4858"},"modified":"2026-03-17T16:11:20","modified_gmt":"2026-03-17T19:11:20","slug":"escritos-dos-apostolos","status":"publish","type":"product","link":"https:\/\/lerban.com.br\/loja\/shop\/jovens-e-adultos\/as-escrituras-novo-testamento\/escritos-dos-apostolos\/","title":{"rendered":"AENT 07 &#8211; Escritos dos Ap\u00f3stolos"},"content":{"rendered":"<p>LI\u00c7\u00c3O I Pedro: o homem e seus escritos<\/p>\n<p>LI\u00c7\u00c3O II Jesus na Teologia de Pedro<\/p>\n<p>LI\u00c7\u00c3O III A igreja na teologia de Pedro<\/p>\n<p>LI\u00c7\u00c3O IV O sofrimento na teologia de Pedro<\/p>\n<p>LI\u00c7\u00c3O V Conselhos do Anci\u00e3o<\/p>\n<p>LI\u00c7\u00c3O VI Segunda Carta de Pedro: a vida piedosa e frut\u00edfera<\/p>\n<p>LI\u00c7\u00c3O VII A escatologia de Pedro<\/p>\n<p>LI\u00c7\u00c3O VIII O perigo dos falsos mestres em 2 Pedro e na carta G\u00eamea de Judas<\/p>\n<p>LI\u00c7\u00c3O IX As cartas joaninas autoria, data e singularidade<\/p>\n<p>LI\u00c7\u00c3O X A teologia na primeira carta de Jo\u00e3o<\/p>\n<p>LI\u00c7\u00c3O XI A verdade nos escritos joaninos<\/p>\n<p>LI\u00c7\u00c3O XII Segunda de Jo\u00e3o \u2013 A carta \u00e0 senhora eleita<\/p>\n<p>LI\u00c7\u00c3O XIII Terceira de Jo\u00e3o \u2013 A carta ao fiel gaio<\/p>\n<p>&nbsp;<\/p>\n<p>80 p\u00e1ginas<br \/>\n13 Li\u00e7\u00f5es<br \/>\nFormato: Revista<br \/>\nP\u00fablico Alvo: Jovens e Adultos<\/p>\n","protected":false},"excerpt":{"rendered":"<p>A teologia B\u00edblica das cartas de Pedro, Jo\u00e3o e Judas<\/p>\n<p>A s\u00e9rie As Escrituras foi elaborada para propiciar ao leitor melhor dom\u00ednio do conte\u00fado teol\u00f3gico do Antigo e Novo Testamento, considerando o contexto hist\u00f3rico, as caracter\u00edsticas liter\u00e1rias e o pensamento de cada autor do texto sagrado.<br \/>\nUma base s\u00f3lida na teologia b\u00edblica certamente produzir\u00e1 f\u00e9 robusta e vida piedosa, sob a ilumina\u00e7\u00e3o do Esp\u00edrito Santo.<\/p>\n","protected":false},"featured_media":11146,"template":"","meta":[],"product_cat":[75],"product_tag":[],"class_list":["post-4858","product","type-product","status-publish","has-post-thumbnail","hentry","product_cat-as-escrituras-novo-testamento","product_shipping_class-domestic"],"_links":{"self":[{"href":"https:\/\/lerban.com.br\/loja\/wp-json\/wp\/v2\/product\/4858"}],"collection":[{"href":"https:\/\/lerban.com.br\/loja\/wp-json\/wp\/v2\/product"}],"about":[{"href":"https:\/\/lerban.com.br\/loja\/wp-json\/wp\/v2\/types\/product"}],"wp:featuredmedia":[{"embeddable":true,"href":"https:\/\/lerban.com.br\/loja\/wp-json\/wp\/v2\/media\/11146"}],"wp:attachment":[{"href":"https:\/\/lerban.com.br\/loja\/wp-json\/wp\/v2\/media?parent=4858"}],"wp:term":[{"taxonomy":"product_cat","embeddable":true,"href":"https:\/\/lerban.com.br\/loja\/wp-json\/wp\/v2\/product_cat?post=4858"},{"taxonomy":"product_tag","embeddable":true,"href":"https:\/\/lerban.com.br\/loja\/wp-json\/wp\/v2\/product_tag?post=4858"}],"curies":[{"name":"wp","href":"https:\/\/api.w.org\/{rel}","templated":true}]}}