{"id":4766,"date":"2024-08-02T08:27:23","date_gmt":"2024-08-02T11:27:23","guid":{"rendered":"https:\/\/lerban.com.br\/loja\/?post_type=product&#038;p=4766"},"modified":"2026-04-01T15:40:46","modified_gmt":"2026-04-01T18:40:46","slug":"a-igreja-aprende-quando-canta","status":"publish","type":"product","link":"https:\/\/lerban.com.br\/loja\/shop\/livros\/a-igreja-aprende-quando-canta\/","title":{"rendered":"Cantar &#038; Ensinar \u2022 A Igreja aprende quando canta"},"content":{"rendered":"<p>Sum\u00e1rio<\/p>\n<p><strong>PRIMEIRA PARTE<\/strong><\/p>\n<ul>\n<li>A fun\u00e7\u00e3o did\u00e1tico-pedag\u00f3gica da m\u00fasica<\/li>\n<\/ul>\n<p>&nbsp;<\/p>\n<p><strong>CAP\u00cdTULO 1 &#8211; A m\u00fasica como Ci\u00eancia<\/strong><\/p>\n<p>1.1 &#8211; Defini\u00e7\u00f5es de ci\u00eancia e de m\u00fasica<\/p>\n<p>1.2 &#8211; A origem da Ideologia &#8221;M\u00fasica \u00e9 Ci\u00eancia&#8221;<\/p>\n<p><strong>CAP\u00cdTULO 2 &#8211; A relev\u00e2ncia da m\u00fasica no processo de ensino-apredizagem<\/strong><\/p>\n<p>Vamos Praticar?<\/p>\n<p>&nbsp;<\/p>\n<p><strong>SEGUNDA PARTE<\/strong><\/p>\n<ul>\n<li>Paulo e a ado\u00e7\u00e3o da m\u00fasica como instrumento did\u00e1tico-pedag\u00f3gico<\/li>\n<\/ul>\n<p>&nbsp;<\/p>\n<p><strong>CAP\u00cdTULO 3 &#8211;\u00a0 Salmos, Hinos e C\u00e2nticos Espirituais<\/strong><\/p>\n<p>3.1 &#8211; Definindo as express\u00f5es salmos, hinos e c\u00e2nticos espirituais<\/p>\n<p>3.2 &#8211; Qual a finalidade dos salmos, hinos e c\u00e2nticos espirituais?<\/p>\n<p><strong>CAP\u00cdTULO 4 &#8211; O c\u00e2ntico na pris\u00e3o de Filipos<\/strong><\/p>\n<p><strong>CAP\u00cdTULO 5 &#8211; Os Salmos nos escritos de Paulo<\/strong><\/p>\n<p><strong>CAP\u00cdTULO 6 &#8211; A inser\u00e7\u00e3o de hinos nos escritos Paulinos<\/strong><\/p>\n<p>6.1 &#8211; Cristologia cantada (Colossenses 1.15-20)<\/p>\n<p>6.2 &#8211; O Salmo de Cristo (Filipenses 2.6-11)<\/p>\n<p>6.3 &#8211; Confiss\u00e3o de f\u00e9 cantada (1Tim\u00f3teo 3.16)<\/p>\n<p>6.4 &#8211; Fidelidade de Cristo (2Tim\u00f3teo 2.11-13)<\/p>\n<p>6.5 &#8211; C\u00e2ntico Batismal (Ef\u00e9sios 5.14)<\/p>\n<p>6.6 &#8211; Fragmentos de louvores judaico-crist\u00e3os<\/p>\n<p>Vamos Praticar?<\/p>\n<p>&nbsp;<\/p>\n<p><strong>TERCEIRA PARTE<\/strong><\/p>\n<ul>\n<li>Personalidades que se valeram da fun\u00e7\u00e3o did\u00e1tica da m\u00fasica<\/li>\n<\/ul>\n<p>&nbsp;<\/p>\n<p><strong>CAP\u00cdTULO 7 &#8211; O uso da m\u00fasica na &#8221;Patr\u00edstica&#8221;<\/strong><\/p>\n<p>7.1 &#8211; \u00c1rius (c. 250-336)<\/p>\n<p>7.2 &#8211; Bas\u00edlio (c. 333-379)<\/p>\n<p>7.3 &#8211; Agostinho de Hipona (c. 354-430)<\/p>\n<p><strong>CAP\u00cdTULO 8 &#8211; O uso da m\u00fasica na &#8221;Reforma&#8221;<\/strong><\/p>\n<p>8.1 &#8211; Martinho Lutero (1483-1546)<\/p>\n<p>8.2 &#8211; Jo\u00e3o Calvino (1509-1564)<\/p>\n<p><strong>CAP\u00cdTULO 9 &#8211; O uso da m\u00fasica &#8221;a partir do S\u00e9culo 18&#8221;<\/strong><\/p>\n<p>9.1 &#8211; Isaac Watts (1674-1748)<\/p>\n<p>9.2 &#8211; John Wesley (1703-1791) e Charles Wesley (1707-1788)<\/p>\n<p>9.3 &#8211; Robert Kalley (1809-1888) e Sarah Kalley (1825-1907)<\/p>\n<p>9.4 &#8211; D. L. Moody (1837-1899) e Ira David Sankey (1840-1962)<\/p>\n<p>9.5 &#8211; Manuel Avelino de Souza (1886-1962)<\/p>\n<p>Vamos Praticar?<\/p>\n<p>&nbsp;<\/p>\n<p><strong>QUARTA PARTE<\/strong><\/p>\n<ul>\n<li>A utiliza\u00e7\u00e3o did\u00e1tica da m\u00fasica pelo minist\u00e9rio de louvor<\/li>\n<\/ul>\n<p>&nbsp;<\/p>\n<p><strong>CAP\u00cdTULO 10 &#8211; O Minist\u00e9rio de Louvor<\/strong><\/p>\n<p>10.1 &#8211; O surgimento do Minist\u00e9rio de Louvor<\/p>\n<p>10.2 &#8211; As fun\u00e7\u00f5es do Minist\u00e9rio de Louvor<\/p>\n<p>CAP\u00cdTULO 11 &#8211; Sugest\u00f5es para Minist\u00e9rio de Louvor<\/p>\n<p>11.1 &#8211; Discernir as influ\u00eancias que indiquem sobre a m\u00fasica<\/p>\n<p>11.2 &#8211; Preparo teol\u00f3gico de ministros de louvor e de compositores<\/p>\n<p>11.3 &#8211; Escolher com cuidado as can\u00e7\u00f5es que ser\u00e3o ministradas<\/p>\n<p>Vamos Praticar?<\/p>\n<ul>\n<li>Dicas importantes para o Pastor\u00a0 e L\u00edder do Minist\u00e9rio de Louvor<\/li>\n<li>Anexo 1 &#8211;\u00a0 Letras e Coment\u00e1rios das Can\u00e7\u00f5es do \u00c1lbum Homem Deus<\/li>\n<li>Anexo 2 &#8211;\u00a0 Cifras das Can\u00e7\u00f5es do \u00c1lbum Homem Deus<\/li>\n<\/ul>\n","protected":false},"excerpt":{"rendered":"<p>Autor: Natan Bezerra<\/p>\n<p>&nbsp;<\/p>\n<p>Pouco se ouve falar da m\u00fasica sendo utilizada de maneira intencional no fortalecimento e ensino das doutrinas b\u00edblicas por meio do minist\u00e9rio de louvor. Diferentemente do que muitos fazem, n\u00e3o basta apenas censurar essa ou aquela m\u00fasica do louvor congregacional. \u00c9 preciso fazer uso efetivo dela para o ensino dos membros da igreja.<br \/>\nA obra que voc\u00ea tem em m\u00e3os foi escrita com base nos registros b\u00edblicos do ap\u00f3stolo Paulo. Embora Davi seja um referencial de m\u00fasica na B\u00edblia, Paulo tamb\u00e9m contribuiu, de forma direta e significativa, para incorpora\u00e7\u00e3o da m\u00fasica na Igreja. Paulo \u00e9 o autor de quase metade dos escritos do Novo Testamento, por isso torna-se relevante estudarmos sua influ\u00eancia na \u00e1rea musical e aplicarmos as mesmas estrat\u00e9gias nos dias atuais.<br \/>\n<strong>NATAN BEZERRA<\/strong><\/p>\n<p>&#8220;De forma profunda e clara, Natan Bezerra traz uma vis\u00e3o objetiva sobre a influ\u00eancia da m\u00fasica no ensino da Igreja. Sistematicamente, ele elaborou um texto hist\u00f3rico sem precedentes que, por certo, ir\u00e1 acrescentar muito conhecimento e informa\u00e7\u00e3o consistente a todos que se interessam pelo assunto. Recomendo!&#8221;<br \/>\n<strong>ASAPH BORBA \u2013 Minist\u00e9rio Life<\/strong><\/p>\n<p>\u201cPor muito tempo a igreja brasileira esteve mergulhada na inebriante n\u00e9voa das can\u00e7\u00f5es gospel. Nos \u00faltimos anos, contudo, temos observado a chegada de uma leve brisa oxigenando o cen\u00e1rio musical crist\u00e3o. Artistas e autores brasileiros tem se dedicado ao of\u00edcio de instruir e redirecionar o cancioneiro crist\u00e3o. Natan foi extremamente assertivo e necess\u00e1rio ao elaborar esta obra repleta de interpreta\u00e7\u00e3o b\u00edblica e conceitua\u00e7\u00f5es t\u00e9cnicas. \u2018Cantar e ensinar\u2019 \u00e9 uma excelente ferramenta para qualquer um que deseje ser mais relevante em seu louvor congregacional\u201d.<br \/>\n<strong>MARCO TELLES \u2013 Formado em Teologia pelo Instituto B\u00edblico Betel Brasileiro, m\u00fasico e diretor do Coletivo Candieiro<\/strong><\/p>\n<p>\u201cQuem conhece minhas composi\u00e7\u00f5es sabe o quanto invisto e acredito na m\u00fasica como forma de ensino. Por isso, quando recebi a incumb\u00eancia de revisar e transformar o TCC do pastor Natan em um livro, me senti em casa. Tudo o que ele escreve \u00e9 exatamente o que sempre pensei e preguei. De forma clara e did\u00e1tica, ele coloca as ideias e demonstra como o ap\u00f3stolo Paulo e tamb\u00e9m grandes pregadores da Hist\u00f3ria investiram na m\u00fasica como forma de transmitir as revela\u00e7\u00f5es que Deus lhes dava. Portanto, que este livro seja lido n\u00e3o s\u00f3 por aqueles que fazem da m\u00fasica seus minist\u00e9rios, mas por todos quantos amam a Palavra de Deus e desejam que ela esteja na mente e no cora\u00e7\u00e3o de todas as pessoas\u201d.<br \/>\n<strong>ATILANO MURADAS \u2013 jornalista, compositor e escritor<\/strong><\/p>\n<p>&#8220;Recomendo com alegria este livro de Natan Bezerra. Conte\u00fado cuidadoso, inspirador e hist\u00f3rico sobre a relev\u00e2ncia do ensino atrav\u00e9s da m\u00fasica. Indispens\u00e1vel, raro e oportuno para nosso tempo!&#8221;<br \/>\n<strong>NELSON BOMILCAR &#8211; M\u00fasico, compositor, pastor e escritor<\/strong><\/p>\n<p>&nbsp;<\/p>\n<p>&nbsp;<\/p>\n<p>&nbsp;<\/p>\n<p>&nbsp;<\/p>\n<p><a href=\"https:\/\/www.amazon.com.br\/dp\/B09QCVSWGB\" target=\"_blank\" rel=\"noopener\"><img loading=\"lazy\" decoding=\"async\" class=\"alignnone wp-image-4439\" src=\"https:\/\/lerban.com.br\/loja\/wp-content\/uploads\/2021\/06\/botao-amazon.png\" alt=\"\" width=\"268\" height=\"126\" srcset=\"https:\/\/lerban.com.br\/loja\/wp-content\/uploads\/2021\/06\/botao-amazon.png 667w, https:\/\/lerban.com.br\/loja\/wp-content\/uploads\/2021\/06\/botao-amazon-300x141.png 300w, https:\/\/lerban.com.br\/loja\/wp-content\/uploads\/2021\/06\/botao-amazon-150x71.png 150w, https:\/\/lerban.com.br\/loja\/wp-content\/uploads\/2021\/06\/botao-amazon-350x165.png 350w\" sizes=\"(max-width: 268px) 100vw, 268px\" \/><\/a><\/p>\n","protected":false},"featured_media":10859,"template":"","meta":[],"product_cat":[97],"product_tag":[],"class_list":["post-4766","product","type-product","status-publish","has-post-thumbnail","hentry","product_cat-livros"],"_links":{"self":[{"href":"https:\/\/lerban.com.br\/loja\/wp-json\/wp\/v2\/product\/4766"}],"collection":[{"href":"https:\/\/lerban.com.br\/loja\/wp-json\/wp\/v2\/product"}],"about":[{"href":"https:\/\/lerban.com.br\/loja\/wp-json\/wp\/v2\/types\/product"}],"wp:featuredmedia":[{"embeddable":true,"href":"https:\/\/lerban.com.br\/loja\/wp-json\/wp\/v2\/media\/10859"}],"wp:attachment":[{"href":"https:\/\/lerban.com.br\/loja\/wp-json\/wp\/v2\/media?parent=4766"}],"wp:term":[{"taxonomy":"product_cat","embeddable":true,"href":"https:\/\/lerban.com.br\/loja\/wp-json\/wp\/v2\/product_cat?post=4766"},{"taxonomy":"product_tag","embeddable":true,"href":"https:\/\/lerban.com.br\/loja\/wp-json\/wp\/v2\/product_tag?post=4766"}],"curies":[{"name":"wp","href":"https:\/\/api.w.org\/{rel}","templated":true}]}}