{"id":4450,"date":"2021-06-22T11:16:54","date_gmt":"2021-06-22T14:16:54","guid":{"rendered":"https:\/\/lerban.com.br\/loja\/?post_type=product&#038;p=4450"},"modified":"2026-02-13T00:02:02","modified_gmt":"2026-02-13T03:02:02","slug":"o-pulpito-renovado-pregando-a-palavra-no-poder-do-espirito","status":"publish","type":"product","link":"https:\/\/lerban.com.br\/loja\/shop\/livros\/o-pulpito-renovado-pregando-a-palavra-no-poder-do-espirito\/","title":{"rendered":"O p\u00falpito renovado: Pregando a Palavra no poder do Esp\u00edrito"},"content":{"rendered":"<p>Sum\u00e1rio:<\/p>\n<ul>\n<li>A renova\u00e7\u00e3o, um movimento da palavra<\/li>\n<li>O pregador renovado\n<ul>\n<li>O pregador renovado possu\u00eda experi\u00eancia com Deus<\/li>\n<li>O pregador renovado possu\u00eda compromisso com a Palavra<\/li>\n<li>O pregador renovado possu\u00eda preparo intectual<\/li>\n<\/ul>\n<\/li>\n<li>A mensagem renovada<\/li>\n<li>A exposi\u00e7\u00e3o da mensagem renovada\n<ul>\n<li>O fundamento da prega\u00e7\u00e3o<\/li>\n<li>O tema e a ordem na prega\u00e7\u00e3o<\/li>\n<li>A explica\u00e7\u00e3o na prega\u00e7\u00e3o<\/li>\n<li>A aplica\u00e7\u00e3o do texto b\u00edblico<\/li>\n<li>O poder do Esp\u00edrito na prega\u00e7\u00e3o<\/li>\n<\/ul>\n<\/li>\n<li>Os frutos da mensagem renovada\n<ul>\n<li>Vida de Ora\u00e7\u00e3o<\/li>\n<li>Vida de Comunh\u00e3o<\/li>\n<li>Vida de Servi\u00e7o<\/li>\n<\/ul>\n<\/li>\n<\/ul>\n","protected":false},"excerpt":{"rendered":"<p>Autor: Hebert Borges<\/p>\n<p>&nbsp;<\/p>\n<p>O Cristianismo tem sua base no passado, faz um apelo a mem\u00f3ria. E sofre porque o colocaram justamente em m\u00e1quina para o fazer esquecer de sua hist\u00f3ria. O professor Hebert Borges, pelo apego a hist\u00f3ria do Cristianismo, atua, de maneira resoluta, justamente na dire\u00e7\u00e3o contr\u00e1ria dessa tend\u00eancia. E isso parece estar em seu DNA<\/p>\n<p>Na obra, ele prop\u00f5e um resgate, com um tom de urg\u00eancia, pressa, da heran\u00e7a homil\u00e9tica do povo de renova\u00e7\u00e3o, apoiando-se para isso sobre os ombros dos gigantesca renova\u00e7\u00e3o espiritual, o que faz o leitor perceber uma crescente lacuna e discrep\u00e2ncia entre a prega\u00e7\u00e3o dos pioneiros e de muitos batistas renovados da atualidade.<\/p>\n<p>A obra, diante do atual cen\u00e1rio eclesi\u00e1stico, traz i, certo constrangimento \u00e0 consci\u00eancia, ao apontar a postura dos antigos pregadores renovados, o que revela, sob essa \u00f3tica, que ser renovador \u00e9 ter a aplica\u00e7\u00e3o, como testemunha o legado dos pioneiros. E que a prega\u00e7\u00e3o aplicada \u00e9 a voz de Deus para direcionar os seus servos.<\/p>\n<p>Luiz Adolfo, Bacharel em Teologia pelo SETEBAN PE<\/p>\n","protected":false},"featured_media":4451,"template":"","meta":[],"product_cat":[105,97,122],"product_tag":[],"class_list":["post-4450","product","type-product","status-publish","has-post-thumbnail","hentry","product_cat-hebert-borges","product_cat-livros","product_cat-projeto-renovados","product_shipping_class-domestic"],"_links":{"self":[{"href":"https:\/\/lerban.com.br\/loja\/wp-json\/wp\/v2\/product\/4450"}],"collection":[{"href":"https:\/\/lerban.com.br\/loja\/wp-json\/wp\/v2\/product"}],"about":[{"href":"https:\/\/lerban.com.br\/loja\/wp-json\/wp\/v2\/types\/product"}],"wp:featuredmedia":[{"embeddable":true,"href":"https:\/\/lerban.com.br\/loja\/wp-json\/wp\/v2\/media\/4451"}],"wp:attachment":[{"href":"https:\/\/lerban.com.br\/loja\/wp-json\/wp\/v2\/media?parent=4450"}],"wp:term":[{"taxonomy":"product_cat","embeddable":true,"href":"https:\/\/lerban.com.br\/loja\/wp-json\/wp\/v2\/product_cat?post=4450"},{"taxonomy":"product_tag","embeddable":true,"href":"https:\/\/lerban.com.br\/loja\/wp-json\/wp\/v2\/product_tag?post=4450"}],"curies":[{"name":"wp","href":"https:\/\/api.w.org\/{rel}","templated":true}]}}