{"id":4423,"date":"2021-06-11T09:54:19","date_gmt":"2021-06-11T12:54:19","guid":{"rendered":"https:\/\/lerban.com.br\/loja\/?post_type=product&#038;p=4423"},"modified":"2026-02-13T00:02:02","modified_gmt":"2026-02-13T03:02:02","slug":"em-busca-de-uma-teologia-urbana","status":"publish","type":"product","link":"https:\/\/lerban.com.br\/loja\/shop\/livros\/em-busca-de-uma-teologia-urbana\/","title":{"rendered":"Em busca de uma Teologia Urbana"},"content":{"rendered":"<p>Sum\u00e1rio<\/p>\n<p>&nbsp;<\/p>\n<p><strong>CAP\u00cdTULO I &#8211; EM BUSCA DE UMA TEOLOGIA URBANA<\/strong><\/p>\n<p>1.A urbaniza\u00e7\u00e3o e seus desafios missionais e pastorais.<\/p>\n<p>2.Uma teologia apropriada ao contexto urbano.<\/p>\n<p>2.1. Breve Hist\u00f3rico da teologia da Miss\u00e3o Integral:<\/p>\n<p>2.2. Pacto de Lausanne e o Comportamento da Cidade do Cabo:<\/p>\n<p>3. Princ\u00edpios da TMI para o contexto urbano<\/p>\n<p>3.1. O princ\u00edpios da integralidade do evangelho:<\/p>\n<p>3.2. O princ\u00edpio da contextualiza\u00e7\u00e3o com a miss\u00e3o:<\/p>\n<p>3.3. O princ\u00edpio do compromisso com a miss\u00e3o:<\/p>\n<p>4. O desafio urbano \u00e0 teologia:<\/p>\n<p>&nbsp;<\/p>\n<p><strong>CAP\u00cdTULO II &#8211; A METR\u00d3POLE E SUA DEMANDAS ANTROPOL\u00d3GICAS<\/strong><\/p>\n<p>1. Goi\u00e2nia, a hist\u00f3ria de sua funda\u00e7\u00e3o, urbaniza\u00e7\u00e3o e metropoliza\u00e7\u00e3o:<\/p>\n<p>1.1. Hist\u00f3ria de sua funda\u00e7\u00e3o:<\/p>\n<p>1.2. Urbaniza\u00e7\u00e3o e metropoliza\u00e7\u00e3o:<\/p>\n<p>1.2.1. Urbaniza\u00e7\u00e3o:<\/p>\n<p>1.2.2. Metropoliza\u00e7\u00e3o:<\/p>\n<p>2. Demandas antropol\u00f3gicas da urbaniza\u00e7\u00e3o de Goi\u00e2nia:<\/p>\n<p>2.1. A antropologia e a urbaniza\u00e7\u00e3o:<\/p>\n<p>2.2. O homem\/Mulher urbanus goianiense:<\/p>\n<p>2.2.1. Caracter\u00edsticas peculiares do homo urbanus goianiense:<\/p>\n<p>2.2.2. Caracter\u00edsticas gerais do homo urbanus goianiense:<\/p>\n<p>3. Desafios do contexto goianiense \u00e0 teologia:<\/p>\n<p>&nbsp;<\/p>\n<p><strong>CAP\u00cdTULO III &#8211; CONTEXTO INSTITUCIONAL<\/strong><\/p>\n<p>1. Perfil do Pastor batista nacional e das igrejas da RMG:<\/p>\n<p>1.1. Desafios que esse perfil apresenta \u00e0 forma\u00e7\u00e3o teol\u00f3gica:<\/p>\n<p>1.2.1. Plantios de Igrejas:<\/p>\n<p>1.2.2. Forma\u00e7\u00e3o dos pastores:<\/p>\n<p>2. An\u00e1lise hist\u00f3rica da educa\u00e7\u00e3o teol\u00f3gica batista nacional em Goi\u00e2nia:<\/p>\n<p>2.1. Rela\u00e7\u00e3o do SETEBAN-GO:<\/p>\n<p>2.2. Rela\u00e7\u00e3o SETEBAN\/GOI\u00c2NIA e Igrejas Batistas Nacionais da RMG:<\/p>\n<p>3. An\u00e1lise do processo educativo do SETEBAN\/GOI\u00c2NIA:<\/p>\n<p>3.1. O SETEBAN\/GOI\u00c2NIA e a estrutura atual:<\/p>\n<p>3.2. O curr\u00edculo do SETEBAN\/GOI\u00c2NIA:<\/p>\n<p>3.3. A filosofia educacional do SETEBAN\/GOI\u00c2NIA:<\/p>\n<p>&nbsp;<\/p>\n<p>CAP\u00cdTULO IV &#8211; ELEMENTOS TEOL\u00d3GICOS PARA UMA AGENDA MISSIOPASTORAL URBANA<\/p>\n<p>1. Desafios missiopastorais da vida urbana:<\/p>\n<p>1.1. Desafios sociais:<\/p>\n<p>1.2. Desafios culturais:<\/p>\n<p>1.3. Desafios pessoais:<\/p>\n<p>1.4. Desafios institucionais:<\/p>\n<p>2. Pressuposto para a agenda missiopastoral urbana:<\/p>\n<p>2.1. A cidade:<\/p>\n<p>2.2. O habitante da cidade, o homo urbanus:<\/p>\n<p>2.3. A Igreja na cidade &#8211; a igreja-com-a-cidade:<\/p>\n<p>3. Elementos teol\u00f3gicos da TMI, para a vida urbana:<\/p>\n<p>3.1. Uma Teologia apropriado ao contexto urbano:<\/p>\n<p>3.1.1. Primeiro Elemento: Os Princ\u00edpios da TMI<\/p>\n<p>3.1.2. Segundo Elemento: O Reino de Deus, uma teologia a partir de cima:<\/p>\n<p>3.1.3. Terceiro Elemento: Antropologia cultural e b\u00edblica, uma teologia a partir de baixo:<\/p>\n<p>&nbsp;<\/p>\n<p>ANEXOS I<\/p>\n<p>A teologia da Miss\u00e3o Integral e a Teologia da Liberta\u00e7\u00e3o:<\/p>\n<p>Conflito existente no Brasil:<\/p>\n<p>TMI e TdL, Semelhan\u00e7a e diferen\u00e7as:<\/p>\n","protected":false},"excerpt":{"rendered":"<p>Autor: Eder Jos\u00e9 de Melo Silva<\/p>\n<p>&nbsp;<\/p>\n<p>Eder Jos\u00e9 de Melo Silva, na vida, no trabalho e na a\u00e7\u00e3o crist\u00e3 di\u00e1ria, intensa e benfazeja, junta teologia, ci\u00eancia e experi\u00eancia evangelizadora. Mais que juntar &#8211; como se esses campos humanos fossem pe\u00e7as simb\u00f3licas separadas e aut\u00f4nomas &#8211; Eder p\u00f5e toda a sua vida na escrita, e essa escritura se p\u00f5e num \u00fanico trajeto: viver e conviver no mundo concreto com Cristo no cora\u00e7\u00e3o &#8211; e na palavra.<\/p>\n<p>A elabora\u00e7\u00e3o desse livro nomeado EM BUSCA DE UMA TEOLOGIA URBANA: a cidade e seus desafios missionais e pastorais, tem a assinatura desse olhar que, embora m\u00faltiplo, se fez \u00edntegro e integral.<\/p>\n<p>A escritura leg\u00edvel, o senso de pesquisa, o esp\u00edrito democr\u00e1tico e humanit\u00e1rio do autor esposam-se numa premissa: o trabalho teol\u00f3gico, e a teologia como uma exegese do mist\u00e9rio e da exuber\u00e2ncia da vida humana, n\u00e3o pode se separar do mundo concreto que a significa. \u00c9 assim que surge a proposta de uma teologia urbana na cidade de Goi\u00e2nia.<\/p>\n<p>Ao interpretar a metr\u00f3pole Goianiense e ver os seus problemas como viol\u00eancia urbana, o adoecimento, o medo, a ang\u00fastia e, inclusive, o desespero de pessoas que, muitas vezes, recorrem \u00e0 dispositivos delet\u00e9rios e perigosos, Eder exp\u00f5e a luz da teologia urbana. Ele mesmo diz:<\/p>\n<p style=\"text-align: right;\">&#8221;Cremos que fundamentos numa boa teologia, que considera tanto as quest\u00f5es de Deus e dos Homens, do c\u00e9u e da terra, decima e de baixo, encontraremos um norte seguro para o refletir e agir a em favor daqueles que est\u00e3o distantes do evangelho, como daqueles que j\u00e1 foram por ele alcan\u00e7ados&#8221;,<\/p>\n<p>Ler este livro \u00e9 uma forma de enriquecer o olhar sobre a realidade de enternecer o cora\u00e7\u00e3o; de fortalecer-se para enfrentar os problemas urbanos e de partilhar o conhecimento e a vida.<\/p>\n<p>Dr. Eguimar Fel\u00edcio Chaveiro<\/p>\n<p>Doutor em Geografia Humana pela USP (2001) e P\u00f3s-graduado em Sa\u00fade do Trabalhador pela Funda\u00e7\u00e3o Oswaldo Cruz (Fiocruz\/RJ).<\/p>\n","protected":false},"featured_media":4424,"template":"","meta":[],"product_cat":[97,121],"product_tag":[],"class_list":["post-4423","product","type-product","status-publish","has-post-thumbnail","hentry","product_cat-livros","product_cat-missoes-nacionais","product_shipping_class-domestic"],"_links":{"self":[{"href":"https:\/\/lerban.com.br\/loja\/wp-json\/wp\/v2\/product\/4423"}],"collection":[{"href":"https:\/\/lerban.com.br\/loja\/wp-json\/wp\/v2\/product"}],"about":[{"href":"https:\/\/lerban.com.br\/loja\/wp-json\/wp\/v2\/types\/product"}],"wp:featuredmedia":[{"embeddable":true,"href":"https:\/\/lerban.com.br\/loja\/wp-json\/wp\/v2\/media\/4424"}],"wp:attachment":[{"href":"https:\/\/lerban.com.br\/loja\/wp-json\/wp\/v2\/media?parent=4423"}],"wp:term":[{"taxonomy":"product_cat","embeddable":true,"href":"https:\/\/lerban.com.br\/loja\/wp-json\/wp\/v2\/product_cat?post=4423"},{"taxonomy":"product_tag","embeddable":true,"href":"https:\/\/lerban.com.br\/loja\/wp-json\/wp\/v2\/product_tag?post=4423"}],"curies":[{"name":"wp","href":"https:\/\/api.w.org\/{rel}","templated":true}]}}