{"id":4351,"date":"2021-04-28T15:47:56","date_gmt":"2021-04-28T18:47:56","guid":{"rendered":"https:\/\/lerban.com.br\/loja\/?post_type=product&#038;p=4351"},"modified":"2025-12-02T00:01:56","modified_gmt":"2025-12-02T03:01:56","slug":"a-estrelinha-que-encontrou-a-felicidade","status":"publish","type":"product","link":"https:\/\/lerban.com.br\/loja\/shop\/livros\/a-estrelinha-que-encontrou-a-felicidade\/","title":{"rendered":"A Estrelinha que encontrou a felicidade"},"content":{"rendered":"<p>A Estrelinha que encontrou a felicidade \u00e9 um texto que, atrav\u00e9s de uma linguagem simples e figurada, trata do importante tema da autoaceita\u00e7\u00e3o como elemento fundamental para a experi\u00eancia da felicidade.<br \/>\nUma reflex\u00e3o que aponta para a singularidade e valor de cada ser humano trazido a exist\u00eancia pelo Criador e que merece ser feliz.<\/p>\n<h4><span style=\"color: #ff6600;\"><strong>Para ler com seus filhos<\/strong><\/span><\/h4>\n<p>Andrea Souza<\/p>\n<p><iframe loading=\"lazy\" title=\"Livro  - A Estrelinha que encontrou a felicidade!\" width=\"800\" height=\"450\" src=\"https:\/\/www.youtube.com\/embed\/PxKvN1f1TCg?feature=oembed\" frameborder=\"0\" allow=\"accelerometer; autoplay; clipboard-write; encrypted-media; gyroscope; picture-in-picture; web-share\" referrerpolicy=\"strict-origin-when-cross-origin\" allowfullscreen><\/iframe><\/p>\n","protected":false},"excerpt":{"rendered":"<p>A Estrelinha que encontrou a felicidade \u00e9 um texto que, atrav\u00e9s de uma linguagem simples e figurada, trata do importante tema da autoaceita\u00e7\u00e3o como elemento fundamental para a experi\u00eancia da felicidade.<br \/>\nUma reflex\u00e3o que aponta para a singularidade e valor de cada ser humano trazido a exist\u00eancia pelo Criador e que merece ser feliz.<\/p>\n<blockquote>\n<h4><span style=\"color: #ff6600;\"><strong>Para ler com seus filhos<\/strong><\/span><\/h4>\n<\/blockquote>\n<p>Andrea Souza<\/p>\n[embed]https:\/\/youtu.be\/PxKvN1f1TCg[\/embed]\n","protected":false},"featured_media":4352,"template":"","meta":[],"product_cat":[97,122],"product_tag":[],"class_list":["post-4351","product","type-product","status-publish","has-post-thumbnail","hentry","product_cat-livros","product_cat-projeto-renovados","product_shipping_class-domestic"],"_links":{"self":[{"href":"https:\/\/lerban.com.br\/loja\/wp-json\/wp\/v2\/product\/4351"}],"collection":[{"href":"https:\/\/lerban.com.br\/loja\/wp-json\/wp\/v2\/product"}],"about":[{"href":"https:\/\/lerban.com.br\/loja\/wp-json\/wp\/v2\/types\/product"}],"wp:featuredmedia":[{"embeddable":true,"href":"https:\/\/lerban.com.br\/loja\/wp-json\/wp\/v2\/media\/4352"}],"wp:attachment":[{"href":"https:\/\/lerban.com.br\/loja\/wp-json\/wp\/v2\/media?parent=4351"}],"wp:term":[{"taxonomy":"product_cat","embeddable":true,"href":"https:\/\/lerban.com.br\/loja\/wp-json\/wp\/v2\/product_cat?post=4351"},{"taxonomy":"product_tag","embeddable":true,"href":"https:\/\/lerban.com.br\/loja\/wp-json\/wp\/v2\/product_tag?post=4351"}],"curies":[{"name":"wp","href":"https:\/\/api.w.org\/{rel}","templated":true}]}}