{"id":3028,"date":"2019-06-14T14:18:24","date_gmt":"2019-06-14T17:18:24","guid":{"rendered":"https:\/\/lerban.com.br\/loja\/?post_type=product&#038;p=3028"},"modified":"2026-02-13T00:02:02","modified_gmt":"2026-02-13T03:02:02","slug":"cronicas-e-laconicas","status":"publish","type":"product","link":"https:\/\/lerban.com.br\/loja\/shop\/livros\/cronicas-e-laconicas\/","title":{"rendered":"Cr\u00f4nicas e Lac\u00f4nicas"},"content":{"rendered":"<p>Sum\u00e1rio:<\/p>\n<ol>\n<li>CRIAM-SE DIFICULDADES PARA COLHER A FACILIDADE<\/li>\n<li>DE ONDE TIRAMOS O CONCEITO DE PENSAR?<\/li>\n<li>DEFORMADO NA ORIGEM<\/li>\n<li>DI\u00c1RIO DO RESTO DE UMA VIDA<\/li>\n<li>LATOMIA<\/li>\n<li>LUTA CONTRA O LUTO DAS MORTES AD\u00c2MICAS<\/li>\n<li>M\u00cdSERA MIS\u00c9RIA<\/li>\n<li>ACIMA DE TUDO N\u00c3O PERCA O DESEJO DE PROSSEGUIR<\/li>\n<li>O QUE VALE A PENA SER FEITO VALE A PENA SER BEM FEITO<\/li>\n<li>O SONO ESPIRITUAL PRODUZ MONSTRO<\/li>\n<li>TIRANDO AS VENDAS DA IGNOR\u00c2NCIA<\/li>\n<li>PAPEL DE EMBRULHAR P\u00c3O<\/li>\n<li>PRECISAMOS APRENDER A APRENDER<\/li>\n<li>SER INV\u00cdSIVEL<\/li>\n<li>PENSAR MAL, SIGNIFICA TORNAR MAU<\/li>\n<li>PENSO, LOGO EXISTO<\/li>\n<li>TENHO UM SONHO ( I HAVE A DREAM)<\/li>\n<li>A VERDADE \u00c9 DOCE E AMARGA. QUANDO \u00c9 DOCE, PERDOA; QUANDO AMARGA, CURA.<\/li>\n<li>AGUDO SUSPIRO<\/li>\n<li>B\u00c1CULO DO CRIST\u00c3O: CHAMADO, AMADO E GUARDADO<\/li>\n<li>CIDAD\u00c3O TRABALHADOR<\/li>\n<li>CORDEIRO COM OS DE FORA E LOBO PARA COM OS DA FAM\u00cdLIA.<\/li>\n<li>ESCORREG\u00c3O EM FALSO<\/li>\n<li>ENTEU E ENT\u00c9IA<\/li>\n<li>EU, SERVO DE DEUS ME DESABAFO<\/li>\n<li>JUBILAMENTO<\/li>\n<li>LAPSOS DE MEM\u00d3RIA<\/li>\n<li>MANCHADO DE VERGONHA<\/li>\n<li>N\u00c3O SER ALGU\u00c9M PARA NINGU\u00c9M, DOEN\u00c7A LETAL.<\/li>\n<li>NOS ARRECIFES APRENDI COM OS PROV\u00c9CTOS A MENTORIA<\/li>\n<li>ARRUME SEU RUMO<\/li>\n<li>\u00c0S VEZES VALE A PENA FICAR DOENTE<\/li>\n<li>AUS\u00caNCIA DE COMO\u00c7\u00c3O<\/li>\n<li>BOCEJAR ESPIRITUAL<\/li>\n<li>CONVERSANDO COM O MOMENTO QUE VIVEMOS NO BRASIL<\/li>\n<li>A DESOBEDI\u00caNCIA DO HOMEM N\u00c3O EXAURE A PACI\u00caNCIA DE DEUS<\/li>\n<li>O DIREITO DE UMA TERMINA A ONDE COME\u00c7A O DO OUTRO<\/li>\n<li>O QUE A VIDA TROUXE, A GENTE TEM QUE RECEBER<\/li>\n<li>VALOR DO NOSSO COTIDIANO<\/li>\n<li>SERES DO &#8221;AINDA N\u00c3O&#8221;<\/li>\n<li>O INFINITO DA DOR ALHEIA<\/li>\n<li>O MUNDO PENSA GRANDE, MAS ESQUECE DO MAIOR<\/li>\n<li>PALAVRAS DITAS OU ESCRITAS COM MAG\u00d3AS D\u00c3O MAUS RESULTADOS.<\/li>\n<\/ol>\n<p>&nbsp;<\/p>\n<p>160 p\u00e1ginas<br \/>\n43 Li\u00e7\u00f5es<br \/>\nFormato: Livro<br \/>\nP\u00fablico Alvo: Diversos<\/p>\n","protected":false},"excerpt":{"rendered":"<p>Autor: Wellington Coelho de Sousa<\/p>\n<p>&nbsp;<\/p>\n<p>N\u00e3o h\u00e1 livro t\u00e3o mau que n\u00e3o tenha algo de bom. Todos os livros podem ser divididos em duas classes: Os da hora e os de todos os tempos. Os livros marcam a vida de quem l\u00ea. A companhia dos livros ajuda grandemente na urbaniza\u00e7\u00e3o entro os homens. N\u00e3o esquecendo que a genu\u00edna felicidade \u00e9 voc\u00ea chegar ao final do seu dia e ser aplaudido pela sua consci\u00eancia crist\u00e3. Os livros ajudam muito nesses aplausos.<\/p>\n<p>N\u00e3o tente atravessar o rio antes de chegar \u00e0s suas margens. N\u00e3o feche este livro antes de l\u00ea-lo. Voc\u00ea chegar\u00e1 ao p\u00edncaros mais elevados da alma do escritor.<\/p>\n<p>Espero que esse livro possa ser o padioleiro que possa lhe conduzir \u00e0 sala da sapi\u00eancia diversa. Calafeta sempre o teu caminho com boas leituras, n\u00e3o olvidando que, a palavra mais doce do mundo \u00e9 a palavra \u00e1spera que n\u00e3o se pronuncia. Por favor, se o gentil leitor\/a, zangar-se com algo no livro ore muito pelo autor, n\u00e3o h\u00e1 nada que envelhece t\u00e3o depressa como ficar &#8221;trevoso&#8221; como algo que n\u00e3o lhe agrada.<\/p>\n<p>\u00c0s rugas nos aceleram as rugas antes do tempo. O fogo da contrariedade que ateamos nos outros queima mais na agente. O escritor \u00e9 estimado como uma abelha, n\u00e3o porque trabalha, mas porque trabalha para os outros. \u00c9 mais importante dar o que somos do que dar o que temos. Por favor, n\u00e3o posterga a leitura das Cr\u00f4nicas Lac\u00f4nicas.<\/p>\n","protected":false},"featured_media":3029,"template":"","meta":[],"product_cat":[111,97],"product_tag":[],"class_list":["post-3028","product","type-product","status-publish","has-post-thumbnail","hentry","product_cat-111","product_cat-livros","product_shipping_class-domestic"],"_links":{"self":[{"href":"https:\/\/lerban.com.br\/loja\/wp-json\/wp\/v2\/product\/3028"}],"collection":[{"href":"https:\/\/lerban.com.br\/loja\/wp-json\/wp\/v2\/product"}],"about":[{"href":"https:\/\/lerban.com.br\/loja\/wp-json\/wp\/v2\/types\/product"}],"wp:featuredmedia":[{"embeddable":true,"href":"https:\/\/lerban.com.br\/loja\/wp-json\/wp\/v2\/media\/3029"}],"wp:attachment":[{"href":"https:\/\/lerban.com.br\/loja\/wp-json\/wp\/v2\/media?parent=3028"}],"wp:term":[{"taxonomy":"product_cat","embeddable":true,"href":"https:\/\/lerban.com.br\/loja\/wp-json\/wp\/v2\/product_cat?post=3028"},{"taxonomy":"product_tag","embeddable":true,"href":"https:\/\/lerban.com.br\/loja\/wp-json\/wp\/v2\/product_tag?post=3028"}],"curies":[{"name":"wp","href":"https:\/\/api.w.org\/{rel}","templated":true}]}}