{"id":2311,"date":"2018-08-20T10:11:23","date_gmt":"2018-08-20T13:11:23","guid":{"rendered":"https:\/\/lerban.com.br\/loja\/?post_type=product&#038;p=2311"},"modified":"2026-04-17T07:42:18","modified_gmt":"2026-04-17T10:42:18","slug":"calvario-e-pentecoste-regeneracao-e-poder","status":"publish","type":"product","link":"https:\/\/lerban.com.br\/loja\/shop\/livros\/calvario-e-pentecoste-regeneracao-e-poder\/","title":{"rendered":"Calv\u00e1rio e Pentecoste &#8211; Regenera\u00e7\u00e3o e Poder"},"content":{"rendered":"<p>Sum\u00e1rio<\/p>\n<ol>\n<li>A Divina Pessoa do Esp\u00edrito Santo<\/li>\n<li>Pentecoste se Repete?<\/li>\n<li>O Batismo no Corpo de Cristo e a Regenera\u00e7\u00e3o<\/li>\n<li>O Batismo com o Esp\u00edrito Santo<\/li>\n<li>As Evid\u00eancias do Batismo com o Esp\u00edrito Santo<\/li>\n<li>Os Dons Espirituais<\/li>\n<li>Apropriemo-nos da Benc\u00e3o<\/li>\n<\/ol>\n<p>&nbsp;<\/p>\n<p>Ap\u00eandices<\/p>\n<ol>\n<li>Como Entender a Express\u00e3o &#8221; Um s\u00f3 Batismo&#8221;<\/li>\n<li>O Batismo com Fogo<\/li>\n<li>Plenitude do Esp\u00edrito e Encher-se do Esp\u00edrito.<\/li>\n<\/ol>\n","protected":false},"excerpt":{"rendered":"<p>Autor: Jos\u00e9 R\u00eago do Nascimento<\/p>\n<p>&nbsp;<\/p>\n<p>O autor nos traz uma obra preciosa. Uma oportunidade de rever a hist\u00f3ria e conhecer o agir de Deus em nossas vidas. Por meio das experi\u00eancias narradas, percebemos o quanto somos capacitados, no poder do Esp\u00edrito, a viver uma vida santa e prazerosa no Senhor Jesus.<\/p>\n<p>Os Pentecostes nos leva a glorificar a\u00a0 Jesus de forma intensa e profunda com as nossas vidas, pois, o batismo com o Esp\u00edrito Santo \u00e9 uma experi\u00eancia dispon\u00edvel para todos os crist\u00e3os. \u00c9 a entrada triunfal da alma salva na sublime comunh\u00e3o do Senhor.<\/p>\n<p>O autor nos mostra a importa\u0302ncia de manter viva a mensagem do \u201cbatismo com o Espi\u0301rito Santo\u201d em nossas igrejas. Esta\u0301 no nosso DNA a experie\u0302ncia de poder com o Espi\u0301rito Santo. Busquemos seu poder, sua unc\u0327a\u0303o e seu agir sobrenatural! Somos o povo de Renovac\u0327a\u0303o Espiritual, por isso devemos priorizar uma vida regenerada, sem compromisso com o pecado e apegada a\u0300 santidade, afim de experimentar o batismo com o Espi\u0301rito Santo, conforme Atos 1.4-8.<\/p>\n<p>Nesta obra, somos desafiados a desejar e a buscar uma vida cheia do Esp\u00edrito Santo. Somos desafiados a conhcer os mist\u00e9rios e poderes do Seu Glorioso batismo.<\/p>\n<p>Assim o Livro <em>Calv\u00e1rio e Pentecostes<\/em>. Trata-se de uma obra reveladora dos dons do Esp\u00edrito, da comunh\u00e3o com Deus, numa l\u00edngua celestial, consequ\u00eancias poderosas do ent\u00e3o batismo com Esp\u00edrito Santo.<\/p>\n<p>O autor nos oferece a oportunidade de conhecer um cuidadoso exame exeg\u00e9tico sobre o batismo do Esp\u00edrito Santo, percebido com uma seunda obra da gra\u00e7a.<\/p>\n<p>Neill Hawkins.<\/p>\n","protected":false},"featured_media":2312,"template":"","meta":[],"product_cat":[111,97,121],"product_tag":[],"class_list":["post-2311","product","type-product","status-publish","has-post-thumbnail","hentry","product_cat-111","product_cat-livros","product_cat-missoes-nacionais","product_shipping_class-domestic"],"_links":{"self":[{"href":"https:\/\/lerban.com.br\/loja\/wp-json\/wp\/v2\/product\/2311"}],"collection":[{"href":"https:\/\/lerban.com.br\/loja\/wp-json\/wp\/v2\/product"}],"about":[{"href":"https:\/\/lerban.com.br\/loja\/wp-json\/wp\/v2\/types\/product"}],"wp:featuredmedia":[{"embeddable":true,"href":"https:\/\/lerban.com.br\/loja\/wp-json\/wp\/v2\/media\/2312"}],"wp:attachment":[{"href":"https:\/\/lerban.com.br\/loja\/wp-json\/wp\/v2\/media?parent=2311"}],"wp:term":[{"taxonomy":"product_cat","embeddable":true,"href":"https:\/\/lerban.com.br\/loja\/wp-json\/wp\/v2\/product_cat?post=2311"},{"taxonomy":"product_tag","embeddable":true,"href":"https:\/\/lerban.com.br\/loja\/wp-json\/wp\/v2\/product_tag?post=2311"}],"curies":[{"name":"wp","href":"https:\/\/api.w.org\/{rel}","templated":true}]}}