{"id":2098,"date":"2018-06-15T14:14:00","date_gmt":"2018-06-15T17:14:00","guid":{"rendered":"https:\/\/lerban.com.br\/loja\/?post_type=product&#038;p=2098"},"modified":"2026-04-08T09:03:30","modified_gmt":"2026-04-08T12:03:30","slug":"o-espirito-santo-e-a-missao-da-igreja-2","status":"publish","type":"product","link":"https:\/\/lerban.com.br\/loja\/shop\/livros\/o-espirito-santo-e-a-missao-da-igreja-2\/","title":{"rendered":"O Esp\u00edrito Santo e a Miss\u00e3o da Igreja"},"content":{"rendered":"<p>Sum\u00e1rio<\/p>\n<p><strong>A MISSIO ECLESIE E O ESP\u00cdRITO SANTO<\/strong><\/p>\n<p>1. DEFINI\u00c7\u00d5ES FUNDAMENTOS<\/p>\n<p>1.1. MISS\u00c3O<\/p>\n<p>1.2. MISSIO DEI<\/p>\n<p>1.3. MISSIO ECLESIAE<\/p>\n<p>1.4. O ENVIO EM ATOS<\/p>\n<p>1.5. ENSINO MISSIOLOGICO<\/p>\n<p>2. O ESP\u00cdRITO SANTO E A MISS\u00c3O IGREJA<\/p>\n<p>2.1. O PONTO DE PARTIDA DA MISS\u00c3O<\/p>\n<p>2.2. ENSINO MISSIOLOGICO<\/p>\n<p>&nbsp;<\/p>\n<p><strong>O REVESTIMENTO DE PODER<\/strong><\/p>\n<p>1. DUAS QUEST\u00d5ES HERMEN\u00caUTICAS<\/p>\n<p>2. A PLENITUDE DO ESP\u00cdRITO<\/p>\n<p>2.1. ANALISANDO OS TERMOS:<\/p>\n<p>2.1.1. NO EVANGELHO DE LUCAS<\/p>\n<p>2.1.2. EM ATOS<\/p>\n<p>2.2. A PROMESSA DO PAI<\/p>\n<p>2.2.1. A HABITA\u00c7\u00c3O DO ESP\u00cdRITO SANTO<\/p>\n<p>2.2.2. A HABILITA\u00c7\u00c3O DO ESP\u00cdRITO SANTO<\/p>\n<p>2.2.3. O ESP\u00cdRITO SANTO E O REINO DE DEUS<\/p>\n<p>2.3. ENSINO MISSIOLOGICO<\/p>\n<p>3. OS CINCO PENTECOSTES DE ATOS<\/p>\n<p>3.1. A HERMEN\u00caUTICAS DAS NARRATIVAS DA PLENITUDE DO ES\u00cdRITO<\/p>\n<p>3.2. ENSINO MISSIOLOGICO<\/p>\n<p>&nbsp;<\/p>\n<p><strong>MISS\u00c3O TRANSCULTURAL<\/strong><\/p>\n<p>1. MISSIO-DEI, MISS\u00c3O PARA TODOS OS POVOS<\/p>\n<p>1.1. AS NA\u00c7\u00d5ES PRESENTES<\/p>\n<p>1.2.AS L\u00cdNGUAS FALADAS<\/p>\n<p>2. Missio-dei, Miss\u00e3o transcultural contextualizada<\/p>\n<p>2.2. Contextualiza\u00e7\u00e3o do Evangelho<\/p>\n<p>3. Missio-dei, todo povo de Deus Universal<\/p>\n<p>3.1. O povo de Deus em miss\u00e3o<\/p>\n<p>3.2. A resist\u00eancia \u00e0 miss\u00e3o Universal<\/p>\n<p>3.2.1. O etnocentrismo Judaico<\/p>\n<p>3.2.2. A relut\u00e2ncia da Igreja<\/p>\n<p>4. Ensino Missiol\u00f3gico<\/p>\n<p>&nbsp;<\/p>\n<p><strong>A MISS\u00c3O E A MENSAGEM<\/strong><\/p>\n<p>1. Uma s\u00edntese dos Discursos<\/p>\n<p>1.2. Ensino Missiol\u00f3gico<\/p>\n<p>2. O evangelho e Palavra de Deus<\/p>\n<p>2.1. Quatro discursos fundamentais<\/p>\n<p>2.2. Ensino Missiol\u00f3gico<\/p>\n<p>3. A Contextualiza\u00e7\u00e3o na apresenta\u00e7\u00e3o do evangelho<\/p>\n<p>3.1. Os Dois discursos da medi\u00e7\u00e3o Cultural<\/p>\n<p>3.2. Ensino Missiol\u00f3gico<\/p>\n<p>&nbsp;<\/p>\n","protected":false},"excerpt":{"rendered":"<p>Autor: Eder Jos\u00e9 de Melo Silva<\/p>\n<p>&nbsp;<\/p>\n<p>A Comunidade de Jesus vive sob a inspira\u00e7\u00e3o do Esp\u00edrito Santo. Este \u00e9 o segredo da sua vida, da sua comunh\u00e3o e do seu poder. Usando uma palavra moderna, o esp\u00edrito supre o dinamismo da Eccles\u00eda. Devemos encarar o testamento do Novo Testamento com sinceridades suficiente para reconhecer que neste &#8221;pneuma&#8221; que a Eccles\u00eda possu\u00eda conscientemente h\u00e1 for\u00e7as extra-racionais que em grande escala faltam em muitos crist\u00f5es de hoje.<\/p>\n<p>A eccles\u00eda em sua experi\u00eancia do Esp\u00edrito Santo conheceu a Deus como aquele cujo impacto sobre a vida humana penetra at\u00e9 a profundidade da alma, toca nas energias escondidas e as mobiliza e subordina ao servi\u00e7o da sua santa vontade.<\/p>\n<p>Os evangelistas e mission\u00e1rios de hoje geralmente aceitam esse fato melhor que os teol\u00f3gicos, que n\u00e3o s\u00f3 subestimam o poder din\u00e2mico do Esp\u00edrito Santo, mas frequentemente o desconhecem totalmente.<\/p>\n<p>O Esp\u00edrito Santo sempre tem sido padrasto da teologia e o dinamismo do Esp\u00edrito Santo, o espantalho dos te\u00f3logos.<\/p>\n","protected":false},"featured_media":2087,"template":"","meta":[],"product_cat":[97,121],"product_tag":[],"class_list":["post-2098","product","type-product","status-publish","has-post-thumbnail","hentry","product_cat-livros","product_cat-missoes-nacionais","product_shipping_class-domestic"],"_links":{"self":[{"href":"https:\/\/lerban.com.br\/loja\/wp-json\/wp\/v2\/product\/2098"}],"collection":[{"href":"https:\/\/lerban.com.br\/loja\/wp-json\/wp\/v2\/product"}],"about":[{"href":"https:\/\/lerban.com.br\/loja\/wp-json\/wp\/v2\/types\/product"}],"wp:featuredmedia":[{"embeddable":true,"href":"https:\/\/lerban.com.br\/loja\/wp-json\/wp\/v2\/media\/2087"}],"wp:attachment":[{"href":"https:\/\/lerban.com.br\/loja\/wp-json\/wp\/v2\/media?parent=2098"}],"wp:term":[{"taxonomy":"product_cat","embeddable":true,"href":"https:\/\/lerban.com.br\/loja\/wp-json\/wp\/v2\/product_cat?post=2098"},{"taxonomy":"product_tag","embeddable":true,"href":"https:\/\/lerban.com.br\/loja\/wp-json\/wp\/v2\/product_tag?post=2098"}],"curies":[{"name":"wp","href":"https:\/\/api.w.org\/{rel}","templated":true}]}}