{"id":2097,"date":"2018-06-15T14:11:47","date_gmt":"2018-06-15T17:11:47","guid":{"rendered":"https:\/\/lerban.com.br\/loja\/?post_type=product&#038;p=2097"},"modified":"2026-02-13T00:02:03","modified_gmt":"2026-02-13T03:02:03","slug":"ninguem-detem","status":"publish","type":"product","link":"https:\/\/lerban.com.br\/loja\/shop\/livros\/ninguem-detem\/","title":{"rendered":"Ningu\u00e9m Det\u00e9m"},"content":{"rendered":"<p>Sum\u00e1rio<\/p>\n<p>&nbsp;<\/p>\n<ol>\n<li>O Nordeste na mira de Deus.<\/li>\n<li>O avivamento chega no Recife.<\/li>\n<li>Casa Amarela.<\/li>\n<li>Noite memor\u00e1vel.<\/li>\n<li>Recife, polo da Renova\u00e7\u00e3o Espiritual do Nordeste.<\/li>\n<li>Juntos no vale da Ben\u00e7\u00e3o.<\/li>\n<li>A Para\u00edba mergulha na Renova\u00e7\u00e3o Espiritual.<\/li>\n<li>Campina Grande, a cidade paraibana do avivamento.<\/li>\n<li>Urbu et Orbi.<\/li>\n<li>A meca da Renova\u00e7\u00e3o Espiritual.<\/li>\n<li>Como e por que foi escrito o hino &#8221;Obra santa&#8221;.<\/li>\n<li>O Nordeste inteiro floresce.<\/li>\n<li>Rumo ao Norte.<\/li>\n<li>Conhecendo o Norte.<\/li>\n<li>A cria\u00e7\u00e3o da ALBAMA.<\/li>\n<li>A escolha divina dos secret\u00e1rios do ALBAMA.<\/li>\n<li>No rastro da Renova\u00e7\u00e3o Espiritual.<\/li>\n<li>Rumo \u00e0s Alterosas.<\/li>\n<li>Jardim Suspenso.<\/li>\n<li>Volta \u00e0 casa paterna.<\/li>\n<li>Colhendo os frutos de uma boa semeadura.<\/li>\n<li>Rosivaldo de Ara\u00fajo, ontem.<\/li>\n<li>Rosivaldo de Ara\u00fajo, hoje.<\/li>\n<li>As li\u00e7\u00f5es da vida.<\/li>\n<li>As joias de Corn\u00e9lia.<\/li>\n<li>Particularidades do minist\u00e9rio pastoral<\/li>\n<li>Minist\u00e9rio da concilia\u00e7\u00e3o.<\/li>\n<li>E o tempo passa.<\/li>\n<li>Coisas novas.<\/li>\n<\/ol>\n<p>&nbsp;<\/p>\n<p>Ap\u00eandice<\/p>\n<ul>\n<li>Houve de fato um avivamento no Brasil na d\u00e9cada de 1960?<\/li>\n<li>Hino &#8221;Obra santa do Esp\u00edrito&#8221; (Letra e M\u00fasica).<\/li>\n<li>Hino &#8221;Ora\u00e7\u00e3o da Juventude&#8221; (Letra e M\u00fasica).<\/li>\n<\/ul>\n","protected":false},"excerpt":{"rendered":"<p>Autor: Rosivaldo de Ara\u00fajo<\/p>\n<p>&nbsp;<\/p>\n<p>Livro excelente da pena brilhante do meu grande amigo Rosivaldo de Ara\u00fajo. Todos quantos lerem este precioso volumo ficar\u00e3o maravilhados, dando Gra\u00e7as a Deus. Na provecta idade, Rosivaldo produziu uma obra boa e oportuna.<\/p>\n<p style=\"text-align: right;\">Do amigo, En\u00e9as Tognini, Conven\u00e7\u00e3o Batista Nacional, Igreja Batista do Povo ( Vila Mariana, S\u00e3o Paulo).<\/p>\n<p>&nbsp;<\/p>\n<p>Esta leitura chega em tempo prop\u00edcio. Um legado para as pr\u00f3ximas gera\u00e7\u00f5es, escondido nesta narrativa inspiradora, que nos conta a preciosa obra de Renova\u00e7\u00e3o Espiritual, principalmente no norte e nordeste, quando Deus, usando vidas, como a do Pr. ROsivaldo e outros, como Seus instrumentos, derramou Seu Esp\u00edrito, trazendo esperan\u00e7a e vigor numa \u00e9poca de grande fome e sequid\u00e3o. Ningu\u00e9m Det\u00e9m, \u00e9 obra Santa!.<\/p>\n<p style=\"text-align: right;\">Pr. Jos\u00e9 R\u00eago J\u00fanior, Igreja Batista de Carlos Prates, Escola B\u00edblica Bereia (Belo Horizonte, MG).<\/p>\n<p>&nbsp;<\/p>\n<p style=\"text-align: left;\">Pastor Rosivaldo de Ara\u00fajo, bem mais que um l\u00edder, mais que um pastor: um \u00edcone da Igreja Evang\u00e9lica brasileira. Um homem singular. Minha vida e minist\u00e9rio est\u00e3o entre os milhares de pastores e l\u00edderes marcados pela obra do Pr. Rosivaldo de Ara\u00fajo, especialmente em duas \u00e1reas: a tem\u00e1tica do Esp\u00edrito Santo e a prega\u00e7\u00e3o sobre santidade. Quem poderia esquecer o hino &#8221;Obra Santa&#8221;, transformado em um dos cl\u00e1ssicos da nossa hinologia evang\u00e9lica? Ainda hoje, quando o cantamos, a hist\u00f3ria vivida no cen\u00e1rio das igrejas evang\u00e9licas no Brasil, entre o final dos anos de 1960 e as d\u00e9cadas de 1970 e 1980, acende emo\u00e7\u00f5es e desafios vividos por todos n\u00f3s, como tamb\u00e9m acorda muitas lembran\u00e7as adormecidas em nossa consci\u00eancia espiritual, ricas de profundas experi\u00eancias com Deu. Nossa gratid\u00e3o, uma d\u00e1diva de Deus para todos n\u00f3s que amamos, trabalhamos e sonhamos com a obra do Senhor &#8211; sempre uma obra santa do Esp\u00edrito.<\/p>\n<p style=\"text-align: right;\">Estevam Fernandes de Oliveira, pastor da primeira Igreja Batista de Jo\u00e3o Pessoa, Presidente da Associa\u00e7\u00e3o dos Pastores Evang\u00e9licos da Para\u00edba (APEP) e presidente da Ordem dos Pastores Batistas do Brasil (OPBB) da Conven\u00e7\u00e3o Batista Brasileira.<\/p>\n<p>\u00a0Conhecido por muitos como a Marselhesa Evang\u00e9lica, o hino &#8221;Obra Santa&#8221; e o Pr. Rosivaldo se confundem numa s\u00f3 pe\u00e7a, ungida, aben\u00e7oada e rica da gra\u00e7a de Deus. Fogo do Esp\u00edrito Santo varrendo o Brasil! Paradigmas sendo quebrados! Denomina\u00e7\u00f5es hist\u00f3ricas sob un\u00e7\u00e3o do c\u00e9u! Em meio a isso tudo, a certeza: &#8221;NINGU\u00c9M DET\u00c9M!&#8221; Hoje, com alegria e honra, recomendo este livro e sei que vidas ser\u00e3o atingidas pela leitura do mesmo. Obrigado, Senhor.<\/p>\n<p style=\"text-align: right;\">Rev. Alexandre Ximenes, Igreja Episcopal Carism\u00e1tica do Brasil, Bispo da Diocese Zona Sul do Recife.<\/p>\n","protected":false},"featured_media":2086,"template":"","meta":[],"product_cat":[111,97,121],"product_tag":[],"class_list":["post-2097","product","type-product","status-publish","has-post-thumbnail","hentry","product_cat-111","product_cat-livros","product_cat-missoes-nacionais","product_shipping_class-domestic"],"_links":{"self":[{"href":"https:\/\/lerban.com.br\/loja\/wp-json\/wp\/v2\/product\/2097"}],"collection":[{"href":"https:\/\/lerban.com.br\/loja\/wp-json\/wp\/v2\/product"}],"about":[{"href":"https:\/\/lerban.com.br\/loja\/wp-json\/wp\/v2\/types\/product"}],"wp:featuredmedia":[{"embeddable":true,"href":"https:\/\/lerban.com.br\/loja\/wp-json\/wp\/v2\/media\/2086"}],"wp:attachment":[{"href":"https:\/\/lerban.com.br\/loja\/wp-json\/wp\/v2\/media?parent=2097"}],"wp:term":[{"taxonomy":"product_cat","embeddable":true,"href":"https:\/\/lerban.com.br\/loja\/wp-json\/wp\/v2\/product_cat?post=2097"},{"taxonomy":"product_tag","embeddable":true,"href":"https:\/\/lerban.com.br\/loja\/wp-json\/wp\/v2\/product_tag?post=2097"}],"curies":[{"name":"wp","href":"https:\/\/api.w.org\/{rel}","templated":true}]}}