{"id":2094,"date":"2018-06-15T14:04:25","date_gmt":"2018-06-15T17:04:25","guid":{"rendered":"https:\/\/lerban.com.br\/loja\/?post_type=product&#038;p=2094"},"modified":"2026-02-13T00:02:03","modified_gmt":"2026-02-13T03:02:03","slug":"visao-direcionada","status":"publish","type":"product","link":"https:\/\/lerban.com.br\/loja\/shop\/livros\/visao-direcionada\/","title":{"rendered":"Vis\u00e3o Direcionada"},"content":{"rendered":"<p>Vis\u00e3o Direcionada | De olho no X da quest\u00e3o<\/p>\n<p>Autor: Aluisio Moreira<\/p>\n<p>96 p\u00e1ginas<\/p>\n","protected":false},"excerpt":{"rendered":"<p>Vis\u00e3o Direcionada | De olho no X da quest\u00e3o Autor: Aluisio Moreira 96 p\u00e1ginas<\/p>\n","protected":false},"featured_media":2091,"template":"","meta":[],"product_cat":[111,97],"product_tag":[],"class_list":["post-2094","product","type-product","status-publish","has-post-thumbnail","hentry","product_cat-111","product_cat-livros","product_shipping_class-domestic"],"_links":{"self":[{"href":"https:\/\/lerban.com.br\/loja\/wp-json\/wp\/v2\/product\/2094"}],"collection":[{"href":"https:\/\/lerban.com.br\/loja\/wp-json\/wp\/v2\/product"}],"about":[{"href":"https:\/\/lerban.com.br\/loja\/wp-json\/wp\/v2\/types\/product"}],"wp:featuredmedia":[{"embeddable":true,"href":"https:\/\/lerban.com.br\/loja\/wp-json\/wp\/v2\/media\/2091"}],"wp:attachment":[{"href":"https:\/\/lerban.com.br\/loja\/wp-json\/wp\/v2\/media?parent=2094"}],"wp:term":[{"taxonomy":"product_cat","embeddable":true,"href":"https:\/\/lerban.com.br\/loja\/wp-json\/wp\/v2\/product_cat?post=2094"},{"taxonomy":"product_tag","embeddable":true,"href":"https:\/\/lerban.com.br\/loja\/wp-json\/wp\/v2\/product_tag?post=2094"}],"curies":[{"name":"wp","href":"https:\/\/api.w.org\/{rel}","templated":true}]}}