{"id":1988,"date":"2000-03-20T13:32:40","date_gmt":"2000-03-20T16:32:40","guid":{"rendered":"https:\/\/lerban.com.br\/loja\/?post_type=product&#038;p=1988"},"modified":"2026-04-29T15:37:20","modified_gmt":"2026-04-29T18:37:20","slug":"conexao-igreja","status":"publish","type":"product","link":"https:\/\/lerban.com.br\/loja\/shop\/jovens-e-adultos\/juventude-conectada\/conexao-igreja\/","title":{"rendered":"JC 03 &#8211; Conex\u00e3o Igreja"},"content":{"rendered":"<p style=\"text-align: center;\">&#8220;Tudo que Deus faz \u00e9 bom! Entretanto, o ser humano tem, a cada dia, tomado decis\u00f5es que favorecem o crescimento de a\u00e7\u00f5es que se op\u00f5em ao que est\u00e1 escrito na B\u00edblia. Assim, o desafio para voc\u00ea \u00e9 a reflex\u00e3o sobre os ensinamentos contidos nesta revista. Acompanhe, atentamente, a leitura da B\u00edblia; permita ao Esp\u00edrito Santo iluminar seu entendimento e o ajudar a assumir os valores crist\u00e3os. Temos a certeza de que Deus o escolheu, querido jovem, para ser um farol a brilhar no meio desta gera\u00e7\u00e3o.&#8221;<\/p>\n<p>Autor: Pr. Filipe Esp\u00edndola<\/p>\n<p><strong>SUM\u00c1RIO<\/strong><\/p>\n<p>01 &#8211; IGREJA: O QUE \u00c9 ISSO?<\/p>\n<p>02 &#8211; IGREJA: PARA QUE SERVE?<\/p>\n<p>03 &#8211; IGREJA: INSTITUI\u00c7\u00c3O<\/p>\n<p>04 &#8211; QUEM \u00c9 O DONO DA IGREJA?<\/p>\n<p>05 &#8211; IGREJA: REBANHO DE OVELHAS<\/p>\n<p>06 &#8211; IGREJA: RAMO DA VIDEIRA<\/p>\n<p>07 &#8211; O CUIDADO DO AGRICULTOR<\/p>\n<p>08 &#8211; IGREJA: SAL DA TERRA E LUZ DO MUNDO<\/p>\n<p>09 &#8211; IGREJA: TRANSFORMANDO PESSOAS EM DISC\u00cdPULOS<\/p>\n<p>10 &#8211; IGREJA: O TRIGO E O JOIO<\/p>\n<p>11 &#8211; IGREJA: O CORPO E SEUS MEMBROS<\/p>\n<p>12 &#8211; COMO A IGREJA PODE SER RELEVANTE?<\/p>\n<p>85 p\u00e1ginas<br \/>\n12 Li\u00e7\u00f5es<br \/>\nFormato: Revista<br \/>\nP\u00fablico Alvo: Jovens<\/p>\n<p>&nbsp;<\/p>\n<p>Baixe o pdf com a primeira li\u00e7\u00e3o <a href=\"https:\/\/lerban.com.br\/loja\/sample\/conex-03.pdf\"><strong>clicando aqui<\/strong><\/a>.<\/p>\n","protected":false},"excerpt":{"rendered":"<p>Autor: Pr. Filipe Esp\u00edndola<\/p>\n<p>&nbsp;<\/p>\n<p>A s\u00e9rie Juventude Conectada \u00e9 um esfor\u00e7o da LERBAN em alcan\u00e7ar cada vez mais a juventude espalhada por v\u00e1rias igrejas em nossa na\u00e7\u00e3o. V\u00e3o ser publicadas quatro revistas com temas apropriados para o crescimento dos jovens.<\/p>\n<p>\u00c9 not\u00f3rio o processo de invers\u00e3o de valores que a sociedade atual tenta emplacar em nossa gera\u00e7\u00e3o. Por exemplo, \u00e9 rotineiro nos depararmos com filhos que n\u00e3o aprenderam ou n\u00e3o se prepararam para serem pais; por sua vez; \u00e9 f\u00e1cil encontramos pais que pouco oferecem ao filhos os valores cristoc\u00eantricos. Nesse processo de aliena\u00e7\u00e3o, em rela\u00e7\u00e3o aos princ\u00edpios b\u00edblicos, nossa sociedade caminha sem dire\u00e7\u00e3o.<\/p>\n<p>Tudo que Deus faz \u00e9 bom! Entretanto, o ser humano tem, a cada dia, tomado decis\u00f5es que favorecem o crescimento de a\u00e7\u00f5es que se op\u00f5em ao que est\u00e1 escrito na b\u00edblia. Assim, o desafio para voc\u00ea \u00e9 a reflex\u00e3o sobre os ensinamentos contidos nesta revista. Acompanhe, atentamente,\u00a0 a leitura da b\u00edblia; permita ao Esp\u00edrito Santo iluminar seu entendimento e o ajudar a assumir os valores crist\u00e3os. Temos a certeza de que Deus o escolheu, querido jovem, para ser u, farol a brilhar no meio desta gera\u00e7\u00e3o. Cremos que se voc\u00ea viver de acordo com os princ\u00edpios, aqui, estudados, colher\u00e1 as b\u00ean\u00e7\u00e3os de Deus, e inspirar\u00e1 outros jovens a conhecer e prosseguir no caminho do nosso Senhor e Salvador Jesus Cristo.<\/p>\n<p>Assim como um explorador precisa de uma b\u00fassola e um mapa para as suas descobertas, voc\u00ea precisa da palavra de Deus para fazer as suas. Ele ir\u00e1 ajud\u00e1-lo em sua caminhada, indicando o norte a seguir. Deus conhece voc\u00ea pessoalmente e sabe tudo que se passa em sua vida. Ele o criou e sabe quais s\u00e3o as palavras de vida que precisa ouvir! Deus pode restaurar, curar, transformar e dar a sua vida um novo prop\u00f3sito.<\/p>\n<p>Voc\u00ea aceita? Ent\u00e3o, vamos l\u00e1!<\/p>\n","protected":false},"featured_media":1990,"template":"","meta":[],"product_cat":[78],"product_tag":[135],"class_list":["post-1988","product","type-product","status-publish","has-post-thumbnail","hentry","product_cat-juventude-conectada","product_tag-juventude-conectada","product_shipping_class-domestic"],"_links":{"self":[{"href":"https:\/\/lerban.com.br\/loja\/wp-json\/wp\/v2\/product\/1988"}],"collection":[{"href":"https:\/\/lerban.com.br\/loja\/wp-json\/wp\/v2\/product"}],"about":[{"href":"https:\/\/lerban.com.br\/loja\/wp-json\/wp\/v2\/types\/product"}],"wp:featuredmedia":[{"embeddable":true,"href":"https:\/\/lerban.com.br\/loja\/wp-json\/wp\/v2\/media\/1990"}],"wp:attachment":[{"href":"https:\/\/lerban.com.br\/loja\/wp-json\/wp\/v2\/media?parent=1988"}],"wp:term":[{"taxonomy":"product_cat","embeddable":true,"href":"https:\/\/lerban.com.br\/loja\/wp-json\/wp\/v2\/product_cat?post=1988"},{"taxonomy":"product_tag","embeddable":true,"href":"https:\/\/lerban.com.br\/loja\/wp-json\/wp\/v2\/product_tag?post=1988"}],"curies":[{"name":"wp","href":"https:\/\/api.w.org\/{rel}","templated":true}]}}