{"id":1631,"date":"2000-01-01T15:13:18","date_gmt":"2000-01-01T18:13:18","guid":{"rendered":"https:\/\/lerban.com.br\/loja\/?post_type=product&#038;p=1631"},"modified":"2026-03-12T21:29:55","modified_gmt":"2026-03-13T00:29:55","slug":"uma-bencao-chamada-crise","status":"publish","type":"product","link":"https:\/\/lerban.com.br\/loja\/shop\/livros\/uma-bencao-chamada-crise\/","title":{"rendered":"Uma Ben\u00e7\u00e3o Chamada Crise"},"content":{"rendered":"<p><strong>Autor: F\u00e1bio Amador<\/strong><\/p>\n<p>\u00c9 com alegria e profunda honra que fa\u00e7o esse breve pref\u00e1cio da obra de F\u00e1bio Amador sobre a import\u00e2ncia aben\u00e7oadora das crises.<br \/>\nDe fato, falar que algo que produz tristeza, dor, incertezas, l\u00e1grimas e descontentamentos pode ser fonte de crescimento e transforma\u00e7\u00e3o,<br \/>\nparece algo sem sentido, especialmente em um tempo onde o prazer a todo custo marca a natureza hedonista de nossa sociedade contempor\u00e2nea, que idolatra o imediatismo e rejeita a disciplina.<br \/>\nO autor, de maneira simples e profunda, foi capaz de analisar v\u00e1rios temas teol\u00f3gicos de import\u00e2ncia basilar, sem descuidar do cora\u00e7\u00e3o do leitor e olhando com compaix\u00e3o para as almas cansadas e sobrecarregadas, habilidade que poucos det\u00eam.<br \/>\nO livro equilibra sabedoria b\u00edblica, hist\u00f3rias de supera\u00e7\u00e3o e sensibilidade pastoral, de uma maneira magistral e transbordante de gra\u00e7a e verdade, o que diferencia a obra de um livro de autoajuda, assim como de um comp\u00eandio insosso de teologia insens\u00edvel.<br \/>\nSem d\u00favida, a obra que est\u00e1 em suas m\u00e3os ser\u00e1 uma fonte de inspira\u00e7\u00e3o, consolo, \u00e2nimo e aprendizado, \u00e0 medida que o Deus dos montes e dos vales caminhar como voc\u00ea pelas estradas da vida e ensinar-lhe, como ningu\u00e9m, que mesmo no meio das maiores crises, o Senhor da Vida tem sempre algo maravilhoso para os que Nele esperam e confiam.<\/p>\n<p>Seja aben\u00e7oado como eu fui com esse livro que nasceu para produzir transforma\u00e7\u00e3o e vida abundante.<\/p>\n<p>Deus aben\u00e7oe voc\u00ea!<\/p>\n<p>&nbsp;<\/p>\n<p><strong>S\u00e9rgio Queiroz<\/strong><br \/>\nMestre em Filosofia pela UFPB e doutor em Minist\u00e9rio pela Trinity Evangelical Divinity School (EUA).<br \/>\nS\u00e9rgio \u00e9 pastor titular da Primeira Igreja Batista do Bessamar, em Jo\u00e3o Pessoa (PB), presidente da Funda\u00e7\u00e3o Cidade Viva e diretor<br \/>\ngeral da Faculdade Internacional Cidade Viva<\/p>\n","protected":false},"excerpt":{"rendered":"<p><strong>Autor: F\u00e1bio Amador<\/strong><\/p>\n","protected":false},"featured_media":1632,"template":"","meta":[],"product_cat":[111,97],"product_tag":[],"class_list":["post-1631","product","type-product","status-publish","has-post-thumbnail","hentry","product_cat-111","product_cat-livros","product_shipping_class-domestic"],"_links":{"self":[{"href":"https:\/\/lerban.com.br\/loja\/wp-json\/wp\/v2\/product\/1631"}],"collection":[{"href":"https:\/\/lerban.com.br\/loja\/wp-json\/wp\/v2\/product"}],"about":[{"href":"https:\/\/lerban.com.br\/loja\/wp-json\/wp\/v2\/types\/product"}],"wp:featuredmedia":[{"embeddable":true,"href":"https:\/\/lerban.com.br\/loja\/wp-json\/wp\/v2\/media\/1632"}],"wp:attachment":[{"href":"https:\/\/lerban.com.br\/loja\/wp-json\/wp\/v2\/media?parent=1631"}],"wp:term":[{"taxonomy":"product_cat","embeddable":true,"href":"https:\/\/lerban.com.br\/loja\/wp-json\/wp\/v2\/product_cat?post=1631"},{"taxonomy":"product_tag","embeddable":true,"href":"https:\/\/lerban.com.br\/loja\/wp-json\/wp\/v2\/product_tag?post=1631"}],"curies":[{"name":"wp","href":"https:\/\/api.w.org\/{rel}","templated":true}]}}