{"id":1627,"date":"2000-01-01T15:02:15","date_gmt":"2000-01-01T18:02:15","guid":{"rendered":"https:\/\/lerban.com.br\/loja\/?post_type=product&#038;p=1627"},"modified":"2026-03-12T21:28:55","modified_gmt":"2026-03-13T00:28:55","slug":"batistas-nacionais-origem-doutrinas-principios-e-praticas","status":"publish","type":"product","link":"https:\/\/lerban.com.br\/loja\/shop\/livros\/batistas-nacionais-origem-doutrinas-principios-e-praticas\/","title":{"rendered":"Batistas Nacionais &#8211; Origem, doutrinas, princ\u00edpios e pr\u00e1ticas"},"content":{"rendered":"<p>Neste livro o autor Hebert Borges, retrata com clareza fatos hist\u00f3ricos e temas como: Um povo chamado batista; O que significa ser batista? A sutil diferen\u00e7a entre doutrinas e princ\u00edpios; Os Batistas Nacionais e sua declara\u00e7\u00e3o de f\u00e9, entre outros.<\/p>\n<p>A <strong>LERBAN <\/strong>tem o prazer de publicar e fazer chegar at\u00e9 voc\u00ea, mais uma obra de retrata\u00e7\u00e3o da hist\u00f3ria dos Batista Nacionais.<\/p>\n","protected":false},"excerpt":{"rendered":"<p>Neste livro o autor Hebert Borges, retrata com clareza fatos hist\u00f3ricos e temas como: Um povo chamado batista; O que significa ser batista? A sutil diferen\u00e7a entre doutrinas e princ\u00edpios; Os Batistas Nacionais e sua declara\u00e7\u00e3o de f\u00e9, entre outros.<\/p>\n<p>&nbsp;<\/p>\n<p>A <strong>LERBAN <\/strong>tem o prazer de publicar e fazer chegar at\u00e9 voc\u00ea, mais uma obra de retrata\u00e7\u00e3o da hist\u00f3ria dos Batista Nacionais.<\/p>\n","protected":false},"featured_media":1628,"template":"","meta":[],"product_cat":[105,97,122],"product_tag":[],"class_list":["post-1627","product","type-product","status-publish","has-post-thumbnail","hentry","product_cat-hebert-borges","product_cat-livros","product_cat-projeto-renovados","product_shipping_class-domestic"],"_links":{"self":[{"href":"https:\/\/lerban.com.br\/loja\/wp-json\/wp\/v2\/product\/1627"}],"collection":[{"href":"https:\/\/lerban.com.br\/loja\/wp-json\/wp\/v2\/product"}],"about":[{"href":"https:\/\/lerban.com.br\/loja\/wp-json\/wp\/v2\/types\/product"}],"wp:featuredmedia":[{"embeddable":true,"href":"https:\/\/lerban.com.br\/loja\/wp-json\/wp\/v2\/media\/1628"}],"wp:attachment":[{"href":"https:\/\/lerban.com.br\/loja\/wp-json\/wp\/v2\/media?parent=1627"}],"wp:term":[{"taxonomy":"product_cat","embeddable":true,"href":"https:\/\/lerban.com.br\/loja\/wp-json\/wp\/v2\/product_cat?post=1627"},{"taxonomy":"product_tag","embeddable":true,"href":"https:\/\/lerban.com.br\/loja\/wp-json\/wp\/v2\/product_tag?post=1627"}],"curies":[{"name":"wp","href":"https:\/\/api.w.org\/{rel}","templated":true}]}}