{"id":1623,"date":"2000-01-01T14:55:59","date_gmt":"2000-01-01T17:55:59","guid":{"rendered":"https:\/\/lerban.com.br\/loja\/?post_type=product&#038;p=1623"},"modified":"2026-03-12T21:28:22","modified_gmt":"2026-03-13T00:28:22","slug":"memento-na-faina-de-um-vate","status":"publish","type":"product","link":"https:\/\/lerban.com.br\/loja\/shop\/livros\/memento-na-faina-de-um-vate\/","title":{"rendered":"Memento na Faina De Um Vate"},"content":{"rendered":"<p>Sum\u00e1rio:<\/p>\n<p>&nbsp;<\/p>\n<ol>\n<li>N\u00c3O EXISTE COROA PARA QUEM DESISTE NO MEIO DO CAMINHO<\/li>\n<li>BANQUETE DE UM SONHO<\/li>\n<li>ATR\u00c1S DE BOAS IDEIAS, H\u00c1 SEMPRE UM CR\u00cdTICO DE PLANT\u00c3O<\/li>\n<li>ENDEUSAMENTO DA LIGEIRA E CORRERIA<\/li>\n<li>SUIC\u00cdDIO, \u00c9 UM GRITO POR AJUDA, QUE N\u00c3O FOI OUVIDO A TEMPO<\/li>\n<li>METANIA<\/li>\n<li>N\u00c3O SE CUSPE NO PRATO DE QUE SE COME<\/li>\n<li>CORRETIVO DISCIPLINAR \u00c9 ATO DE QUEM AMA<\/li>\n<li>PUCOS BRA\u00c7OS PARA TANTOS AFOGADOS NA PERDI\u00c7\u00c3O<\/li>\n<li>A MEM\u00d3RIA \u00c9 O EST\u00d4MAGO DA ALMA<\/li>\n<li>SABEDORIA N\u00c3O OCUPA LUGAR<\/li>\n<li>TEMPO DE LEMBRAR<\/li>\n<li>O V\u00cdCIO RELIGIOSO EST\u00c1 ENGOLINDO A VIRTUDE CRIST\u00c3<\/li>\n<li>IDEIAS ALEJADAS<\/li>\n<li>FISCAIS DOS ERROS ALHEIOS<\/li>\n<li>TEMPO INTENSO E EXTENSO, CAUSA ARREPIO NA ESPINHA<\/li>\n<li>O AMOR INICIA QUANDO SENTIMOS S\u00d3, ELE MORRE, QUANDO N\u00d3S DESEJAMOS ESTAR S\u00d3<\/li>\n<li>SEM CONVITE PARA O ENLACE<\/li>\n<li>A ARTE DA PRUD\u00caNCIA<\/li>\n<li>ANATOMIA DA EXTRAVAG\u00c2NCIA<\/li>\n<li>VOC\u00ca N\u00c3O PODE PERMANECER NA CAVERNA<\/li>\n<li>OUVINDO E FALANDO COM OS OLHOS<\/li>\n<li>DEL\u00cdRIO DE NEGA\u00c7\u00c3O<\/li>\n<li>SURTO HUMANO<\/li>\n<li>A MORTE N\u00c3O TEM VERGONHA NA CARA<\/li>\n<li>QUEM EST\u00c1 MONTADO NA VERDADE, N\u00c3O PRECISA DA ESPORA<\/li>\n<li>O HOMEM N\u00c3O \u00c9 MAIS DO QUE A S\u00c9RIE DOS SEUS ATOS<\/li>\n<li>A CONSCI\u00caNCIA RALHOU COMIGO, A N\u00c3O PARAR DE ESCREVER<\/li>\n<li>A VIDA DO DIREITO \u00c9 A LUTA<\/li>\n<li>CRISE DE IDENTIDADE<\/li>\n<li>O QUE FAZER COM A MENTE QUE MENTE?<\/li>\n<li>QUANDO A VIDA ENSINA UMA LI\u00c7\u00c3O<\/li>\n<li>N\u00c3O H\u00c1 FELICIDADES \u00c0S CUSTAS DO ERRADO<\/li>\n<li>PLANTANDO AMIZADES, COLHEM-SE AMIGOS<\/li>\n<li>FISSURA DA MENTE<\/li>\n<li>REFAZENDO O QUE DESFEZ<\/li>\n<li>DESCONTRUINDO UM SER HUMANO<\/li>\n<li>VOC\u00ca AJUDA E DEUS RESOLVE<\/li>\n<li>SEJA PATR\u00c3O DA SUA BOCA PARA N\u00c3O ESCRAVO DAS SUAS PALAVRAS<\/li>\n<li>O EUFEMISMO \u00c9 O \u00c1LIBI DO MAIOR DELIQUENTE CHAMADO IMPUNIDADE<\/li>\n<li>SAUDADE MANDA LEMBRAN\u00c7A<\/li>\n<li>O DIA DO BENEF\u00cdCIO \u00c9 A V\u00c9SPERA DA INGRATID\u00c3O<\/li>\n<\/ol>\n","protected":false},"excerpt":{"rendered":"<p>Autor: Wellington Coelho de Sousa<\/p>\n<p>&nbsp;<\/p>\n<p>O of\u00edcio do cronista \u00e9 sempre d\u00e1 satisfa\u00e7\u00e3o, pois muitos atos e fatos v\u00eam cutucar recorda\u00e7\u00f5es no rec\u00f4ndito da mem\u00f3ria, os quais vou debulhando na ponta das unhas da caneta e peneirando no papel. \u00c9 um b\u00e1lsamo banhando minha alma com l\u00e1grimas ca\u00eddas da bica das minhas retinas. O prov\u00e9rbio irland\u00eas diz que: &#8221;As l\u00e1grimas derramadas s\u00e3o amargas, mas mais amargas s\u00e3o as que n\u00e3o se derramam&#8221;. Ent\u00e3o, deixa-me derramar \u00e1s minhas.<\/p>\n<p>Trago \u00e0 mem\u00f3ria um trecho da p\u00e9rola do padre Zezinho-Utopia: &#8221;Das muitas coisas do meu tempo de crian\u00e7a, guardo vivo na lembran\u00e7a. Meus pais n\u00e3o tinham escola, nem dinheiro todo dia o ano inteiro trabalhava sem parar, a gente nem ligava o importante n\u00e3o faltava, seu sorriso no olhar. Hoje, eu vejo a maravilha de se ter uma fam\u00edlia. Quando tantos n\u00e3o tem-Agora falam do desquite (separa\u00e7\u00e3o Judicial: consensual ou litigiosa) e do div\u00f3rcio. O amor virou cons\u00f3cio compromisso de ningu\u00e9m. Muitos chamam a isso de utopia, eu chamo isso de paz, de fam\u00edlia&#8221;.<\/p>\n","protected":false},"featured_media":1624,"template":"","meta":[],"product_cat":[111,97],"product_tag":[],"class_list":["post-1623","product","type-product","status-publish","has-post-thumbnail","hentry","product_cat-111","product_cat-livros","product_shipping_class-domestic"],"_links":{"self":[{"href":"https:\/\/lerban.com.br\/loja\/wp-json\/wp\/v2\/product\/1623"}],"collection":[{"href":"https:\/\/lerban.com.br\/loja\/wp-json\/wp\/v2\/product"}],"about":[{"href":"https:\/\/lerban.com.br\/loja\/wp-json\/wp\/v2\/types\/product"}],"wp:featuredmedia":[{"embeddable":true,"href":"https:\/\/lerban.com.br\/loja\/wp-json\/wp\/v2\/media\/1624"}],"wp:attachment":[{"href":"https:\/\/lerban.com.br\/loja\/wp-json\/wp\/v2\/media?parent=1623"}],"wp:term":[{"taxonomy":"product_cat","embeddable":true,"href":"https:\/\/lerban.com.br\/loja\/wp-json\/wp\/v2\/product_cat?post=1623"},{"taxonomy":"product_tag","embeddable":true,"href":"https:\/\/lerban.com.br\/loja\/wp-json\/wp\/v2\/product_tag?post=1623"}],"curies":[{"name":"wp","href":"https:\/\/api.w.org\/{rel}","templated":true}]}}