{"id":1611,"date":"2000-01-01T14:40:30","date_gmt":"2000-01-01T17:40:30","guid":{"rendered":"https:\/\/lerban.com.br\/loja\/?post_type=product&#038;p=1611"},"modified":"2026-03-12T21:24:53","modified_gmt":"2026-03-13T00:24:53","slug":"esboco-de-estrategia-e-metodologia-missionaria","status":"publish","type":"product","link":"https:\/\/lerban.com.br\/loja\/shop\/livros\/esboco-de-estrategia-e-metodologia-missionaria\/","title":{"rendered":"Esbo\u00e7o de Estrat\u00e9gia e Metodologia Mission\u00e1ria"},"content":{"rendered":"<p>Autor: Stephenson Soares Araujo<\/p>\n<p><strong>SUM\u00c1RIO<\/strong><\/p>\n<ol>\n<li>Repensando Alguns Conceitos<\/li>\n<li>A Pesquisa<\/li>\n<li>O Planejamento<\/li>\n<li>O Levantamento de Recursos<\/li>\n<li>O Chamamento e o Engajamento de Obreiros<\/li>\n<li>A Capacita\u00e7\u00e3o de Obreiros<\/li>\n<li>A Execu\u00e7\u00e3o dos Trabalhos<\/li>\n<li>O Controle dos Trabalhos<\/li>\n<li>A Atualiza\u00e7\u00e3o ou Forma\u00e7\u00e3o Continuada dos Obreiros<\/li>\n<li>O Sustento dos Obreiros<\/li>\n<li>A Comunica\u00e7\u00e3o Entre a Igreja e o Obreiro<\/li>\n<li>O Remanejamento de Obreiros<\/li>\n<li>O Despertamento e o Envolvimento das Igrejas<\/li>\n<li>A Avalia\u00e7\u00e3o do Desenvolvimento dos Trabalhos<\/li>\n<li>O Amparo ao Obreiro que Retorna<\/li>\n<li>Um Pouco da Hist\u00f3ria da Estrat\u00e9gia Mission\u00e1ria<\/li>\n<li>A Pr\u00e1tica<\/li>\n<li>A M\u00fasica na Vida do Obreiro<\/li>\n<li>A Literatura<\/li>\n<\/ol>\n","protected":false},"excerpt":{"rendered":"<p>Autor: Stephenson Soares de Ara\u00fajo<\/p>\n<p>&nbsp;<\/p>\n<p>Dois mil anos de hist\u00f3ria da igreja por certo, nos deixaram exemplos, claros \u00e0s vezes, obscuros em outras, para os quais a Igreja do Senhor Jesus Cristo, hoje, precisa olhar. N\u00e3o apenas para copi\u00e1-lo ou evit\u00e1-lo, mas, acima de tudo, para fazer uma an\u00e1lise de sua pr\u00f3pria situa\u00e7\u00e3o e, com arrependimento verdadeiro, converte-se de todo o cora\u00e7\u00e3o ao Senhor para fazer exatamente aquilo que Ele quer, como Ele quer, e no tempo que que Ele quer, no lugar em que Ele quer.<\/p>\n<p>A Igreja, atual, precisa aprender com os sucesso e erros que sua hist\u00f3ria nos apresenta. Saber que deve montar planos e estrat\u00e9gias, n\u00e3o por moldes importados, mas avaliados pelo escrut\u00ednio da Palavra de Deus, para sua situa\u00e7\u00e3o contextual, que leve a executar seu prop\u00f3sito, como enviado, Jesus Cristo, disse: &#8221;Assim como tu me enviastes ao mundo, tamb\u00e9m eu os enviei ao mundo&#8221; E sabemos muito bem, a Igreja foi enviada para fazer disc\u00edpulos; nada mais do que isto: fazer disc\u00edpulos.<\/p>\n<p>Nossa quest\u00e3o n\u00e3o \u00e9 contra as ag\u00eancias para-eclesi\u00e1sticas. Nossa quest\u00e3o \u00e9 exclusivamente com a Igreja em estado de contempla\u00e7\u00e3o apenas, sem se aparelhar adequadamente e, consequentemente, deixado de fazer o contento, a tarefa evangelizadora.<\/p>\n","protected":false},"featured_media":1612,"template":"","meta":[],"product_cat":[97,121],"product_tag":[],"class_list":["post-1611","product","type-product","status-publish","has-post-thumbnail","hentry","product_cat-livros","product_cat-missoes-nacionais","product_shipping_class-domestic"],"_links":{"self":[{"href":"https:\/\/lerban.com.br\/loja\/wp-json\/wp\/v2\/product\/1611"}],"collection":[{"href":"https:\/\/lerban.com.br\/loja\/wp-json\/wp\/v2\/product"}],"about":[{"href":"https:\/\/lerban.com.br\/loja\/wp-json\/wp\/v2\/types\/product"}],"wp:featuredmedia":[{"embeddable":true,"href":"https:\/\/lerban.com.br\/loja\/wp-json\/wp\/v2\/media\/1612"}],"wp:attachment":[{"href":"https:\/\/lerban.com.br\/loja\/wp-json\/wp\/v2\/media?parent=1611"}],"wp:term":[{"taxonomy":"product_cat","embeddable":true,"href":"https:\/\/lerban.com.br\/loja\/wp-json\/wp\/v2\/product_cat?post=1611"},{"taxonomy":"product_tag","embeddable":true,"href":"https:\/\/lerban.com.br\/loja\/wp-json\/wp\/v2\/product_tag?post=1611"}],"curies":[{"name":"wp","href":"https:\/\/api.w.org\/{rel}","templated":true}]}}