{"id":1603,"date":"2000-01-01T12:04:51","date_gmt":"2000-01-01T15:04:51","guid":{"rendered":"https:\/\/lerban.com.br\/loja\/?post_type=product&#038;p=1603"},"modified":"2026-03-12T20:33:44","modified_gmt":"2026-03-12T23:33:44","slug":"mementos-de-um-vate","status":"publish","type":"product","link":"https:\/\/lerban.com.br\/loja\/shop\/livros\/mementos-de-um-vate\/","title":{"rendered":"Mementos de Um Vate"},"content":{"rendered":"<p>Sum\u00e1rio:<\/p>\n<p>&nbsp;<\/p>\n<ol>\n<li>DOEN\u00c7A DA ALMA<\/li>\n<li>INQUIETUDE DE LIDERAN\u00c7A<\/li>\n<li>AUS\u00caNCIA PR\u00d3PRIA DO EU<\/li>\n<li>&#8221;A CONSCI\u00caNCIA NOS CHAMA DE LADO&#8221;<\/li>\n<li>&#8221;APRENDENDO COM OS GRANDES&#8221;<\/li>\n<li>APRENDER A COMPREENDER<\/li>\n<li>&#8221;PASTOR, APENAS SERVO&#8221;<\/li>\n<li>&#8221;OLHOS DE LINCE&#8221;<\/li>\n<li>DOIS SAPOS NO LEITE<\/li>\n<li>A EFERVESC\u00caNCIA DO PENSAMENTO<\/li>\n<li>VIT\u00d3RIA DE UMA BATALHA \u00c9 NO SEU IN\u00cdCIO E N\u00c3O NO FIM DELA<\/li>\n<li>&#8221;O HOMEM \u00c9 UM PRESENTE TROCADO POR DEUS&#8221;<\/li>\n<li>&#8221;TRAIR MANCHA A HONRA. N\u00c3O PERDOAR, SUJA A ALMA&#8221;<\/li>\n<li>&#8221;O SAL DAS L\u00c1GRIMAS&#8221;<\/li>\n<li>&#8221;INS\u00cdPIDA VIDA&#8221;<\/li>\n<li>&#8221;CORTEJANDO A VIDA&#8221;<\/li>\n<li>EMBRULHANDO O VAZIO<\/li>\n<li>ENSINAMENTO P\u00c9TRO<\/li>\n<li>ENVOLVIMENTO PASSIONAL COM A FILHA DO L\u00c1PETA (AP.22:15)<\/li>\n<li>L\u00cdDIMAS L\u00c1GRIMAS<\/li>\n<li>&#8221;ENDERE\u00c7O COM HIST\u00d3RIA&#8221;<\/li>\n<li>LAMPEJOS EM DATA COMEMORATIVAS<\/li>\n<li>&#8221;O DIREITO DA ESCOLHA&#8221;<\/li>\n<li>PENSAR COM P-MAI\u00daSCULO<\/li>\n<li>R\u00c3 ESCALADA VIVA NA PANELA<\/li>\n<li>TRISTEZA E DEPRESS\u00c3O: IRM\u00c3S SIAMESES<\/li>\n<li>FA\u00c7A ALGO POR VOC\u00ca<\/li>\n<li>&#8221;O SER HUMANO APRENDE NO SOFRIMENTO E MUITO MAIS NO AMOR&#8221;<\/li>\n<li>CONSTRUTOR DE SONHO<\/li>\n<li>GERA\u00c7\u00c3O DO EM V\u00c3O<\/li>\n<li>&#8221;FILHOS DE OUTRO VENTRE&#8221;<\/li>\n<li>&#8221;O MEDO NOS PRIVA DE NOSSO POTENCIAL&#8221;<\/li>\n<li>BRUMAS DO FUTURO<\/li>\n<li>CHOQUE DE CAR\u00c1TER<\/li>\n<li>AMIGO, SER INDECRIT\u00cdVEL<\/li>\n<\/ol>\n","protected":false},"excerpt":{"rendered":"<p>Autor: Wellington Coelho de Sousa<\/p>\n<p>&nbsp;<\/p>\n<p>Rasgando a minha mente em busca de palavras e imagens guardadas na mem\u00f3ria, cuja suas ra\u00edzes foram plantadas pelas minhas encantadoras professoras, desde o jardim de inf\u00e2ncia, na escola secular e dominical, as quais s\u00e3o igualadas \u00e0 vela, consomem-se dando luz. T\u00e3o \u00e9 verdade, que esse lume jamais apagar\u00e1, continua neste livro e em outras obras.<\/p>\n<p>Professoras e professores s\u00e3o institui\u00e7\u00f5es celestiais por excel\u00eancia na forma\u00e7\u00e3o da personalidade do ser humano em todas as \u00e1reas da vida: f\u00edsica, mental, intelectual, social, moral, \u00e9tica e religiosa.<\/p>\n<p>N\u00e3o temos o direito de fazer as pessoas que venham a n\u00f3s, sa\u00edrem piores ou menos felizes. Espero que o gentil leitor ao deslizar suas lindas retinas nesta obra, possa sentir-se melhor e um pouco mais feliz.<\/p>\n<p>Por favor, se tiver de escolher entre o mundo e o amor, fique sabendo que: &#8221;Se escolher o mundo, jamais encontrar\u00e1 o amor, se escolher o amor, com ele conquistar\u00e1 o mundo&#8221;. (Madre Tereza).<\/p>\n<p>Esta obra foi escrita em dil\u00favio de amor. Espero que ela possa conquistar voc\u00ea.<\/p>\n","protected":false},"featured_media":1604,"template":"","meta":[],"product_cat":[97],"product_tag":[],"class_list":["post-1603","product","type-product","status-publish","has-post-thumbnail","hentry","product_cat-livros","product_shipping_class-domestic"],"_links":{"self":[{"href":"https:\/\/lerban.com.br\/loja\/wp-json\/wp\/v2\/product\/1603"}],"collection":[{"href":"https:\/\/lerban.com.br\/loja\/wp-json\/wp\/v2\/product"}],"about":[{"href":"https:\/\/lerban.com.br\/loja\/wp-json\/wp\/v2\/types\/product"}],"wp:featuredmedia":[{"embeddable":true,"href":"https:\/\/lerban.com.br\/loja\/wp-json\/wp\/v2\/media\/1604"}],"wp:attachment":[{"href":"https:\/\/lerban.com.br\/loja\/wp-json\/wp\/v2\/media?parent=1603"}],"wp:term":[{"taxonomy":"product_cat","embeddable":true,"href":"https:\/\/lerban.com.br\/loja\/wp-json\/wp\/v2\/product_cat?post=1603"},{"taxonomy":"product_tag","embeddable":true,"href":"https:\/\/lerban.com.br\/loja\/wp-json\/wp\/v2\/product_tag?post=1603"}],"curies":[{"name":"wp","href":"https:\/\/api.w.org\/{rel}","templated":true}]}}