{"id":1592,"date":"2018-04-03T11:19:02","date_gmt":"2018-04-03T14:19:02","guid":{"rendered":"https:\/\/lerban.com.br\/loja\/?post_type=product&#038;p=1592"},"modified":"2026-03-18T16:51:53","modified_gmt":"2026-03-18T19:51:53","slug":"oracoes-que-abriram-o-mar-vermelho","status":"publish","type":"product","link":"https:\/\/lerban.com.br\/loja\/shop\/livros\/oracoes-que-abriram-o-mar-vermelho\/","title":{"rendered":"Ora\u00e7\u00f5es Que Abriram o Mar Vermelho"},"content":{"rendered":"<p>Autor: En\u00e9as Tognini<\/p>\n<p><strong>SUM\u00c1RIO<\/strong><\/p>\n<ol>\n<li>PREF\u00c1CIO<\/li>\n<li>ORA\u00c7\u00d5ES QUE ABRIRAM O MAR VERMELHO<\/li>\n<li>LIVRAMENTO NO MAR VERMELHO<\/li>\n<li>UMA ORA\u00c7\u00c3O DIFERENTE<\/li>\n<li>HUMILDE ORA\u00c7\u00c3O<\/li>\n<li>BATALHA DE ORA\u00c7\u00c3O<\/li>\n<li>ORA\u00c7\u00c3O DE JOS\u00c9<\/li>\n<li>O HOMEM QUE ORAVA<\/li>\n<li>ORA\u00c7\u00c3O DE JOSU\u00c9<\/li>\n<li>S\u00daPLICA DE GIDE\u00c3O<\/li>\n<li>ANA &#8211; ORA\u00c7\u00c3O VITORIOSA<\/li>\n<li>S\u00daPLICAS DE DAVI<\/li>\n<li>ELIAS &#8211; ORA\u00c7\u00c3O &#8211; JU\u00cdZO<\/li>\n<li>ORA\u00c7\u00c3O ANGUSTIANTE<\/li>\n<li>ORA\u00c7\u00c3O LIBERTADORA<\/li>\n<li>JANELAS ABERTAS PARA JERUSAL\u00c9M<\/li>\n<li>O PENTECOSTE<\/li>\n<li>AGORA \u00c9 O MUNDO<\/li>\n<li>AT\u00c9 QUE&#8230;<\/li>\n<li>ORA\u00c7\u00c3O DE UM CONDE<\/li>\n<li>O MAR VERMELHO INGL\u00caS<\/li>\n<li>E, AFINAL, O MAR SE ABRIU<\/li>\n<li>QUANDO EU PASSEI O MAR VERMELHO<\/li>\n<\/ol>\n","protected":false},"excerpt":{"rendered":"<p>Autor: En\u00e9as Tognini<\/p>\n<p>&nbsp;<\/p>\n<p>Ora\u00e7\u00f5es que Abriram o Mar Vermelho \u00e9 uma obra rompeu as fronteiras do tempo chegando at\u00e9 n\u00f3s consagrado como um dos maiores cl\u00e1ssicos sobre ora\u00e7\u00e3o. Mais do que um texto teol\u00f3gico este livro traz uma experi\u00eancia de vida do autor: &#8221;Eu passei o Mar Vermelho seguro pela m\u00e3o do Senhor e voc\u00ea tamb\u00e9m passar\u00e1. Como o Senhor me confortou nas horas de sombras, h\u00e1 de conforta-lo, tamb\u00e9m. Como me deu a vit\u00f3ria, lhe dar\u00e1 tamb\u00e9m. Eu passei o Mar Vermelho, numa noite escura e tormentosa, mas amanheci na praia segura e encantadora&#8230;&#8221;<\/p>\n<p>Lendo Ora\u00e7\u00f5es que Abriram o Mar Vermelho voc\u00ea ver\u00e1 que o Deus de Israel \u00e9 o mesmo. Ainda hoje ele pode abrir diante de n\u00f3s, o mar vermelho de persegui\u00e7\u00f5es, de problemas, lutas, dissabores, doen\u00e7as e morte.<\/p>\n","protected":false},"featured_media":1593,"template":"","meta":[],"product_cat":[111,97],"product_tag":[],"class_list":["post-1592","product","type-product","status-publish","has-post-thumbnail","hentry","product_cat-111","product_cat-livros","product_shipping_class-domestic"],"_links":{"self":[{"href":"https:\/\/lerban.com.br\/loja\/wp-json\/wp\/v2\/product\/1592"}],"collection":[{"href":"https:\/\/lerban.com.br\/loja\/wp-json\/wp\/v2\/product"}],"about":[{"href":"https:\/\/lerban.com.br\/loja\/wp-json\/wp\/v2\/types\/product"}],"wp:featuredmedia":[{"embeddable":true,"href":"https:\/\/lerban.com.br\/loja\/wp-json\/wp\/v2\/media\/1593"}],"wp:attachment":[{"href":"https:\/\/lerban.com.br\/loja\/wp-json\/wp\/v2\/media?parent=1592"}],"wp:term":[{"taxonomy":"product_cat","embeddable":true,"href":"https:\/\/lerban.com.br\/loja\/wp-json\/wp\/v2\/product_cat?post=1592"},{"taxonomy":"product_tag","embeddable":true,"href":"https:\/\/lerban.com.br\/loja\/wp-json\/wp\/v2\/product_tag?post=1592"}],"curies":[{"name":"wp","href":"https:\/\/api.w.org\/{rel}","templated":true}]}}