{"id":1588,"date":"2018-04-03T11:06:19","date_gmt":"2018-04-03T14:06:19","guid":{"rendered":"https:\/\/lerban.com.br\/loja\/?post_type=product&#038;p=1588"},"modified":"2026-03-12T14:42:55","modified_gmt":"2026-03-12T17:42:55","slug":"sbei-modulo-2-professor","status":"publish","type":"product","link":"https:\/\/lerban.com.br\/loja\/shop\/adolescentes\/sbei\/sbei-modulo-2-professor\/","title":{"rendered":"SBEI M\u00f3dulo 2 &#8211; Professor"},"content":{"rendered":"<p><strong>PLANO DE CURSO DO VOLUME 2<\/strong><\/p>\n<p>. JESUS E SUA HIST\u00d3RIA &#8211; . A Trindade &#8211; . Nascimento, inf\u00e2ncia e batismo de Jesus &#8211; . Tenta\u00e7\u00e3o, os doze disc\u00edpulos e as bem-aventuran\u00e7as &#8211; . Curas e milagres &#8211; . Morte e ressurrei\u00e7\u00e3o de Jesus &#8211; . Jesus e suas par\u00e1bolas &#8211; . A igreja e Jesus &#8211; . A ora\u00e7\u00e3o de Jesus<\/p>\n<p>. VIDA CRIST\u00c3 &#8211; . Plano de Salva\u00e7\u00e3o e Certeza da Salva\u00e7\u00e3o &#8211; . Evangelismo e Miss\u00f5es &#8211; . O Pre\u00e7o do discipulado<\/p>\n<p>. TESTEMUNHO CRIST\u00c3O &#8211; . O Esp\u00edrito Santo agindo em nosso interior &#8211; . Descobrindo e colocando os dons em pr\u00e1tica &#8211; . Dons espirituais para o servi\u00e7o aos outros &#8211; . O Esp\u00edrito Santo trabalha em nosso car\u00e1ter &#8211; . Somos o vaso e Ele o oleiro<\/p>\n<p>. MEMORIZA\u00c7\u00c3O DAS ESCRITURAS &#8211; . Estudo e memoriza\u00e7\u00e3o da Palavra &#8211; . Como reconhecer a vontade de Deus &#8211; . Como obter auto-estima &#8211; . Como resolver os problemas &#8211; . Como enfrentar o medo<\/p>\n<p>. CASA B\u00cdBLICA &#8211; . Troca-troca &#8211; Antigo e Novo Testamento &#8211; . Troca-troca conhecimentos gerais &#8211; . Antigo Testamento &#8211; . Novo Testamento<\/p>\n","protected":false},"excerpt":{"rendered":"<p>PLANO DE CURSO DO VOLUME 2 . JESUS E SUA HIST\u00d3RIA &#8211; . A Trindade &#8211; . Nascimento, inf\u00e2ncia e batismo de Jesus &#8211; . Tenta\u00e7\u00e3o, os doze disc\u00edpulos e as bem-aventuran\u00e7as &#8211; . Curas e milagres &#8211; . Morte e ressurrei\u00e7\u00e3o de Jesus &#8211; . Jesus e suas par\u00e1bolas &#8211; . A igreja e [&hellip;]<\/p>\n","protected":false},"featured_media":1833,"template":"","meta":[],"product_cat":[111,96],"product_tag":[],"class_list":["post-1588","product","type-product","status-publish","has-post-thumbnail","hentry","product_cat-111","product_cat-sbei","product_shipping_class-domestic"],"_links":{"self":[{"href":"https:\/\/lerban.com.br\/loja\/wp-json\/wp\/v2\/product\/1588"}],"collection":[{"href":"https:\/\/lerban.com.br\/loja\/wp-json\/wp\/v2\/product"}],"about":[{"href":"https:\/\/lerban.com.br\/loja\/wp-json\/wp\/v2\/types\/product"}],"wp:featuredmedia":[{"embeddable":true,"href":"https:\/\/lerban.com.br\/loja\/wp-json\/wp\/v2\/media\/1833"}],"wp:attachment":[{"href":"https:\/\/lerban.com.br\/loja\/wp-json\/wp\/v2\/media?parent=1588"}],"wp:term":[{"taxonomy":"product_cat","embeddable":true,"href":"https:\/\/lerban.com.br\/loja\/wp-json\/wp\/v2\/product_cat?post=1588"},{"taxonomy":"product_tag","embeddable":true,"href":"https:\/\/lerban.com.br\/loja\/wp-json\/wp\/v2\/product_tag?post=1588"}],"curies":[{"name":"wp","href":"https:\/\/api.w.org\/{rel}","templated":true}]}}