{"id":1572,"date":"2018-04-03T10:14:02","date_gmt":"2018-04-03T13:14:02","guid":{"rendered":"https:\/\/lerban.com.br\/loja\/?post_type=product&#038;p=1572"},"modified":"2026-03-12T13:27:57","modified_gmt":"2026-03-12T16:27:57","slug":"frutificando-no-reino-de-deus","status":"publish","type":"product","link":"https:\/\/lerban.com.br\/loja\/shop\/jovens-e-adultos\/estudos-para-celulas\/frutificando-no-reino-de-deus\/","title":{"rendered":"EPC 04 &#8211; Frutificando no Reino de Deus"},"content":{"rendered":"<p><strong>TEM\u00c1RIO<\/strong><\/p>\n<ol>\n<li>TOMANDO A F\u00d4RMA DE CRISTO<\/li>\n<li>APRENDENDO COM JESUS<\/li>\n<li>OUVINDO OS CONSELHOS DA PALAVRA<\/li>\n<li>LIMPANDO O CORA\u00c7\u00c3O DIARIAMENTE<\/li>\n<li>CULTIVANDO MOTIVA\u00c7\u00d5ES CORRETAS<\/li>\n<li>EXERCITANDO A LIBERDADE<\/li>\n<li>PERSEVERANDO NA VIDA CRIST\u00c3<\/li>\n<li>DIZENDO N\u00c3O \u00c0 MURMURA\u00c7\u00c3O<\/li>\n<li>SENDO VERDADEIROS E SINCEROS PARA COM DEUS<\/li>\n<li>TENDO BOM \u00c2NIMO EM QUALQUER CIRCUNST\u00c2NCIA<\/li>\n<li>CRESCENDO NA F\u00c9<\/li>\n<li>FRUTIFICANDO NO REINO<\/li>\n<li>DOMINANDO A L\u00cdNGUA<\/li>\n<\/ol>\n","protected":false},"excerpt":{"rendered":"<p>TEM\u00c1RIO TOMANDO A F\u00d4RMA DE CRISTO APRENDENDO COM JESUS OUVINDO OS CONSELHOS DA PALAVRA LIMPANDO O CORA\u00c7\u00c3O DIARIAMENTE CULTIVANDO MOTIVA\u00c7\u00d5ES CORRETAS EXERCITANDO A LIBERDADE PERSEVERANDO NA VIDA CRIST\u00c3 DIZENDO N\u00c3O \u00c0 MURMURA\u00c7\u00c3O SENDO VERDADEIROS E SINCEROS PARA COM DEUS TENDO BOM \u00c2NIMO EM QUALQUER CIRCUNST\u00c2NCIA CRESCENDO NA F\u00c9 FRUTIFICANDO NO REINO DOMINANDO A L\u00cdNGUA<\/p>\n","protected":false},"featured_media":1573,"template":"","meta":[],"product_cat":[93],"product_tag":[],"class_list":["post-1572","product","type-product","status-publish","has-post-thumbnail","hentry","product_cat-estudos-para-celulas","product_shipping_class-domestic"],"_links":{"self":[{"href":"https:\/\/lerban.com.br\/loja\/wp-json\/wp\/v2\/product\/1572"}],"collection":[{"href":"https:\/\/lerban.com.br\/loja\/wp-json\/wp\/v2\/product"}],"about":[{"href":"https:\/\/lerban.com.br\/loja\/wp-json\/wp\/v2\/types\/product"}],"wp:featuredmedia":[{"embeddable":true,"href":"https:\/\/lerban.com.br\/loja\/wp-json\/wp\/v2\/media\/1573"}],"wp:attachment":[{"href":"https:\/\/lerban.com.br\/loja\/wp-json\/wp\/v2\/media?parent=1572"}],"wp:term":[{"taxonomy":"product_cat","embeddable":true,"href":"https:\/\/lerban.com.br\/loja\/wp-json\/wp\/v2\/product_cat?post=1572"},{"taxonomy":"product_tag","embeddable":true,"href":"https:\/\/lerban.com.br\/loja\/wp-json\/wp\/v2\/product_tag?post=1572"}],"curies":[{"name":"wp","href":"https:\/\/api.w.org\/{rel}","templated":true}]}}