{"id":1566,"date":"2018-04-03T09:55:31","date_gmt":"2018-04-03T12:55:31","guid":{"rendered":"https:\/\/lerban.com.br\/loja\/?post_type=product&#038;p=1566"},"modified":"2026-04-07T18:33:06","modified_gmt":"2026-04-07T21:33:06","slug":"nossa-vida-no-reino-de-deus","status":"publish","type":"product","link":"https:\/\/lerban.com.br\/loja\/shop\/jovens-e-adultos\/estudos-para-celulas\/nossa-vida-no-reino-de-deus\/","title":{"rendered":"EPC 01 &#8211; Nossa Vida no Reino de Deus"},"content":{"rendered":"<p><strong>TEM\u00c1RIO<\/strong><\/p>\n<ol>\n<li>O REINO E O SERVI\u00c7O<\/li>\n<li>NOVO REINO, NOVO CORA\u00c7\u00c3O<\/li>\n<li>O NASCIMENTO NO NOVO REINO<\/li>\n<li>O REI DO NOVO REINO<\/li>\n<li>O CRESCIMENTO DO NOVO REINO<\/li>\n<li>A CONFIAN\u00c7A NO REI<\/li>\n<li>A ENTRADA NO NOVO REINO<\/li>\n<li>O COMPORTAMENTO DOS S\u00daDITOS NO REINO<\/li>\n<li>CONDI\u00c7\u00d5ES PARA ENTRAR NO REINO<\/li>\n<li>LUTAS E VIT\u00d3RIAS NO REINO<\/li>\n<li>A COMUNH\u00c3O COM O REI<\/li>\n<li>AS LEIS DO REINO<\/li>\n<\/ol>\n","protected":false},"excerpt":{"rendered":"<p>TEM\u00c1RIO O REINO E O SERVI\u00c7O NOVO REINO, NOVO CORA\u00c7\u00c3O O NASCIMENTO NO NOVO REINO O REI DO NOVO REINO O CRESCIMENTO DO NOVO REINO A CONFIAN\u00c7A NO REI A ENTRADA NO NOVO REINO O COMPORTAMENTO DOS S\u00daDITOS NO REINO CONDI\u00c7\u00d5ES PARA ENTRAR NO REINO LUTAS E VIT\u00d3RIAS NO REINO A COMUNH\u00c3O COM O REI [&hellip;]<\/p>\n","protected":false},"featured_media":1567,"template":"","meta":[],"product_cat":[93],"product_tag":[],"class_list":["post-1566","product","type-product","status-publish","has-post-thumbnail","hentry","product_cat-estudos-para-celulas","product_shipping_class-domestic"],"_links":{"self":[{"href":"https:\/\/lerban.com.br\/loja\/wp-json\/wp\/v2\/product\/1566"}],"collection":[{"href":"https:\/\/lerban.com.br\/loja\/wp-json\/wp\/v2\/product"}],"about":[{"href":"https:\/\/lerban.com.br\/loja\/wp-json\/wp\/v2\/types\/product"}],"wp:featuredmedia":[{"embeddable":true,"href":"https:\/\/lerban.com.br\/loja\/wp-json\/wp\/v2\/media\/1567"}],"wp:attachment":[{"href":"https:\/\/lerban.com.br\/loja\/wp-json\/wp\/v2\/media?parent=1566"}],"wp:term":[{"taxonomy":"product_cat","embeddable":true,"href":"https:\/\/lerban.com.br\/loja\/wp-json\/wp\/v2\/product_cat?post=1566"},{"taxonomy":"product_tag","embeddable":true,"href":"https:\/\/lerban.com.br\/loja\/wp-json\/wp\/v2\/product_tag?post=1566"}],"curies":[{"name":"wp","href":"https:\/\/api.w.org\/{rel}","templated":true}]}}