{"id":1521,"date":"2019-03-28T10:49:00","date_gmt":"2019-03-28T13:49:00","guid":{"rendered":"https:\/\/lerban.com.br\/loja\/wpt\/product\/import-placeholder-for-270\/"},"modified":"2026-04-21T10:43:51","modified_gmt":"2026-04-21T13:43:51","slug":"escola-de-lideres-para-criancas","status":"publish","type":"product","link":"https:\/\/lerban.com.br\/loja\/shop\/igreja-em-celulas-para-criancas\/escola-de-lideres-para-criancas\/escola-de-lideres-para-criancas\/","title":{"rendered":"ELCU &#8211; Escola de L\u00edderes para Crian\u00e7as"},"content":{"rendered":"<p>Autora: Dulcin\u00e9ia Campos Bu\u00e7ard<\/p>\n<p><strong>TEM\u00c1RIO<\/strong><\/p>\n<p>Parte I &#8211; Doutrinas<\/p>\n<ol>\n<li>SALVA\u00c7\u00c3O<\/li>\n<li>NOVA NATUREZA<\/li>\n<li>ARREPENDER DE QU\u00ca?<\/li>\n<li>A B\u00cdBLIA<\/li>\n<li>ORA\u00c7\u00c3O<\/li>\n<li>F\u00c9<\/li>\n<li>BATISMO NAS \u00c1GUAS<\/li>\n<li>O ESP\u00cdRITO SANTO<\/li>\n<li>VENCENDO AS DIFICULDADES<\/li>\n<li>SANTIDADE<\/li>\n<\/ol>\n<p>Parte II &#8211; Vis\u00e3o Celular<\/p>\n<ol>\n<li>C\u00c9LULAS<\/li>\n<li>O L\u00cdDER PREPARADO<\/li>\n<li>AS CRIAN\u00c7AS E A VIS\u00c3O CELULAR<\/li>\n<li>A ESCADA DO SUCESSO I<\/li>\n<li>A ESCADA DO SUCESSO II<\/li>\n<li>AUTORIDADE<\/li>\n<li>O CAR\u00c1TER DO L\u00cdDER<\/li>\n<li>FORMANDO SUA EQUIPE<\/li>\n<li>MANTENDO SUA DECIS\u00c3O I<\/li>\n<li>MANTENDO SUA DECIS\u00c3O II<\/li>\n<\/ol>\n","protected":false},"excerpt":{"rendered":"<p>Autora: Dulcin\u00e9ia Campos Bu\u00e7ard TEM\u00c1RIO Parte I &#8211; Doutrinas SALVA\u00c7\u00c3O NOVA NATUREZA ARREPENDER DE QU\u00ca? A B\u00cdBLIA ORA\u00c7\u00c3O F\u00c9 BATISMO NAS \u00c1GUAS O ESP\u00cdRITO SANTO VENCENDO AS DIFICULDADES SANTIDADE Parte II &#8211; Vis\u00e3o Celular C\u00c9LULAS O L\u00cdDER PREPARADO AS CRIAN\u00c7AS E A VIS\u00c3O CELULAR A ESCADA DO SUCESSO I A ESCADA DO SUCESSO II AUTORIDADE [&hellip;]<\/p>\n","protected":false},"featured_media":1215,"template":"","meta":[],"product_cat":[111,84],"product_tag":[],"class_list":["post-1521","product","type-product","status-publish","has-post-thumbnail","hentry","product_cat-111","product_cat-escola-de-lideres-para-criancas","product_shipping_class-domestic"],"_links":{"self":[{"href":"https:\/\/lerban.com.br\/loja\/wp-json\/wp\/v2\/product\/1521"}],"collection":[{"href":"https:\/\/lerban.com.br\/loja\/wp-json\/wp\/v2\/product"}],"about":[{"href":"https:\/\/lerban.com.br\/loja\/wp-json\/wp\/v2\/types\/product"}],"wp:featuredmedia":[{"embeddable":true,"href":"https:\/\/lerban.com.br\/loja\/wp-json\/wp\/v2\/media\/1215"}],"wp:attachment":[{"href":"https:\/\/lerban.com.br\/loja\/wp-json\/wp\/v2\/media?parent=1521"}],"wp:term":[{"taxonomy":"product_cat","embeddable":true,"href":"https:\/\/lerban.com.br\/loja\/wp-json\/wp\/v2\/product_cat?post=1521"},{"taxonomy":"product_tag","embeddable":true,"href":"https:\/\/lerban.com.br\/loja\/wp-json\/wp\/v2\/product_tag?post=1521"}],"curies":[{"name":"wp","href":"https:\/\/api.w.org\/{rel}","templated":true}]}}