{"id":1514,"date":"2023-04-06T11:48:59","date_gmt":"2023-04-06T14:48:59","guid":{"rendered":"https:\/\/lerban.com.br\/loja\/wpt\/product\/import-placeholder-for-256\/"},"modified":"2026-04-30T13:52:43","modified_gmt":"2026-04-30T16:52:43","slug":"passo-a-passo-com-cristo-1","status":"publish","type":"product","link":"https:\/\/lerban.com.br\/loja\/shop\/discipulado\/passo-a-passo-com-cristo\/passo-a-passo-com-cristo-1\/","title":{"rendered":"PPC 01 &#8211; Passo a Passo com Cristo 1"},"content":{"rendered":"<p>Autor: Jo\u00e3o Le\u00e3o dos Santos Xavier<\/p>\n<p><strong>TEM\u00c1RIO<\/strong><\/p>\n<ol>\n<li>SUA NOVA VIDA<\/li>\n<li>DIFICULDADES NA CAMINHADA<\/li>\n<li>VENCENDO O PECADO<\/li>\n<li>A B\u00cdBLIA &#8211; A PALAVRA DE DEUS<\/li>\n<li>O HOMEM ORIGINAL<\/li>\n<li>A QUEDA DO HOMEM<\/li>\n<li>O HOMEM NATURAL<\/li>\n<li>O PECADO<\/li>\n<li>O ARREPENDIMENTO<\/li>\n<li>A F\u00c9<\/li>\n<li>A ORA\u00c7\u00c3O<\/li>\n<li>O BATISMO CRIST\u00c3O<\/li>\n<li>A CEIA DO SENHOR<\/li>\n<\/ol>\n<p>64 p\u00e1ginas<br \/>\n13 Li\u00e7\u00f5es<br \/>\nFormato: Revista<br \/>\nP\u00fablico Alvo: Discipulados<\/p>\n","protected":false},"excerpt":{"rendered":"<p>A s\u00e9rie \u201cPasso a Passo com Cristo\u201d foi elaborada com o prop\u00f3sito de promover o discipulado, principalmente entre os novos convertidos, mas tamb\u00e9m, para propiciar aos crist\u00e3os experientes uma base doutrin\u00e1ria s\u00f3lida para a vida crist\u00e3. Nesta nova edi\u00e7\u00e3o, a s\u00e9rie \u201cPPC\u201d est\u00e1 de cara nova. O texto do nosso estimado Pr. Jo\u00e3o Le\u00e3o dos Santos Xavier n\u00e3o teve modifica\u00e7\u00f5es, mas foi revisado conforme o Novo Acordo Ortogr\u00e1fico da L\u00edngua Portuguesa de 2016, e a vers\u00e3o b\u00edblica foi substitu\u00edda para a Nova Almeida Atualizada (NAA), 3\u00aaEdi\u00e7\u00e3o de 2017, da Sociedade B\u00edblica do Brasil (SBB), e as capas foram modernizadas.<\/p>\n<p>Esperamos que os crist\u00e3os maduros e novos convertidos apreciem este trabalho, e que a s\u00e9rie \u201cPasso a Passo com Cristo\u201d continue sendo uma b\u00ean\u00e7\u00e3o na vida de tantas pessoas, como \u00e9 at\u00e9 hoje!<\/p>\n<p>Autor: Jo\u00e3o Le\u00e3o dos Santos Xavier<\/p>\n","protected":false},"featured_media":4763,"template":"","meta":[],"product_cat":[80,81],"product_tag":[],"class_list":["post-1514","product","type-product","status-publish","has-post-thumbnail","hentry","product_cat-discipulado","product_cat-passo-a-passo-com-cristo","product_shipping_class-domestic"],"_links":{"self":[{"href":"https:\/\/lerban.com.br\/loja\/wp-json\/wp\/v2\/product\/1514"}],"collection":[{"href":"https:\/\/lerban.com.br\/loja\/wp-json\/wp\/v2\/product"}],"about":[{"href":"https:\/\/lerban.com.br\/loja\/wp-json\/wp\/v2\/types\/product"}],"wp:featuredmedia":[{"embeddable":true,"href":"https:\/\/lerban.com.br\/loja\/wp-json\/wp\/v2\/media\/4763"}],"wp:attachment":[{"href":"https:\/\/lerban.com.br\/loja\/wp-json\/wp\/v2\/media?parent=1514"}],"wp:term":[{"taxonomy":"product_cat","embeddable":true,"href":"https:\/\/lerban.com.br\/loja\/wp-json\/wp\/v2\/product_cat?post=1514"},{"taxonomy":"product_tag","embeddable":true,"href":"https:\/\/lerban.com.br\/loja\/wp-json\/wp\/v2\/product_tag?post=1514"}],"curies":[{"name":"wp","href":"https:\/\/api.w.org\/{rel}","templated":true}]}}