{"id":1513,"date":"2024-05-02T10:48:58","date_gmt":"2024-05-02T13:48:58","guid":{"rendered":"https:\/\/lerban.com.br\/loja\/wpt\/product\/import-placeholder-for-254\/"},"modified":"2026-03-12T22:38:10","modified_gmt":"2026-03-13T01:38:10","slug":"jesus-teologia-da-revelacao-e-da-soberania-divina","status":"publish","type":"product","link":"https:\/\/lerban.com.br\/loja\/shop\/111\/jesus-teologia-da-revelacao-e-da-soberania-divina\/","title":{"rendered":"EE &#8211; Jesus &#8211; Teologia da Revela\u00e7\u00e3o e da Soberania Divina"},"content":{"rendered":"<p>Autor: D\u00e2mocles Vinicius<\/p>\n<p><strong>TEM\u00c1RIO<\/strong><\/p>\n<ol>\n<li>JESUS, O CAMINHO, A VERDADE E A VIDA<\/li>\n<li>JESUS PREEXISTENTE<\/li>\n<li>JESUS O MESSIAS<\/li>\n<li>JESUS, SER HUMANO<\/li>\n<li>JESUS, DEUS CRUCIFICADO<\/li>\n<li>JESUS, FARISEUS E ROMANOS<\/li>\n<li>JESUS RESSUCITOU<\/li>\n<li>JESUS E A NOSSA PROCLAMA\u00c7\u00c3O<\/li>\n<\/ol>\n","protected":false},"excerpt":{"rendered":"<p>Autor: D\u00e2mocles Vinicius TEM\u00c1RIO JESUS, O CAMINHO, A VERDADE E A VIDA JESUS PREEXISTENTE JESUS O MESSIAS JESUS, SER HUMANO JESUS, DEUS CRUCIFICADO JESUS, FARISEUS E ROMANOS JESUS RESSUCITOU JESUS E A NOSSA PROCLAMA\u00c7\u00c3O<\/p>\n","protected":false},"featured_media":1207,"template":"","meta":[],"product_cat":[111],"product_tag":[],"class_list":["post-1513","product","type-product","status-publish","has-post-thumbnail","hentry","product_cat-111","product_shipping_class-domestic"],"_links":{"self":[{"href":"https:\/\/lerban.com.br\/loja\/wp-json\/wp\/v2\/product\/1513"}],"collection":[{"href":"https:\/\/lerban.com.br\/loja\/wp-json\/wp\/v2\/product"}],"about":[{"href":"https:\/\/lerban.com.br\/loja\/wp-json\/wp\/v2\/types\/product"}],"wp:featuredmedia":[{"embeddable":true,"href":"https:\/\/lerban.com.br\/loja\/wp-json\/wp\/v2\/media\/1207"}],"wp:attachment":[{"href":"https:\/\/lerban.com.br\/loja\/wp-json\/wp\/v2\/media?parent=1513"}],"wp:term":[{"taxonomy":"product_cat","embeddable":true,"href":"https:\/\/lerban.com.br\/loja\/wp-json\/wp\/v2\/product_cat?post=1513"},{"taxonomy":"product_tag","embeddable":true,"href":"https:\/\/lerban.com.br\/loja\/wp-json\/wp\/v2\/product_tag?post=1513"}],"curies":[{"name":"wp","href":"https:\/\/api.w.org\/{rel}","templated":true}]}}