{"id":1512,"date":"2024-05-02T10:48:58","date_gmt":"2024-05-02T13:48:58","guid":{"rendered":"https:\/\/lerban.com.br\/loja\/wpt\/product\/import-placeholder-for-252\/"},"modified":"2026-03-12T22:37:57","modified_gmt":"2026-03-13T01:37:57","slug":"deus-teologia-da-revelacao-e-da-soberania-divina","status":"publish","type":"product","link":"https:\/\/lerban.com.br\/loja\/shop\/111\/deus-teologia-da-revelacao-e-da-soberania-divina\/","title":{"rendered":"EE &#8211; Deus &#8211; Teologia da Revela\u00e7\u00e3o e da Soberania Divina"},"content":{"rendered":"<p>Autor: D\u00e2mocles Vinicius<\/p>\n<p><strong>TEM\u00c1RIO<\/strong><\/p>\n<ol>\n<li>ESTUDAR TEOLOGIA<\/li>\n<li>DEUS NOS SISTEMAS<\/li>\n<li>DEUS EXISTE?<\/li>\n<li>REVELA\u00c7\u00c3O DE DEUS<\/li>\n<li>A B\u00cdBLIA DE DEUS<\/li>\n<li>DEUS DE ATRIBUTOS<\/li>\n<li>TRI-UNIDADE DE DEUS<\/li>\n<li>DEUS TEM REINO<\/li>\n<\/ol>\n","protected":false},"excerpt":{"rendered":"<p>Autor: D\u00e2mocles Vinicius TEM\u00c1RIO ESTUDAR TEOLOGIA DEUS NOS SISTEMAS DEUS EXISTE? REVELA\u00c7\u00c3O DE DEUS A B\u00cdBLIA DE DEUS DEUS DE ATRIBUTOS TRI-UNIDADE DE DEUS DEUS TEM REINO<\/p>\n","protected":false},"featured_media":1206,"template":"","meta":[],"product_cat":[111],"product_tag":[],"class_list":["post-1512","product","type-product","status-publish","has-post-thumbnail","hentry","product_cat-111","product_shipping_class-domestic"],"_links":{"self":[{"href":"https:\/\/lerban.com.br\/loja\/wp-json\/wp\/v2\/product\/1512"}],"collection":[{"href":"https:\/\/lerban.com.br\/loja\/wp-json\/wp\/v2\/product"}],"about":[{"href":"https:\/\/lerban.com.br\/loja\/wp-json\/wp\/v2\/types\/product"}],"wp:featuredmedia":[{"embeddable":true,"href":"https:\/\/lerban.com.br\/loja\/wp-json\/wp\/v2\/media\/1206"}],"wp:attachment":[{"href":"https:\/\/lerban.com.br\/loja\/wp-json\/wp\/v2\/media?parent=1512"}],"wp:term":[{"taxonomy":"product_cat","embeddable":true,"href":"https:\/\/lerban.com.br\/loja\/wp-json\/wp\/v2\/product_cat?post=1512"},{"taxonomy":"product_tag","embeddable":true,"href":"https:\/\/lerban.com.br\/loja\/wp-json\/wp\/v2\/product_tag?post=1512"}],"curies":[{"name":"wp","href":"https:\/\/api.w.org\/{rel}","templated":true}]}}