{"id":1506,"date":"2000-03-20T10:48:56","date_gmt":"2000-03-20T13:48:56","guid":{"rendered":"https:\/\/lerban.com.br\/loja\/wpt\/product\/import-placeholder-for-235\/"},"modified":"2026-04-13T17:36:53","modified_gmt":"2026-04-13T20:36:53","slug":"conexao-vida","status":"publish","type":"product","link":"https:\/\/lerban.com.br\/loja\/shop\/jovens-e-adultos\/juventude-conectada\/conexao-vida\/","title":{"rendered":"JC 01 &#8211; Conex\u00e3o Vida"},"content":{"rendered":"<p>Autor: Filipe Esp\u00edndola<\/p>\n<p>100 p\u00e1ginas<\/p>\n<p><strong>TEM\u00c1RIO<\/strong><\/p>\n<ol>\n<li>MINHA SEXUALIDADE<\/li>\n<li>FICAR: A SEMENTE DA RELA\u00c7\u00c3O INST\u00c1VEL<\/li>\n<li>POR QUE CASAR E N\u00c3O APENAS&#8230;CURTIR?<\/li>\n<li>QUANDO O PECADO SE TORNA UMA PRATICA NORMAL<\/li>\n<li>\u00c1LCOOL E DROGAS: CAMINHO LARGO E MORTAL<\/li>\n<li>M\u00daSICA MUNDANA X M\u00daSICA CRIST\u00c3<\/li>\n<li>A TENTA\u00c7\u00c3O: \u00c9 POSS\u00cdVEL NUNCA CAIR?<\/li>\n<li>MUNDO VIRTUAL X MUNDO REAL<\/li>\n<li>DINHEIRO E PODER<\/li>\n<li>QUANTO VALE O QUE OS OUTROS PENSAM?<\/li>\n<li>FASES DA VIDA<\/li>\n<li>PROFISS\u00c3O E MINIST\u00c9RIO: O QUE DEUS QUER DE MIM?<\/li>\n<\/ol>\n<p>99 p\u00e1ginas<br \/>\n12 Li\u00e7\u00f5es<br \/>\nFormato: Revista<br \/>\nP\u00fablico Alvo: Jovens<\/p>\n<p>Baixe o pdf com a primeira li\u00e7\u00e3o <a href=\"https:\/\/lerban.com.br\/loja\/sample\/conex-01.pdf\"><strong>clicando aqui<\/strong><\/a>.<\/p>\n","protected":false},"excerpt":{"rendered":"<p>Autor: Filipe Ahrns Espindola<\/p>\n<p>&nbsp;<\/p>\n<p>A s\u00e9rie Juventude Conectada \u00e9 um esfor\u00e7o da LERBAN em alcan\u00e7ar cada vez mais a juventude espalhada por v\u00e1rias igrejas em nossa na\u00e7\u00e3o. V\u00e3o ser publicadas quatro revistas com temas apropriados para o crescimento dos jovens.<\/p>\n<p>H\u00e1 uma invers\u00e3o de valores muito grande em nossa sociedade. Filhos que n\u00e3o aprenderam ou n\u00e3o se preparam para serem pais; pais que n\u00e3o souberam ofertar aos seus filhos o que receberam de seus pais e neste circulo vicioso, todos se comportam sem dire\u00e7\u00e3o.<\/p>\n<p>Tudo que Deus fez \u00e9 bom, mas o ser humano, n\u00e3o quis obedecer e est\u00e1 colhendo at\u00e9 hoje, as consequ\u00eancias dessa desobedi\u00eancia.<\/p>\n<p>Observe os ensinamentos contidos nesta revista. S\u00e3o princ\u00edpios de vida que, aqueles que praticarem, ser\u00e3o comtemplados com as b\u00ean\u00e7\u00e3os de Deus decorrentes da obedi\u00eancia.<\/p>\n<p>Assim como um navegador precisa de b\u00fassola e de mapa para explorar oceanos, na terra precisamos da Palavra de Deus para nos orientar. Ela \u00e9 a b\u00fassola e o mapa. Na verdade \u00e9 muito do que isso, \u00e9 fonte a jorrar \u00e1gua viva para todo aquele que dela bebe, e mostra os caminhos que conduzem a luz. Creia! Ningu\u00e9m, por mais inteligente que seja, pode realizar em n\u00f3s o que Deus realiza. Somente Ele nos conhece pessoalmente. \u00c9 nosso fabricante. Ele conhece voc\u00ea amado leitor de maneira particular e s\u00f3 Ele pode restaurar e curar, transformar e dar sua vida um novo prop\u00f3sito.<\/p>\n","protected":false},"featured_media":1200,"template":"","meta":[],"product_cat":[78],"product_tag":[135],"class_list":["post-1506","product","type-product","status-publish","has-post-thumbnail","hentry","product_cat-juventude-conectada","product_tag-juventude-conectada","product_shipping_class-domestic"],"_links":{"self":[{"href":"https:\/\/lerban.com.br\/loja\/wp-json\/wp\/v2\/product\/1506"}],"collection":[{"href":"https:\/\/lerban.com.br\/loja\/wp-json\/wp\/v2\/product"}],"about":[{"href":"https:\/\/lerban.com.br\/loja\/wp-json\/wp\/v2\/types\/product"}],"wp:featuredmedia":[{"embeddable":true,"href":"https:\/\/lerban.com.br\/loja\/wp-json\/wp\/v2\/media\/1200"}],"wp:attachment":[{"href":"https:\/\/lerban.com.br\/loja\/wp-json\/wp\/v2\/media?parent=1506"}],"wp:term":[{"taxonomy":"product_cat","embeddable":true,"href":"https:\/\/lerban.com.br\/loja\/wp-json\/wp\/v2\/product_cat?post=1506"},{"taxonomy":"product_tag","embeddable":true,"href":"https:\/\/lerban.com.br\/loja\/wp-json\/wp\/v2\/product_tag?post=1506"}],"curies":[{"name":"wp","href":"https:\/\/api.w.org\/{rel}","templated":true}]}}