{"id":1504,"date":"2018-03-29T10:48:47","date_gmt":"2018-03-29T13:48:47","guid":{"rendered":"https:\/\/lerban.com.br\/loja\/wpt\/product\/import-placeholder-for-231\/"},"modified":"2026-03-12T16:55:36","modified_gmt":"2026-03-12T19:55:36","slug":"profetas-menores","status":"publish","type":"product","link":"https:\/\/lerban.com.br\/loja\/shop\/jovens-e-adultos\/estudando-a-palavra-de-deus\/profetas-menores\/","title":{"rendered":"EPD 19 &#8211; Profetas Menores"},"content":{"rendered":"<p><strong>TEM\u00c1RIO<\/strong><\/p>\n<ol>\n<li>OS PROFETAS EM ISRAEL<\/li>\n<li>A IMPORT\u00c2NCIA DOS PROFETAS MENORES<\/li>\n<li>O MINIST\u00c9RIO DOS PROFETAS<\/li>\n<li>M\u00c9TODOS PROF\u00c9TICOS<\/li>\n<li>O PROFETA OS\u00c9IAS<\/li>\n<li>O PROFETA JOEL<\/li>\n<li>O PROFETA AM\u00d3S<\/li>\n<li>O PROFETA OBADIAS<\/li>\n<li>O PROFETA JONAS<\/li>\n<li>O PROFETA MIQU\u00c9IAS<\/li>\n<li>O PROFETA NAUM<\/li>\n<li>O PROFETA HABACUQUE<\/li>\n<li>O PROFETA SOFONIAS<\/li>\n<li>O PROFETA AGEU<\/li>\n<li>O PROFETA ZACARIAS<\/li>\n<li>O PROFETA MALAQUIAS<\/li>\n<\/ol>\n","protected":false},"excerpt":{"rendered":"<p>TEM\u00c1RIO OS PROFETAS EM ISRAEL A IMPORT\u00c2NCIA DOS PROFETAS MENORES O MINIST\u00c9RIO DOS PROFETAS M\u00c9TODOS PROF\u00c9TICOS O PROFETA OS\u00c9IAS O PROFETA JOEL O PROFETA AM\u00d3S O PROFETA OBADIAS O PROFETA JONAS O PROFETA MIQU\u00c9IAS O PROFETA NAUM O PROFETA HABACUQUE O PROFETA SOFONIAS O PROFETA AGEU O PROFETA ZACARIAS O PROFETA MALAQUIAS<\/p>\n","protected":false},"featured_media":1168,"template":"","meta":[],"product_cat":[111,77,73],"product_tag":[],"class_list":["post-1504","product","type-product","status-publish","has-post-thumbnail","hentry","product_cat-111","product_cat-estudando-a-palavra-de-deus","product_cat-jovens-e-adultos","product_shipping_class-domestic"],"_links":{"self":[{"href":"https:\/\/lerban.com.br\/loja\/wp-json\/wp\/v2\/product\/1504"}],"collection":[{"href":"https:\/\/lerban.com.br\/loja\/wp-json\/wp\/v2\/product"}],"about":[{"href":"https:\/\/lerban.com.br\/loja\/wp-json\/wp\/v2\/types\/product"}],"wp:featuredmedia":[{"embeddable":true,"href":"https:\/\/lerban.com.br\/loja\/wp-json\/wp\/v2\/media\/1168"}],"wp:attachment":[{"href":"https:\/\/lerban.com.br\/loja\/wp-json\/wp\/v2\/media?parent=1504"}],"wp:term":[{"taxonomy":"product_cat","embeddable":true,"href":"https:\/\/lerban.com.br\/loja\/wp-json\/wp\/v2\/product_cat?post=1504"},{"taxonomy":"product_tag","embeddable":true,"href":"https:\/\/lerban.com.br\/loja\/wp-json\/wp\/v2\/product_tag?post=1504"}],"curies":[{"name":"wp","href":"https:\/\/api.w.org\/{rel}","templated":true}]}}