{"id":1495,"date":"2004-03-28T10:48:44","date_gmt":"2004-03-28T13:48:44","guid":{"rendered":"https:\/\/lerban.com.br\/loja\/wpt\/product\/import-placeholder-for-213\/"},"modified":"2026-04-28T17:05:30","modified_gmt":"2026-04-28T20:05:30","slug":"cristianismo-doutrina-e-fe","status":"publish","type":"product","link":"https:\/\/lerban.com.br\/loja\/shop\/jovens-e-adultos\/as-escrituras-novo-testamento\/cristianismo-doutrina-e-fe\/","title":{"rendered":"AENT 04 &#8211; Cristianismo, Doutrina e F\u00e9"},"content":{"rendered":"<p><strong>TEM\u00c1RIO<\/strong><\/p>\n<p>Li\u00e7\u00e3o 1 &#8211; Paulo: O Homem e Seus Escritos<br \/>\nLi\u00e7\u00e3o 2 &#8211; Paulo e o Evangelho<br \/>\nLi\u00e7\u00e3o 3 &#8211; A Ressurrei\u00e7\u00e3o Como Ponto de Partida da Teologia Paulina<br \/>\nLi\u00e7\u00e3o 4 &#8211; O Lugar da Antiga Alian\u00e7a na F\u00e9 Crist\u00e3<br \/>\nLi\u00e7\u00e3o 5 &#8211; A Justifica\u00e7\u00e3o pela F\u00e9, Cerne da F\u00e9 Crist\u00e3<br \/>\nLi\u00e7\u00e3o 6 &#8211; Humanidade Ca\u00edda e Huminidade Restaurada<br \/>\nLi\u00e7\u00e3o 7 &#8211; A \u00c9tica Crist\u00e3 e a Moralidade Paulina<br \/>\nLi\u00e7\u00e3o 8 &#8211; A Cosmovis\u00e3o Paulina<br \/>\nLi\u00e7\u00e3o 9 &#8211; A Escatologia Paulina<br \/>\nLi\u00e7\u00e3o 10 &#8211; O Cristo Encarnado<br \/>\nLi\u00e7\u00e3o 11 &#8211; O Cristo Crucificado<br \/>\nLi\u00e7\u00e3o 12 &#8211; O Cristo Glorificado<br \/>\nLi\u00e7\u00e3o 13 &#8211; O Cristo na Igreja<\/p>\n<p>&nbsp;<\/p>\n<p>92 p\u00e1ginas<br \/>\n13 Li\u00e7\u00f5es<br \/>\nFormato: Revista<br \/>\nP\u00fablico Alvo: Jovens e Adultos<\/p>\n","protected":false},"excerpt":{"rendered":"<p><a href=\"https:\/\/lerban.com.br\/loja\/material-de-apoio-as-escrituras\/\" target=\"_blank\" rel=\"noopener\"><img loading=\"lazy\" decoding=\"async\" class=\"alignnone size-full wp-image-4585\" src=\"https:\/\/lerban.com.br\/loja\/wp-content\/uploads\/2018\/03\/materiais-didatico-AENT.png\" alt=\"\" width=\"364\" height=\"134\" srcset=\"https:\/\/lerban.com.br\/loja\/wp-content\/uploads\/2018\/03\/materiais-didatico-AENT.png 364w, https:\/\/lerban.com.br\/loja\/wp-content\/uploads\/2018\/03\/materiais-didatico-AENT-300x110.png 300w, https:\/\/lerban.com.br\/loja\/wp-content\/uploads\/2018\/03\/materiais-didatico-AENT-150x55.png 150w, https:\/\/lerban.com.br\/loja\/wp-content\/uploads\/2018\/03\/materiais-didatico-AENT-350x129.png 350w\" sizes=\"(max-width: 364px) 100vw, 364px\" \/><\/a><\/p>\n","protected":false},"featured_media":11144,"template":"","meta":[],"product_cat":[111,75,73],"product_tag":[],"class_list":["post-1495","product","type-product","status-publish","has-post-thumbnail","hentry","product_cat-111","product_cat-as-escrituras-novo-testamento","product_cat-jovens-e-adultos","product_shipping_class-domestic"],"_links":{"self":[{"href":"https:\/\/lerban.com.br\/loja\/wp-json\/wp\/v2\/product\/1495"}],"collection":[{"href":"https:\/\/lerban.com.br\/loja\/wp-json\/wp\/v2\/product"}],"about":[{"href":"https:\/\/lerban.com.br\/loja\/wp-json\/wp\/v2\/types\/product"}],"wp:featuredmedia":[{"embeddable":true,"href":"https:\/\/lerban.com.br\/loja\/wp-json\/wp\/v2\/media\/11144"}],"wp:attachment":[{"href":"https:\/\/lerban.com.br\/loja\/wp-json\/wp\/v2\/media?parent=1495"}],"wp:term":[{"taxonomy":"product_cat","embeddable":true,"href":"https:\/\/lerban.com.br\/loja\/wp-json\/wp\/v2\/product_cat?post=1495"},{"taxonomy":"product_tag","embeddable":true,"href":"https:\/\/lerban.com.br\/loja\/wp-json\/wp\/v2\/product_tag?post=1495"}],"curies":[{"name":"wp","href":"https:\/\/api.w.org\/{rel}","templated":true}]}}