{"id":1488,"date":"2005-03-28T10:48:42","date_gmt":"2005-03-28T13:48:42","guid":{"rendered":"https:\/\/lerban.com.br\/loja\/wpt\/product\/import-placeholder-for-198\/"},"modified":"2026-04-28T17:37:27","modified_gmt":"2026-04-28T20:37:27","slug":"salmos-dilemas-e-dramas","status":"publish","type":"product","link":"https:\/\/lerban.com.br\/loja\/shop\/jovens-e-adultos\/as-escrituras-antigo-testamento\/salmos-dilemas-e-dramas\/","title":{"rendered":"AEAT 05 &#8211; Salmos, Dilemas e Dramas"},"content":{"rendered":"<p><strong>TEM\u00c1RIO<\/strong><\/p>\n<ol>\n<li>PROP\u00d3SITO, ESTILO E VALOR DOS SALMOS<\/li>\n<li>LOUVOR E ADORA\u00c7\u00c3O NOS SALMOS<\/li>\n<li>JUSTI\u00c7A E \u00c9TICA NOS SALMOS<\/li>\n<li>ORA\u00c7\u00d5ES, S\u00daPLICAS E IMPRECA\u00c7\u00d5ES<\/li>\n<li>INDAGA\u00c7\u00d5ES E CRISES NOS SALMOS<\/li>\n<li>A PROFECIA NOS SALMOS<\/li>\n<li>A HIST\u00d3RIA REVISTA NOS SALMOS<\/li>\n<li>A TEOLOGIA NOS SALMOS<\/li>\n<li>A QUEST\u00c3O DO LIVRO DE J\u00d3: DATA, AUTORIA E ESTILO<\/li>\n<li>O SOFRIMENTO DO JUSTO<\/li>\n<li>OS AMIGOS DE J\u00d3 E SEUS CONSELHOS<\/li>\n<li>DEUS E J\u00d3, UM DI\u00c1LOGO CONCLUSIVO<\/li>\n<li>A TEOLOGIA DE J\u00d3<\/li>\n<\/ol>\n<p>&nbsp;<\/p>\n<p>80 p\u00e1ginas<br \/>\n13 Li\u00e7\u00f5es<br \/>\nFormato: Revista<br \/>\nP\u00fablico Alvo: Jovens e Adultos<\/p>\n","protected":false},"excerpt":{"rendered":"<p><a href=\"https:\/\/lerban.com.br\/loja\/material-de-apoio-as-escrituras\/\" target=\"_blank\" rel=\"noopener\"><img loading=\"lazy\" decoding=\"async\" class=\"alignnone size-full wp-image-4585\" src=\"https:\/\/lerban.com.br\/loja\/wp-content\/uploads\/2018\/03\/materiais-didatico-AENT.png\" alt=\"\" width=\"364\" height=\"134\" srcset=\"https:\/\/lerban.com.br\/loja\/wp-content\/uploads\/2018\/03\/materiais-didatico-AENT.png 364w, https:\/\/lerban.com.br\/loja\/wp-content\/uploads\/2018\/03\/materiais-didatico-AENT-300x110.png 300w, https:\/\/lerban.com.br\/loja\/wp-content\/uploads\/2018\/03\/materiais-didatico-AENT-150x55.png 150w, https:\/\/lerban.com.br\/loja\/wp-content\/uploads\/2018\/03\/materiais-didatico-AENT-350x129.png 350w\" sizes=\"(max-width: 364px) 100vw, 364px\" \/><\/a><\/p>\n","protected":false},"featured_media":1152,"template":"","meta":[],"product_cat":[111,74,73],"product_tag":[],"class_list":["post-1488","product","type-product","status-publish","has-post-thumbnail","hentry","product_cat-111","product_cat-as-escrituras-antigo-testamento","product_cat-jovens-e-adultos","product_shipping_class-domestic"],"_links":{"self":[{"href":"https:\/\/lerban.com.br\/loja\/wp-json\/wp\/v2\/product\/1488"}],"collection":[{"href":"https:\/\/lerban.com.br\/loja\/wp-json\/wp\/v2\/product"}],"about":[{"href":"https:\/\/lerban.com.br\/loja\/wp-json\/wp\/v2\/types\/product"}],"wp:featuredmedia":[{"embeddable":true,"href":"https:\/\/lerban.com.br\/loja\/wp-json\/wp\/v2\/media\/1152"}],"wp:attachment":[{"href":"https:\/\/lerban.com.br\/loja\/wp-json\/wp\/v2\/media?parent=1488"}],"wp:term":[{"taxonomy":"product_cat","embeddable":true,"href":"https:\/\/lerban.com.br\/loja\/wp-json\/wp\/v2\/product_cat?post=1488"},{"taxonomy":"product_tag","embeddable":true,"href":"https:\/\/lerban.com.br\/loja\/wp-json\/wp\/v2\/product_tag?post=1488"}],"curies":[{"name":"wp","href":"https:\/\/api.w.org\/{rel}","templated":true}]}}