{"id":1487,"date":"2004-10-26T10:48:42","date_gmt":"2004-10-26T13:48:42","guid":{"rendered":"https:\/\/lerban.com.br\/loja\/wpt\/product\/import-placeholder-for-196\/"},"modified":"2026-04-28T17:36:39","modified_gmt":"2026-04-28T20:36:39","slug":"exilio-e-restauracao","status":"publish","type":"product","link":"https:\/\/lerban.com.br\/loja\/shop\/jovens-e-adultos\/as-escrituras-antigo-testamento\/exilio-e-restauracao\/","title":{"rendered":"AEAT 04 &#8211; Ex\u00edlio e Restaura\u00e7\u00e3o"},"content":{"rendered":"<p><strong>TEM\u00c1RIO<\/strong><\/p>\n<ol>\n<li>JERUSAL\u00c9M SITIADA<\/li>\n<li>ADVERT\u00caNCIA CUMPRIDA<\/li>\n<li>O EDITO DE CIRO &#8211; OS DIAS DE ZOROBABEL<\/li>\n<li>ESTER E SEU TEMPO<\/li>\n<li>ENFIM, UM SACERDOTE<\/li>\n<li>REDESCOBRINDO A LEI<\/li>\n<li>NEEMIAS &#8211; DA P\u00c9RSIA A JERUSAL\u00c9M<\/li>\n<li>ESTRAT\u00c9GIAS DE UM L\u00cdDER<\/li>\n<li>MURO, PORTAS E MUITO MAIS<\/li>\n<li>GRANDES IMP\u00c9RIOS NOS DIAS DO AT<\/li>\n<li>PER\u00cdODO INTERB\u00cdBLICO &#8211; IMP\u00c9RIO GREGO-MACED\u00d4NIO<\/li>\n<li>PER\u00cdODO INTERB\u00cdBLICO &#8211; OS MACABEUS<\/li>\n<li>PER\u00cdODO INTERB\u00cdBLICO &#8211; IMP\u00c9RIO ROMANO<\/li>\n<\/ol>\n<p>&nbsp;<\/p>\n<p>96 p\u00e1ginas<br \/>\n13 Li\u00e7\u00f5es<br \/>\nFormato: Revista<br \/>\nP\u00fablico Alvo: Jovens e Adultos<\/p>\n","protected":false},"excerpt":{"rendered":"<p>A Lerban traz at\u00e9 voc\u00ea a NOVAS REVISTA da S\u00e9rie AS ESCRITURAS DO ANTIGO TESTAMENTO &#8211; Revista 4: Ex\u00edlio e Restaura\u00e7\u00e3o<\/p>\n<p>Nesta 2\u00aa edi\u00e7\u00e3o, o texto do Pr. Jos\u00e9 Carlos da Silva passou por revis\u00e3o teol\u00f3gica, a capa foi modernizada, e realizamos a revis\u00e3o para o Novo Acordo Ortogr\u00e1fico da L\u00edngua Portuguesa de 2016, com a atualiza\u00e7\u00e3o da vers\u00e3o b\u00edblica para a Nova Almeida Atualizada (NAA) &#8211; Edi\u00e7\u00e3o Revista e Atualizada, 3\u00aa edi\u00e7\u00e3o de 2017, da Sociedade B\u00edblica do Brasil (SBB).<\/p>\n<p>&nbsp;<\/p>\n<p>Autor: Pr. Jos\u00e9 Carlos da Silva<\/p>\n","protected":false},"featured_media":5712,"template":"","meta":[],"product_cat":[74,73],"product_tag":[],"class_list":["post-1487","product","type-product","status-publish","has-post-thumbnail","hentry","product_cat-as-escrituras-antigo-testamento","product_cat-jovens-e-adultos","product_shipping_class-domestic"],"_links":{"self":[{"href":"https:\/\/lerban.com.br\/loja\/wp-json\/wp\/v2\/product\/1487"}],"collection":[{"href":"https:\/\/lerban.com.br\/loja\/wp-json\/wp\/v2\/product"}],"about":[{"href":"https:\/\/lerban.com.br\/loja\/wp-json\/wp\/v2\/types\/product"}],"wp:featuredmedia":[{"embeddable":true,"href":"https:\/\/lerban.com.br\/loja\/wp-json\/wp\/v2\/media\/5712"}],"wp:attachment":[{"href":"https:\/\/lerban.com.br\/loja\/wp-json\/wp\/v2\/media?parent=1487"}],"wp:term":[{"taxonomy":"product_cat","embeddable":true,"href":"https:\/\/lerban.com.br\/loja\/wp-json\/wp\/v2\/product_cat?post=1487"},{"taxonomy":"product_tag","embeddable":true,"href":"https:\/\/lerban.com.br\/loja\/wp-json\/wp\/v2\/product_tag?post=1487"}],"curies":[{"name":"wp","href":"https:\/\/api.w.org\/{rel}","templated":true}]}}