{"id":1484,"date":"2001-03-28T10:48:41","date_gmt":"2001-03-28T13:48:41","guid":{"rendered":"https:\/\/lerban.com.br\/loja\/wpt\/product\/import-placeholder-for-189\/"},"modified":"2026-04-28T17:29:17","modified_gmt":"2026-04-28T20:29:17","slug":"o-principio-de-tudo","status":"publish","type":"product","link":"https:\/\/lerban.com.br\/loja\/shop\/jovens-e-adultos\/as-escrituras-antigo-testamento\/o-principio-de-tudo\/","title":{"rendered":"AEAT 01 &#8211; O Princ\u00edpio de Tudo"},"content":{"rendered":"<p>Autor: Pr. Jos\u00e9 Carlos da Silva<\/p>\n<p>71 p\u00e1ginas<\/p>\n<p><strong>TEM\u00c1RIO<\/strong><\/p>\n<ol>\n<li>O CRIADOR E SUA CRIA\u00c7\u00c3O<\/li>\n<li>IMAGEM E SEMELHAN\u00c7A<\/li>\n<li>O PARA\u00cdSO PERDIDO<\/li>\n<li>COMO NOS DIAS DE NO\u00c9<\/li>\n<li>NOS DIAS DA ANTIGUIDADE<\/li>\n<li>O PAI DA F\u00c9<\/li>\n<li>O FILHO DA PROMESSA<\/li>\n<li>OBEDI\u00caNCIA EXIGIDA, OFERTA VOLUNT\u00c1RIA<\/li>\n<li>SOBERANIA, ELEI\u00c7\u00c3O E PROP\u00d3SITO<\/li>\n<li>AS VIAGENS DE JAC\u00d3<\/li>\n<li>BETEL, MAANAIM E JABOQUE<\/li>\n<li>A SAGA DE JOS\u00c9 DO EGITO<\/li>\n<li>UM L\u00cdDER PARA UMA GRANDE TAREFA<\/li>\n<\/ol>\n<p>&nbsp;<\/p>\n<p>71 p\u00e1ginas<br \/>\n13 Li\u00e7\u00f5es<br \/>\nFormato: Revista<br \/>\nP\u00fablico Alvo: Jovens e Adultos<\/p>\n","protected":false},"excerpt":{"rendered":"<p><a href=\"https:\/\/lerban.com.br\/loja\/material-de-apoio-as-escrituras\/\" target=\"_blank\" rel=\"noopener\"><img loading=\"lazy\" decoding=\"async\" class=\"alignnone size-full wp-image-4585\" src=\"https:\/\/lerban.com.br\/loja\/wp-content\/uploads\/2018\/03\/materiais-didatico-AENT.png\" alt=\"\" width=\"364\" height=\"134\" srcset=\"https:\/\/lerban.com.br\/loja\/wp-content\/uploads\/2018\/03\/materiais-didatico-AENT.png 364w, https:\/\/lerban.com.br\/loja\/wp-content\/uploads\/2018\/03\/materiais-didatico-AENT-300x110.png 300w, https:\/\/lerban.com.br\/loja\/wp-content\/uploads\/2018\/03\/materiais-didatico-AENT-150x55.png 150w, https:\/\/lerban.com.br\/loja\/wp-content\/uploads\/2018\/03\/materiais-didatico-AENT-350x129.png 350w\" sizes=\"(max-width: 364px) 100vw, 364px\" \/><\/a><\/p>\n","protected":false},"featured_media":13358,"template":"","meta":[],"product_cat":[74,73],"product_tag":[],"class_list":["post-1484","product","type-product","status-publish","has-post-thumbnail","hentry","product_cat-as-escrituras-antigo-testamento","product_cat-jovens-e-adultos","product_shipping_class-domestic"],"_links":{"self":[{"href":"https:\/\/lerban.com.br\/loja\/wp-json\/wp\/v2\/product\/1484"}],"collection":[{"href":"https:\/\/lerban.com.br\/loja\/wp-json\/wp\/v2\/product"}],"about":[{"href":"https:\/\/lerban.com.br\/loja\/wp-json\/wp\/v2\/types\/product"}],"wp:featuredmedia":[{"embeddable":true,"href":"https:\/\/lerban.com.br\/loja\/wp-json\/wp\/v2\/media\/13358"}],"wp:attachment":[{"href":"https:\/\/lerban.com.br\/loja\/wp-json\/wp\/v2\/media?parent=1484"}],"wp:term":[{"taxonomy":"product_cat","embeddable":true,"href":"https:\/\/lerban.com.br\/loja\/wp-json\/wp\/v2\/product_cat?post=1484"},{"taxonomy":"product_tag","embeddable":true,"href":"https:\/\/lerban.com.br\/loja\/wp-json\/wp\/v2\/product_tag?post=1484"}],"curies":[{"name":"wp","href":"https:\/\/api.w.org\/{rel}","templated":true}]}}