{"id":1462,"date":"2018-03-28T10:48:25","date_gmt":"2018-03-28T13:48:25","guid":{"rendered":"https:\/\/lerban.com.br\/loja\/wpt\/product\/import-placeholder-for-147\/"},"modified":"2026-03-30T14:24:56","modified_gmt":"2026-03-30T17:24:56","slug":"igreja-vocacao-e-servicoaluno","status":"publish","type":"product","link":"https:\/\/lerban.com.br\/loja\/shop\/adolescentes\/licoes-de-vida-12-a-15-anos\/igreja-vocacao-e-servicoaluno\/","title":{"rendered":"LV 02A &#8211; Igreja, Voca\u00e7\u00e3o e Servi\u00e7o &#8211; ALUNO"},"content":{"rendered":"<p><strong>TEM\u00c1RIO<\/strong><\/p>\n<ol>\n<li>A IGREJA<\/li>\n<li>OS PRIMEIROS DIAS DA IGREJA<\/li>\n<li>A IGREJA AVAN\u00c7A<\/li>\n<li>O CORPO DE CRISTO<\/li>\n<li>A IGREJA EM NOSSOS DIAS<\/li>\n<li>VOCA\u00c7\u00c3O. O QUE \u00c9?<\/li>\n<li>DESCOBRINDO A VOCA\u00c7\u00c3O<\/li>\n<li>VOCACIONADOS POR JESUS<\/li>\n<li>QUEM SOU EU?<\/li>\n<li>UMA DECIS\u00c3O S\u00c1BIA<\/li>\n<li>A MAIOR DAS DECIS\u00d5ES<\/li>\n<li>DECIS\u00d5ES DI\u00c1RIAS<\/li>\n<li>SERVI\u00c7O<\/li>\n<li>O SERVI\u00c7O CRIST\u00c3O<\/li>\n<li>QUALIDADES DO SERVO DE DEUS<\/li>\n<li>SERVOS DE DEUS EM A\u00c7\u00c3O<\/li>\n<li>SALVOS PARA SERVIR<\/li>\n<\/ol>\n","protected":false},"excerpt":{"rendered":"<p>TEM\u00c1RIO A IGREJA OS PRIMEIROS DIAS DA IGREJA A IGREJA AVAN\u00c7A O CORPO DE CRISTO A IGREJA EM NOSSOS DIAS VOCA\u00c7\u00c3O. O QUE \u00c9? DESCOBRINDO A VOCA\u00c7\u00c3O VOCACIONADOS POR JESUS QUEM SOU EU? UMA DECIS\u00c3O S\u00c1BIA A MAIOR DAS DECIS\u00d5ES DECIS\u00d5ES DI\u00c1RIAS SERVI\u00c7O O SERVI\u00c7O CRIST\u00c3O QUALIDADES DO SERVO DE DEUS SERVOS DE DEUS EM [&hellip;]<\/p>\n","protected":false},"featured_media":1894,"template":"","meta":[],"product_cat":[72],"product_tag":[],"class_list":["post-1462","product","type-product","status-publish","has-post-thumbnail","hentry","product_cat-licoes-de-vida-12-a-15-anos","product_shipping_class-domestic"],"_links":{"self":[{"href":"https:\/\/lerban.com.br\/loja\/wp-json\/wp\/v2\/product\/1462"}],"collection":[{"href":"https:\/\/lerban.com.br\/loja\/wp-json\/wp\/v2\/product"}],"about":[{"href":"https:\/\/lerban.com.br\/loja\/wp-json\/wp\/v2\/types\/product"}],"wp:featuredmedia":[{"embeddable":true,"href":"https:\/\/lerban.com.br\/loja\/wp-json\/wp\/v2\/media\/1894"}],"wp:attachment":[{"href":"https:\/\/lerban.com.br\/loja\/wp-json\/wp\/v2\/media?parent=1462"}],"wp:term":[{"taxonomy":"product_cat","embeddable":true,"href":"https:\/\/lerban.com.br\/loja\/wp-json\/wp\/v2\/product_cat?post=1462"},{"taxonomy":"product_tag","embeddable":true,"href":"https:\/\/lerban.com.br\/loja\/wp-json\/wp\/v2\/product_tag?post=1462"}],"curies":[{"name":"wp","href":"https:\/\/api.w.org\/{rel}","templated":true}]}}