{"id":1442,"date":"2018-03-28T10:48:09","date_gmt":"2018-03-28T13:48:09","guid":{"rendered":"https:\/\/lerban.com.br\/loja\/wpt\/product\/import-placeholder-for-115\/"},"modified":"2026-04-17T16:48:15","modified_gmt":"2026-04-17T19:48:15","slug":"os-patriarcasaluno","status":"publish","type":"product","link":"https:\/\/lerban.com.br\/loja\/shop\/adolescentes\/caminhando-com-deus-9-e-10-anos\/os-patriarcasaluno\/","title":{"rendered":"CD 01A &#8211; Os Patriarcas &#8211; Aluno"},"content":{"rendered":"<p><strong>TEM\u00c1RIO DO LIVRO\u00a0<\/strong><\/p>\n<ol>\n<li>ABRA\u00c3O &#8211; O PAI DA F\u00c9<\/li>\n<li>A MENTIRA TEM PERNAS CURTAS<\/li>\n<li>L\u00d3 GUIADO PELA APAR\u00caNCIA<\/li>\n<li>A PRIMEIRA ENTREGA DO D\u00cdZIMO<\/li>\n<li>DEUS PROMETE UM FILHO A ABRA\u00c3O<\/li>\n<li>NOME NOVO, VIDA NOVA<\/li>\n<li>A INTERCESS\u00c3O DE ABRA\u00c3O<\/li>\n<li>ISAQUE &#8211; O FILHO DO PROMESSA<\/li>\n<li>A GRANDE PROVA<\/li>\n<li>\u00c0 PROCURA DE UMA ESPOSA<\/li>\n<li>JAC\u00d3 E ESA\u00da<\/li>\n<li>UMA HIST\u00d3RIA DE AMOR<\/li>\n<li>A RECONCILIA\u00c7\u00c3O<\/li>\n<li>JOS\u00c9 &#8211; UM ESCOLHIDO<\/li>\n<li>O MAIOR S\u00c1BIO DO REINO<\/li>\n<li>O GRANDE ADMINISTRADOR<\/li>\n<li>MOSTRANDO SUA BONDADE<\/li>\n<\/ol>\n<p>Autores:<br \/>\nElizabeth M. Lopes Paula<br \/>\nIldete Dias de Souza<br \/>\nGisele Keile de Ara\u00fajo<br \/>\nCl\u00e1udio Giomar de Lima<br \/>\nLa\u00eds Terezinha B\u00e1rbaro<br \/>\nTerezinha Parrela<\/p>\n","protected":false},"excerpt":{"rendered":"<p>TEM\u00c1RIO DO LIVRO\u00a0 ABRA\u00c3O &#8211; O PAI DA F\u00c9 A MENTIRA TEM PERNAS CURTAS L\u00d3 GUIADO PELA APAR\u00caNCIA A PRIMEIRA ENTREGA DO D\u00cdZIMO DEUS PROMETE UM FILHO A ABRA\u00c3O NOME NOVO, VIDA NOVA A INTERCESS\u00c3O DE ABRA\u00c3O ISAQUE &#8211; O FILHO DO PROMESSA A GRANDE PROVA \u00c0 PROCURA DE UMA ESPOSA JAC\u00d3 E ESA\u00da UMA [&hellip;]<\/p>\n","protected":false},"featured_media":1067,"template":"","meta":[],"product_cat":[70],"product_tag":[],"class_list":["post-1442","product","type-product","status-publish","has-post-thumbnail","hentry","product_cat-caminhando-com-deus-9-e-10-anos","product_shipping_class-domestic"],"_links":{"self":[{"href":"https:\/\/lerban.com.br\/loja\/wp-json\/wp\/v2\/product\/1442"}],"collection":[{"href":"https:\/\/lerban.com.br\/loja\/wp-json\/wp\/v2\/product"}],"about":[{"href":"https:\/\/lerban.com.br\/loja\/wp-json\/wp\/v2\/types\/product"}],"wp:featuredmedia":[{"embeddable":true,"href":"https:\/\/lerban.com.br\/loja\/wp-json\/wp\/v2\/media\/1067"}],"wp:attachment":[{"href":"https:\/\/lerban.com.br\/loja\/wp-json\/wp\/v2\/media?parent=1442"}],"wp:term":[{"taxonomy":"product_cat","embeddable":true,"href":"https:\/\/lerban.com.br\/loja\/wp-json\/wp\/v2\/product_cat?post=1442"},{"taxonomy":"product_tag","embeddable":true,"href":"https:\/\/lerban.com.br\/loja\/wp-json\/wp\/v2\/product_tag?post=1442"}],"curies":[{"name":"wp","href":"https:\/\/api.w.org\/{rel}","templated":true}]}}