{"id":1436,"date":"2018-03-28T10:48:08","date_gmt":"2018-03-28T13:48:08","guid":{"rendered":"https:\/\/lerban.com.br\/loja\/wpt\/product\/import-placeholder-for-107\/"},"modified":"2026-03-17T21:32:46","modified_gmt":"2026-03-18T00:32:46","slug":"a-historia-da-igreja-aluno","status":"publish","type":"product","link":"https:\/\/lerban.com.br\/loja\/shop\/criancas\/principe-da-paz-7-e-8-anos\/a-historia-da-igreja-aluno\/","title":{"rendered":"PP 05A &#8211; A Hist\u00f3ria da Igreja &#8211;  ALUNO"},"content":{"rendered":"<p><strong>TEM\u00c1RIO DO LIVRO DE HIST\u00d3RIAS<\/strong><\/p>\n<ol>\n<li>UM ACONTECIMENTO ESPECIAL<\/li>\n<li>OS IRM\u00c3OS QUE SE AMAVAM<\/li>\n<li>UM CASAL MENTIROSO<\/li>\n<li>O DI\u00c1CONO EST\u00caV\u00c3O<\/li>\n<li>UMA COSTUREIRA BONDOSA<\/li>\n<li>MILAGRE NA PORTA FORMOSA<\/li>\n<li>UM MILAGRE NA PRIS\u00c3O<\/li>\n<li>UM CIDAD\u00c3O MALVADO<\/li>\n<li>A CONVERS\u00c3O DE SAULO<\/li>\n<li>A VISITA DE ANANIAS<\/li>\n<li>UM HOMEM NO CESTO<\/li>\n<li>BARNAB\u00c9, UM MISSION\u00c1RIO AMOROSO<\/li>\n<li>OS MISSION\u00c1RIOS DE ANTIOQUIA<\/li>\n<li>UMA M\u00daSICA ESPECIAL<\/li>\n<li>TEMPESTADE EM ALTO MAR<\/li>\n<li>CUIDADO, PAULO!<\/li>\n<\/ol>\n<p>Autoras:<br \/>\nNorma Aparecida dos Santos<br \/>\nDorinha Maria Cordeiro<\/p>\n","protected":false},"excerpt":{"rendered":"<p>TEM\u00c1RIO DO LIVRO DE HIST\u00d3RIAS UM ACONTECIMENTO ESPECIAL OS IRM\u00c3OS QUE SE AMAVAM UM CASAL MENTIROSO O DI\u00c1CONO EST\u00caV\u00c3O UMA COSTUREIRA BONDOSA MILAGRE NA PORTA FORMOSA UM MILAGRE NA PRIS\u00c3O UM CIDAD\u00c3O MALVADO A CONVERS\u00c3O DE SAULO A VISITA DE ANANIAS UM HOMEM NO CESTO BARNAB\u00c9, UM MISSION\u00c1RIO AMOROSO OS MISSION\u00c1RIOS DE ANTIOQUIA UMA M\u00daSICA [&hellip;]<\/p>\n","protected":false},"featured_media":1065,"template":"","meta":[],"product_cat":[68],"product_tag":[],"class_list":["post-1436","product","type-product","status-publish","has-post-thumbnail","hentry","product_cat-principe-da-paz-7-e-8-anos","product_shipping_class-domestic"],"_links":{"self":[{"href":"https:\/\/lerban.com.br\/loja\/wp-json\/wp\/v2\/product\/1436"}],"collection":[{"href":"https:\/\/lerban.com.br\/loja\/wp-json\/wp\/v2\/product"}],"about":[{"href":"https:\/\/lerban.com.br\/loja\/wp-json\/wp\/v2\/types\/product"}],"wp:featuredmedia":[{"embeddable":true,"href":"https:\/\/lerban.com.br\/loja\/wp-json\/wp\/v2\/media\/1065"}],"wp:attachment":[{"href":"https:\/\/lerban.com.br\/loja\/wp-json\/wp\/v2\/media?parent=1436"}],"wp:term":[{"taxonomy":"product_cat","embeddable":true,"href":"https:\/\/lerban.com.br\/loja\/wp-json\/wp\/v2\/product_cat?post=1436"},{"taxonomy":"product_tag","embeddable":true,"href":"https:\/\/lerban.com.br\/loja\/wp-json\/wp\/v2\/product_tag?post=1436"}],"curies":[{"name":"wp","href":"https:\/\/api.w.org\/{rel}","templated":true}]}}