{"id":1428,"date":"2018-03-28T10:48:06","date_gmt":"2018-03-28T13:48:06","guid":{"rendered":"https:\/\/lerban.com.br\/loja\/wpt\/product\/import-placeholder-for-95\/"},"modified":"2026-04-17T16:48:15","modified_gmt":"2026-04-17T19:48:15","slug":"a-terra-prometida-aluno","status":"publish","type":"product","link":"https:\/\/lerban.com.br\/loja\/shop\/criancas\/principe-da-paz-7-e-8-anos\/a-terra-prometida-aluno\/","title":{"rendered":"PP 02A &#8211; A Terra Prometida  &#8211;  ALUNO"},"content":{"rendered":"<p><strong>TEM\u00c1RIO DO LIVRO DE HIST\u00d3RIAS<\/strong><\/p>\n<ol>\n<li>O NASCIMENTO DE MOIS\u00c9S<\/li>\n<li>UM MATINHO DIFERENTE<\/li>\n<li>A PROMESSA DA TERRA<\/li>\n<li>OS AVISOS DE DEUS<\/li>\n<li>A VERDADEIRA P\u00c1SCOA<\/li>\n<li>A SA\u00cdDA DOS ISRAELITAS<\/li>\n<li>O MAR VERMELHO<\/li>\n<li>O P\u00c3OZINHO DO C\u00c9U<\/li>\n<li>OS DEZ MANDAMENTOS<\/li>\n<li>UMA GRANDE CONFUS\u00c3O<\/li>\n<li>O VALENTE JOSU\u00c9<\/li>\n<li>UFA! QUE PERIGO!<\/li>\n<li>O MURO CAIU<\/li>\n<li>UM NOVO GOVERNO<\/li>\n<li>A VIDA DE SANS\u00c3O<\/li>\n<li>DEUS RESPONDE \u00c0 ORA\u00c7\u00c3O<\/li>\n<\/ol>\n<p>Autores:<br \/>\nNorma Aparecida dos Santos<br \/>\nElias Pereira de Siqueira<br \/>\nLissandra Braga Rodrigues<br \/>\nMarilzete Mariano da Silva<br \/>\nSueli Alves de Souza Andrade.<\/p>\n","protected":false},"excerpt":{"rendered":"<p>TEM\u00c1RIO DO LIVRO DE HIST\u00d3RIAS O NASCIMENTO DE MOIS\u00c9S UM MATINHO DIFERENTE A PROMESSA DA TERRA OS AVISOS DE DEUS A VERDADEIRA P\u00c1SCOA A SA\u00cdDA DOS ISRAELITAS O MAR VERMELHO O P\u00c3OZINHO DO C\u00c9U OS DEZ MANDAMENTOS UMA GRANDE CONFUS\u00c3O O VALENTE JOSU\u00c9 UFA! QUE PERIGO! O MURO CAIU UM NOVO GOVERNO A VIDA DE [&hellip;]<\/p>\n","protected":false},"featured_media":1062,"template":"","meta":[],"product_cat":[68],"product_tag":[],"class_list":["post-1428","product","type-product","status-publish","has-post-thumbnail","hentry","product_cat-principe-da-paz-7-e-8-anos","product_shipping_class-domestic"],"_links":{"self":[{"href":"https:\/\/lerban.com.br\/loja\/wp-json\/wp\/v2\/product\/1428"}],"collection":[{"href":"https:\/\/lerban.com.br\/loja\/wp-json\/wp\/v2\/product"}],"about":[{"href":"https:\/\/lerban.com.br\/loja\/wp-json\/wp\/v2\/types\/product"}],"wp:featuredmedia":[{"embeddable":true,"href":"https:\/\/lerban.com.br\/loja\/wp-json\/wp\/v2\/media\/1062"}],"wp:attachment":[{"href":"https:\/\/lerban.com.br\/loja\/wp-json\/wp\/v2\/media?parent=1428"}],"wp:term":[{"taxonomy":"product_cat","embeddable":true,"href":"https:\/\/lerban.com.br\/loja\/wp-json\/wp\/v2\/product_cat?post=1428"},{"taxonomy":"product_tag","embeddable":true,"href":"https:\/\/lerban.com.br\/loja\/wp-json\/wp\/v2\/product_tag?post=1428"}],"curies":[{"name":"wp","href":"https:\/\/api.w.org\/{rel}","templated":true}]}}