{"id":1421,"date":"2018-03-10T10:48:03","date_gmt":"2018-03-10T13:48:03","guid":{"rendered":"https:\/\/lerban.com.br\/loja\/wpt\/product\/import-placeholder-for-82\/"},"modified":"2026-04-18T10:20:35","modified_gmt":"2026-04-18T13:20:35","slug":"a-biblia-e-seus-herois-aluno","status":"publish","type":"product","link":"https:\/\/lerban.com.br\/loja\/shop\/criancas\/amiguinhos-de-deus-5-a-6-anos\/a-biblia-e-seus-herois-aluno\/","title":{"rendered":"AD 05A &#8211; A B\u00edblia e Seus Her\u00f3is &#8211;  ALUNO"},"content":{"rendered":"<p><strong>TEM\u00c1RIO DO LIVRO DE HIST\u00d3RIAS<\/strong><\/p>\n<ol>\n<li>MISS\u00c3O SECRETA<\/li>\n<li>SAI DE BAIX\u00d4\u00d4\u00d4\u00d4!!!<\/li>\n<li>VISITANTES MENTIROSOS<\/li>\n<li>A BONDADE DE RUTE<\/li>\n<li>AMIGA PARA SEMPRE<\/li>\n<li>CORAGEM PARA DIZER N\u00c3O<\/li>\n<li>CUIDADO COM O FOGO!<\/li>\n<li>A MENSAGEM NA PAREDE<\/li>\n<li>NO MEIO DOS LE\u00d5ES<\/li>\n<li>SAINDO OU FICANDO, TODOS AJUDANDO<\/li>\n<li>MENTIRA S\u00d3 ATRAPALHA<\/li>\n<li>ESDRAS AMOU A PALAVRA DE DEUS<\/li>\n<li>LEVANTEM ESTES MUROS!<\/li>\n<li>LEIAM O LIVRO DA LEI PARA MIM<\/li>\n<li>MELHOR QUE UM TESOURO<\/li>\n<li>A B\u00cdBLIA MEU MAIOR TESOURO<\/li>\n<\/ol>\n<p>Autoras:<br \/>\nAlexandra Guerra Castanheira<br \/>\nJune Imaculada Soares Vilas Boas Ribeiro<br \/>\nJane L\u00facia Ramos de Souza<\/p>\n","protected":false},"excerpt":{"rendered":"<p>TEM\u00c1RIO DO LIVRO DE HIST\u00d3RIAS MISS\u00c3O SECRETA SAI DE BAIX\u00d4\u00d4\u00d4\u00d4!!! VISITANTES MENTIROSOS A BONDADE DE RUTE AMIGA PARA SEMPRE CORAGEM PARA DIZER N\u00c3O CUIDADO COM O FOGO! A MENSAGEM NA PAREDE NO MEIO DOS LE\u00d5ES SAINDO OU FICANDO, TODOS AJUDANDO MENTIRA S\u00d3 ATRAPALHA ESDRAS AMOU A PALAVRA DE DEUS LEVANTEM ESTES MUROS! LEIAM O LIVRO [&hellip;]<\/p>\n","protected":false},"featured_media":1059,"template":"","meta":[],"product_cat":[67],"product_tag":[],"class_list":["post-1421","product","type-product","status-publish","has-post-thumbnail","hentry","product_cat-amiguinhos-de-deus-5-a-6-anos","product_shipping_class-domestic"],"_links":{"self":[{"href":"https:\/\/lerban.com.br\/loja\/wp-json\/wp\/v2\/product\/1421"}],"collection":[{"href":"https:\/\/lerban.com.br\/loja\/wp-json\/wp\/v2\/product"}],"about":[{"href":"https:\/\/lerban.com.br\/loja\/wp-json\/wp\/v2\/types\/product"}],"wp:featuredmedia":[{"embeddable":true,"href":"https:\/\/lerban.com.br\/loja\/wp-json\/wp\/v2\/media\/1059"}],"wp:attachment":[{"href":"https:\/\/lerban.com.br\/loja\/wp-json\/wp\/v2\/media?parent=1421"}],"wp:term":[{"taxonomy":"product_cat","embeddable":true,"href":"https:\/\/lerban.com.br\/loja\/wp-json\/wp\/v2\/product_cat?post=1421"},{"taxonomy":"product_tag","embeddable":true,"href":"https:\/\/lerban.com.br\/loja\/wp-json\/wp\/v2\/product_tag?post=1421"}],"curies":[{"name":"wp","href":"https:\/\/api.w.org\/{rel}","templated":true}]}}