{"id":1418,"date":"2018-03-09T10:48:01","date_gmt":"2018-03-09T13:48:01","guid":{"rendered":"https:\/\/lerban.com.br\/loja\/wpt\/product\/import-placeholder-for-79\/"},"modified":"2026-03-20T21:26:59","modified_gmt":"2026-03-21T00:26:59","slug":"ouvindo-o-bom-pastor-aluno","status":"publish","type":"product","link":"https:\/\/lerban.com.br\/loja\/shop\/criancas\/amiguinhos-de-deus-5-a-6-anos\/ouvindo-o-bom-pastor-aluno\/","title":{"rendered":"AD 04A &#8211; Ouvindo o Bom Pastor &#8211;  ALUNO"},"content":{"rendered":"<p><strong>TEM\u00c1RIO DO LIVRO DE HIST\u00d3RIAS<\/strong><\/p>\n<ol>\n<li>A OVELHINHA PERDIDA<\/li>\n<li>CAD\u00ca A MOEDA?<\/li>\n<li>O FILHO PERDIDO<\/li>\n<li>QUEM \u00c9 MEU PR\u00d3XIMO?<\/li>\n<li>O HOMEM QUE N\u00c3O QUERIA PERDOAR<\/li>\n<li>ONDE \u00c9 MEU LUGAR?<\/li>\n<li>QUEM \u00c9 O MAIOR?<\/li>\n<li>QUERO VIVER COM JESUS<\/li>\n<li>FERMENTO PARA O BOLO<\/li>\n<li>MINHA PEQUENA LUZ<\/li>\n<li>O AMIGO \u00c0 MEIA NOITE<\/li>\n<li>CUIDADO QUE A CASA CAI<\/li>\n<li>O SEMEADOR<\/li>\n<li>A \u00c1RVORE E SEUS FRUTOS<\/li>\n<li>N\u00c3O ME PREOCUPO, DEUS CUIDA DE MIM!<\/li>\n<li>RECORDANDO O QUE APRENDEU<\/li>\n<\/ol>\n<p>Autoras:<br \/>\nAlexandra Guerra Castanheira<br \/>\nJune Imaculada Soares Vilas Boas Ribeiro<br \/>\nJane L\u00facia Ramos de Souza<\/p>\n","protected":false},"excerpt":{"rendered":"<p>TEM\u00c1RIO DO LIVRO DE HIST\u00d3RIAS A OVELHINHA PERDIDA CAD\u00ca A MOEDA? O FILHO PERDIDO QUEM \u00c9 MEU PR\u00d3XIMO? O HOMEM QUE N\u00c3O QUERIA PERDOAR ONDE \u00c9 MEU LUGAR? QUEM \u00c9 O MAIOR? QUERO VIVER COM JESUS FERMENTO PARA O BOLO MINHA PEQUENA LUZ O AMIGO \u00c0 MEIA NOITE CUIDADO QUE A CASA CAI O SEMEADOR [&hellip;]<\/p>\n","protected":false},"featured_media":1058,"template":"","meta":[],"product_cat":[67],"product_tag":[],"class_list":["post-1418","product","type-product","status-publish","has-post-thumbnail","hentry","product_cat-amiguinhos-de-deus-5-a-6-anos","product_shipping_class-domestic"],"_links":{"self":[{"href":"https:\/\/lerban.com.br\/loja\/wp-json\/wp\/v2\/product\/1418"}],"collection":[{"href":"https:\/\/lerban.com.br\/loja\/wp-json\/wp\/v2\/product"}],"about":[{"href":"https:\/\/lerban.com.br\/loja\/wp-json\/wp\/v2\/types\/product"}],"wp:featuredmedia":[{"embeddable":true,"href":"https:\/\/lerban.com.br\/loja\/wp-json\/wp\/v2\/media\/1058"}],"wp:attachment":[{"href":"https:\/\/lerban.com.br\/loja\/wp-json\/wp\/v2\/media?parent=1418"}],"wp:term":[{"taxonomy":"product_cat","embeddable":true,"href":"https:\/\/lerban.com.br\/loja\/wp-json\/wp\/v2\/product_cat?post=1418"},{"taxonomy":"product_tag","embeddable":true,"href":"https:\/\/lerban.com.br\/loja\/wp-json\/wp\/v2\/product_tag?post=1418"}],"curies":[{"name":"wp","href":"https:\/\/api.w.org\/{rel}","templated":true}]}}