{"id":1416,"date":"2018-03-06T10:47:48","date_gmt":"2018-03-06T13:47:48","guid":{"rendered":"https:\/\/lerban.com.br\/loja\/wpt\/product\/import-placeholder-for-74\/"},"modified":"2026-03-30T14:24:56","modified_gmt":"2026-03-30T17:24:56","slug":"a-biblia-e-as-criancas-aluno","status":"publish","type":"product","link":"https:\/\/lerban.com.br\/loja\/shop\/criancas\/amiguinhos-de-deus-5-a-6-anos\/a-biblia-e-as-criancas-aluno\/","title":{"rendered":"AD 03A &#8211; A B\u00edblia e as Crian\u00e7as &#8211;  ALUNO"},"content":{"rendered":"<p><strong>TEM\u00c1RIO DO LIVRO DE HIST\u00d3RIAS<\/strong><\/p>\n<ol>\n<li>TEM UM BEB\u00ca NO RIO!<\/li>\n<li>R\u00c3S PRA TODO LADO!<\/li>\n<li>SAMUEL, A RESPOSTA DE DEUS<\/li>\n<li>O MENINO QUE ESCUTOU DEUS<\/li>\n<li>O TOCADOR DE HARPAS<\/li>\n<li>CUIDADO! UM GIGANTE!<\/li>\n<li>A MENINA QUE AJUDOU O COMANDANTE<\/li>\n<li>SETE MERGULHOS<\/li>\n<li>TIRANDO O QUE DEUS N\u00c3O GOSTA<\/li>\n<li>JO\u00c1S CONSERTA O TEMPLO<\/li>\n<li>O PEQUENO GRANDE REI<\/li>\n<li>O TESOURO ESCONDIDO<\/li>\n<li>O PLANO MARAVILHOSO DE DEUS<\/li>\n<li>JESUS FOI CRIAN\u00c7A COMO VOC\u00ca<\/li>\n<li>CRESCENDO NAS COISAS DE DEUS<\/li>\n<li>RECORDANDO O QUE APRENDEU<\/li>\n<\/ol>\n<p>Autoras:<br \/>\nAlexandra Guerra Castanheira<br \/>\nJune Imaculada Soares Vilas Boas Ribeiro<br \/>\nJane L\u00facia Ramos de Souza<\/p>\n","protected":false},"excerpt":{"rendered":"<p>TEM\u00c1RIO DO LIVRO DE HIST\u00d3RIAS TEM UM BEB\u00ca NO RIO! R\u00c3S PRA TODO LADO! SAMUEL, A RESPOSTA DE DEUS O MENINO QUE ESCUTOU DEUS O TOCADOR DE HARPAS CUIDADO! UM GIGANTE! A MENINA QUE AJUDOU O COMANDANTE SETE MERGULHOS TIRANDO O QUE DEUS N\u00c3O GOSTA JO\u00c1S CONSERTA O TEMPLO O PEQUENO GRANDE REI O TESOURO [&hellip;]<\/p>\n","protected":false},"featured_media":1030,"template":"","meta":[],"product_cat":[67],"product_tag":[],"class_list":["post-1416","product","type-product","status-publish","has-post-thumbnail","hentry","product_cat-amiguinhos-de-deus-5-a-6-anos","product_shipping_class-domestic"],"_links":{"self":[{"href":"https:\/\/lerban.com.br\/loja\/wp-json\/wp\/v2\/product\/1416"}],"collection":[{"href":"https:\/\/lerban.com.br\/loja\/wp-json\/wp\/v2\/product"}],"about":[{"href":"https:\/\/lerban.com.br\/loja\/wp-json\/wp\/v2\/types\/product"}],"wp:featuredmedia":[{"embeddable":true,"href":"https:\/\/lerban.com.br\/loja\/wp-json\/wp\/v2\/media\/1030"}],"wp:attachment":[{"href":"https:\/\/lerban.com.br\/loja\/wp-json\/wp\/v2\/media?parent=1416"}],"wp:term":[{"taxonomy":"product_cat","embeddable":true,"href":"https:\/\/lerban.com.br\/loja\/wp-json\/wp\/v2\/product_cat?post=1416"},{"taxonomy":"product_tag","embeddable":true,"href":"https:\/\/lerban.com.br\/loja\/wp-json\/wp\/v2\/product_tag?post=1416"}],"curies":[{"name":"wp","href":"https:\/\/api.w.org\/{rel}","templated":true}]}}