{"id":1412,"date":"2018-03-01T10:47:47","date_gmt":"2018-03-01T13:47:47","guid":{"rendered":"https:\/\/lerban.com.br\/loja\/wpt\/product\/import-placeholder-for-65\/"},"modified":"2026-03-29T13:20:45","modified_gmt":"2026-03-29T16:20:45","slug":"o-grande-construtor-aluno","status":"publish","type":"product","link":"https:\/\/lerban.com.br\/loja\/shop\/criancas\/amiguinhos-de-deus-5-a-6-anos\/o-grande-construtor-aluno\/","title":{"rendered":"AD 01A &#8211; O Grande Construtor  &#8211;  ALUNO"},"content":{"rendered":"<p><strong>TEM\u00c1RIO DO LIVRO DE HIST\u00d3RIAS<\/strong><\/p>\n<ol>\n<li>UM COME\u00c7O E TANTO<\/li>\n<li>AD\u00c3O E EVA<\/li>\n<li>UMA OFERTA DE AMOR<\/li>\n<li>PUXA! QUE BARC\u00c3O!<\/li>\n<li>E VEM UM CHUV\u00c3O&#8230;CHUV\u00c3O!<\/li>\n<li>Xiii ! QUE CONFUS\u00c3O<\/li>\n<li>ABRA\u00c3O, SAIA DA\u00cd!<\/li>\n<li>A MULHER QUE VIROU EST\u00c1TUA<\/li>\n<li>DEUS OUVE ISMAEL<\/li>\n<li>QUE PROVA DIF\u00cdCIL<\/li>\n<li>UMA TROCA MAL FEITA<\/li>\n<li>ESTOU DE MAL DE VOC\u00ca<\/li>\n<li>FORA DAQUI, IRM\u00c3OZINHO<\/li>\n<li>NUNCA ESTOU SOZINHO<\/li>\n<li>DA PRIS\u00c3O PARA O PAL\u00c1CIO<\/li>\n<li>NADA DE VINGAN\u00c7A<\/li>\n<li>RECORDANDO O QUE APRENDEU<\/li>\n<\/ol>\n<p>Autoras:<br \/>\nAlexandra Guerra Castanheira<br \/>\nJune Imaculada Soares Vilas Boas Ribeiro<br \/>\nJane L\u00facia Ramos de Souza<\/p>\n","protected":false},"excerpt":{"rendered":"<p>TEM\u00c1RIO DO LIVRO DE HIST\u00d3RIAS UM COME\u00c7O E TANTO AD\u00c3O E EVA UMA OFERTA DE AMOR PUXA! QUE BARC\u00c3O! E VEM UM CHUV\u00c3O&#8230;CHUV\u00c3O! Xiii ! QUE CONFUS\u00c3O ABRA\u00c3O, SAIA DA\u00cd! A MULHER QUE VIROU EST\u00c1TUA DEUS OUVE ISMAEL QUE PROVA DIF\u00cdCIL UMA TROCA MAL FEITA ESTOU DE MAL DE VOC\u00ca FORA DAQUI, IRM\u00c3OZINHO NUNCA ESTOU [&hellip;]<\/p>\n","protected":false},"featured_media":1028,"template":"","meta":[],"product_cat":[67],"product_tag":[],"class_list":["post-1412","product","type-product","status-publish","has-post-thumbnail","hentry","product_cat-amiguinhos-de-deus-5-a-6-anos","product_shipping_class-domestic"],"_links":{"self":[{"href":"https:\/\/lerban.com.br\/loja\/wp-json\/wp\/v2\/product\/1412"}],"collection":[{"href":"https:\/\/lerban.com.br\/loja\/wp-json\/wp\/v2\/product"}],"about":[{"href":"https:\/\/lerban.com.br\/loja\/wp-json\/wp\/v2\/types\/product"}],"wp:featuredmedia":[{"embeddable":true,"href":"https:\/\/lerban.com.br\/loja\/wp-json\/wp\/v2\/media\/1028"}],"wp:attachment":[{"href":"https:\/\/lerban.com.br\/loja\/wp-json\/wp\/v2\/media?parent=1412"}],"wp:term":[{"taxonomy":"product_cat","embeddable":true,"href":"https:\/\/lerban.com.br\/loja\/wp-json\/wp\/v2\/product_cat?post=1412"},{"taxonomy":"product_tag","embeddable":true,"href":"https:\/\/lerban.com.br\/loja\/wp-json\/wp\/v2\/product_tag?post=1412"}],"curies":[{"name":"wp","href":"https:\/\/api.w.org\/{rel}","templated":true}]}}