{"id":1400,"date":"2018-03-28T10:47:45","date_gmt":"2018-03-28T13:47:45","guid":{"rendered":"https:\/\/lerban.com.br\/loja\/wpt\/product\/import-placeholder-for-mt1\/"},"modified":"2026-03-20T21:26:59","modified_gmt":"2026-03-21T00:26:59","slug":"foi-deus-quem-fez","status":"publish","type":"product","link":"https:\/\/lerban.com.br\/loja\/shop\/criancas\/maternalzinho-1-e-2-anos\/foi-deus-quem-fez\/","title":{"rendered":"MT 01 &#8211; Foi Deus Quem Fez!"},"content":{"rendered":"<p>TEM\u00c1RIO<\/p>\n<ol>\n<li>DEUS CRIOU A LUZ<\/li>\n<li>DEUS CRIOU O DIA E A NOITE<\/li>\n<li>DEUS FEZ SEPARA\u00c7\u00c3O DAS \u00c1GUAS<\/li>\n<li>DEUS FEZ \u00c1GUA BOA<\/li>\n<li>DEUS FEZ A TERRA E AS PLANTINHAS<\/li>\n<li>QUE BOM QUE DEUS FEZ AS PLANTAS!<\/li>\n<li>DEUS FEZ O SOL PARA O DIA<\/li>\n<li>DEUS FEZ A LUA E AS ESTRELAS PARA A NOITE<\/li>\n<li>DEUS FEZ AS AVES<\/li>\n<li>DEUS FEZ OS PEIXES<\/li>\n<li>BICHOS PARA TODO LADO<\/li>\n<li>DEUS FEZ AS PESSOAS<\/li>\n<li>DEUS ME FEZ<\/li>\n<li>O DESCANSO<\/li>\n<li>DEUS DESCANSOU<\/li>\n<li>DEUS FEZ TODAS AS COISAS<\/li>\n<\/ol>\n<p>Autoras:<br \/>\nAlexandra Guerra Castanheira<br \/>\nJane L\u00facia Ramos de Souza<br \/>\nJune I. S. V. Boas Ribeiro<br \/>\nMeire de Rezende Bragan\u00e7a<br \/>\nStephanie Ramos de Souza<br \/>\nViviane Parreira Santos<\/p>\n","protected":false},"excerpt":{"rendered":"<p>TEM\u00c1RIO DEUS CRIOU A LUZ DEUS CRIOU O DIA E A NOITE DEUS FEZ SEPARA\u00c7\u00c3O DAS \u00c1GUAS DEUS FEZ \u00c1GUA BOA DEUS FEZ A TERRA E AS PLANTINHAS QUE BOM QUE DEUS FEZ AS PLANTAS! DEUS FEZ O SOL PARA O DIA DEUS FEZ A LUA E AS ESTRELAS PARA A NOITE DEUS FEZ AS [&hellip;]<\/p>\n","protected":false},"featured_media":3771,"template":"","meta":[],"product_cat":[63],"product_tag":[],"class_list":["post-1400","product","type-product","status-publish","has-post-thumbnail","hentry","product_cat-maternalzinho-1-e-2-anos","product_shipping_class-domestic"],"_links":{"self":[{"href":"https:\/\/lerban.com.br\/loja\/wp-json\/wp\/v2\/product\/1400"}],"collection":[{"href":"https:\/\/lerban.com.br\/loja\/wp-json\/wp\/v2\/product"}],"about":[{"href":"https:\/\/lerban.com.br\/loja\/wp-json\/wp\/v2\/types\/product"}],"wp:featuredmedia":[{"embeddable":true,"href":"https:\/\/lerban.com.br\/loja\/wp-json\/wp\/v2\/media\/3771"}],"wp:attachment":[{"href":"https:\/\/lerban.com.br\/loja\/wp-json\/wp\/v2\/media?parent=1400"}],"wp:term":[{"taxonomy":"product_cat","embeddable":true,"href":"https:\/\/lerban.com.br\/loja\/wp-json\/wp\/v2\/product_cat?post=1400"},{"taxonomy":"product_tag","embeddable":true,"href":"https:\/\/lerban.com.br\/loja\/wp-json\/wp\/v2\/product_tag?post=1400"}],"curies":[{"name":"wp","href":"https:\/\/api.w.org\/{rel}","templated":true}]}}