{"id":1397,"date":"2018-03-28T10:47:44","date_gmt":"2018-03-28T13:47:44","guid":{"rendered":"https:\/\/lerban.com.br\/loja\/wpt\/product\/import-placeholder-for-pq1\/"},"modified":"2026-04-08T14:25:22","modified_gmt":"2026-04-08T17:25:22","slug":"seja-bem-vindo-jesus-livro-de-historias","status":"publish","type":"product","link":"https:\/\/lerban.com.br\/loja\/shop\/criancas\/pequeninos-3-e-4-anos\/seja-bem-vindo-jesus-livro-de-historias\/","title":{"rendered":"PQ 01 &#8211; Seja Bem-Vindo Jesus!  &#8211; livro de hist\u00f3rias"},"content":{"rendered":"<p><strong>TEM\u00c1RIO DO LIVRO DE HIST\u00d3RIAS<\/strong><\/p>\n<ol>\n<li>Deus Promete \u2013 Is 7.14<\/li>\n<li>Uma Grande Luz \u2013 Is 9.1-7<\/li>\n<li>Uma Boa Not\u00edcia \u2013 Lc 2.1-20<\/li>\n<li>O Nenenzinho vai ao Templo \u2013 Lc 2.21-38<\/li>\n<li>O Menino Jesus Conversa vom os Doutores \u2013 Lc 2.41-52<\/li>\n<li>Jesus era Obediente \u2013 Lc 2.51<\/li>\n<li>Jesus e Seus Companheiros \u2013 Lc 5.1-11<\/li>\n<li>Jesus \u00e9 Bondoso \u2013 Mt 20.29-34<\/li>\n<li>Jesus Aben\u00e7oa as Criancinhas \u2013 Mc 10.13-16<\/li>\n<li>Viva O Rei! Mt 21.1-11<\/li>\n<li>Menina, Levanta-Te! Mc 5.35-43<\/li>\n<li>Hum! Que P\u00e3ozinho Gostoso! Jo 6.5-13<\/li>\n<li>Um Gaguinho \u2013 Mc 7.31-37<\/li>\n<li>A \u00c1gua da Vida \u2013 Jo 4.1-15<\/li>\n<li>Um\u2026Dois\u2026Tr\u00eas\u2026Jesus Reviveu \u2013 Lc 24.1-8<\/li>\n<\/ol>\n<p>&nbsp;<\/p>\n<p>Autora:<br \/>\n<strong>Elizabeth Marcelino Lopes Paula<\/strong><\/p>\n","protected":false},"excerpt":{"rendered":"<p>TEM\u00c1RIO DO LIVRO DE HIST\u00d3RIAS Deus Promete \u2013 Is 7.14 Uma Grande Luz \u2013 Is 9.1-7 Uma Boa Not\u00edcia \u2013 Lc 2.1-20 O Nenenzinho vai ao Templo \u2013 Lc 2.21-38 O Menino Jesus Conversa vom os Doutores \u2013 Lc 2.41-52 Jesus era Obediente \u2013 Lc 2.51 Jesus e Seus Companheiros \u2013 Lc 5.1-11 Jesus \u00e9 [&hellip;]<\/p>\n","protected":false},"featured_media":1026,"template":"","meta":[],"product_cat":[65],"product_tag":[],"class_list":["post-1397","product","type-product","status-publish","has-post-thumbnail","hentry","product_cat-pequeninos-3-e-4-anos","product_shipping_class-domestic"],"_links":{"self":[{"href":"https:\/\/lerban.com.br\/loja\/wp-json\/wp\/v2\/product\/1397"}],"collection":[{"href":"https:\/\/lerban.com.br\/loja\/wp-json\/wp\/v2\/product"}],"about":[{"href":"https:\/\/lerban.com.br\/loja\/wp-json\/wp\/v2\/types\/product"}],"wp:featuredmedia":[{"embeddable":true,"href":"https:\/\/lerban.com.br\/loja\/wp-json\/wp\/v2\/media\/1026"}],"wp:attachment":[{"href":"https:\/\/lerban.com.br\/loja\/wp-json\/wp\/v2\/media?parent=1397"}],"wp:term":[{"taxonomy":"product_cat","embeddable":true,"href":"https:\/\/lerban.com.br\/loja\/wp-json\/wp\/v2\/product_cat?post=1397"},{"taxonomy":"product_tag","embeddable":true,"href":"https:\/\/lerban.com.br\/loja\/wp-json\/wp\/v2\/product_tag?post=1397"}],"curies":[{"name":"wp","href":"https:\/\/api.w.org\/{rel}","templated":true}]}}