{"id":13386,"date":"2024-05-02T08:17:07","date_gmt":"2024-05-02T11:17:07","guid":{"rendered":"https:\/\/lerban.com.br\/loja\/?post_type=product&#038;p=13386"},"modified":"2026-05-03T10:40:26","modified_gmt":"2026-05-03T13:40:26","slug":"lideranca-discipuladora","status":"publish","type":"product","link":"https:\/\/lerban.com.br\/loja\/shop\/jovens-e-adultos\/batistas-nacionais\/lideranca-discipuladora\/","title":{"rendered":"BN 05 &#8211; Lideran\u00e7a Discipuladora"},"content":{"rendered":"<p data-path-to-node=\"1\"><b data-path-to-node=\"1\" data-index-in-node=\"0\">\u00c9 miss\u00e3o da Lerban<\/b> oferecer material de excelente qualidade para as igrejas Batistas Nacionais e demais igrejas interessadas. <b data-path-to-node=\"1\" data-index-in-node=\"126\">Nossa vis\u00e3o<\/b> \u00e9 propagar e manter a f\u00e9 dos santos conservada intacta.<\/p>\n<p data-path-to-node=\"2\">N\u00f3s, Batistas Nacionais, declaramos uma f\u00e9 cr\u00edvel e vivemos uma eclesiologia consistente em todos os anos de nossa exist\u00eancia no Brasil e demais na\u00e7\u00f5es do mundo.<\/p>\n<p data-path-to-node=\"3\">Portanto, para ajudar no cumprimento da <b data-path-to-node=\"3\" data-index-in-node=\"40\">miss\u00e3o de Deus<\/b> \u2014 evangeliza\u00e7\u00e3o e discipulado \u2014 \u00e9 que lan\u00e7amos a <b data-path-to-node=\"3\" data-index-in-node=\"104\">S\u00e9rie Batistas Nacionais<\/b>, com li\u00e7\u00f5es:<\/p>\n<ul data-path-to-node=\"4\">\n<li>\n<p data-path-to-node=\"4,0,0\">B\u00edblicas;<\/p>\n<\/li>\n<li>\n<p data-path-to-node=\"4,1,0\">Ortodoxas;<\/p>\n<\/li>\n<li>\n<p data-path-to-node=\"4,2,0\">Fi\u00e9is \u00e0 tradi\u00e7\u00e3o da f\u00e9 hist\u00f3rica.<\/p>\n<\/li>\n<\/ul>\n<p data-path-to-node=\"5\">O objetivo \u00e9 permanecermos naquilo que temos aprendido e que j\u00e1 foi posto \u00e0 prova do fogo das persegui\u00e7\u00f5es e abandono da f\u00e9 por parte de muitos.<\/p>\n","protected":false},"excerpt":{"rendered":"<p data-path-to-node=\"1\"><b data-path-to-node=\"1\" data-index-in-node=\"0\">\u00c9 miss\u00e3o da Lerban<\/b> oferecer material de excelente qualidade para as igrejas Batistas Nacionais e demais igrejas interessadas. <b data-path-to-node=\"1\" data-index-in-node=\"126\">Nossa vis\u00e3o<\/b> \u00e9 propagar e manter a f\u00e9 dos santos conservada intacta.<\/p>\n<p data-path-to-node=\"2\">N\u00f3s, Batistas Nacionais, declaramos uma f\u00e9 cr\u00edvel e vivemos uma eclesiologia consistente em todos os anos de nossa exist\u00eancia no Brasil e demais na\u00e7\u00f5es do mundo.<\/p>\n<p data-path-to-node=\"3\">Portanto, para ajudar no cumprimento da <b data-path-to-node=\"3\" data-index-in-node=\"40\">miss\u00e3o de Deus<\/b> \u2014 evangeliza\u00e7\u00e3o e discipulado \u2014 \u00e9 que lan\u00e7amos a <b data-path-to-node=\"3\" data-index-in-node=\"104\">S\u00e9rie Batistas Nacionais<\/b>, com li\u00e7\u00f5es:<\/p>\n<ul data-path-to-node=\"4\">\n<li>\n<p data-path-to-node=\"4,0,0\">B\u00edblicas;<\/p>\n<\/li>\n<li>\n<p data-path-to-node=\"4,1,0\">Ortodoxas;<\/p>\n<\/li>\n<li>\n<p data-path-to-node=\"4,2,0\">Fi\u00e9is \u00e0 tradi\u00e7\u00e3o da f\u00e9 hist\u00f3rica.<\/p>\n<\/li>\n<\/ul>\n<p data-path-to-node=\"5\">O objetivo \u00e9 permanecermos naquilo que temos aprendido e que j\u00e1 foi posto \u00e0 prova do fogo das persegui\u00e7\u00f5es e abandono da f\u00e9 por parte de muitos.<\/p>\n","protected":false},"featured_media":13387,"template":"","meta":[],"product_cat":[126],"product_tag":[],"class_list":["post-13386","product","type-product","status-publish","has-post-thumbnail","hentry","product_cat-batistas-nacionais"],"_links":{"self":[{"href":"https:\/\/lerban.com.br\/loja\/wp-json\/wp\/v2\/product\/13386"}],"collection":[{"href":"https:\/\/lerban.com.br\/loja\/wp-json\/wp\/v2\/product"}],"about":[{"href":"https:\/\/lerban.com.br\/loja\/wp-json\/wp\/v2\/types\/product"}],"wp:featuredmedia":[{"embeddable":true,"href":"https:\/\/lerban.com.br\/loja\/wp-json\/wp\/v2\/media\/13387"}],"wp:attachment":[{"href":"https:\/\/lerban.com.br\/loja\/wp-json\/wp\/v2\/media?parent=13386"}],"wp:term":[{"taxonomy":"product_cat","embeddable":true,"href":"https:\/\/lerban.com.br\/loja\/wp-json\/wp\/v2\/product_cat?post=13386"},{"taxonomy":"product_tag","embeddable":true,"href":"https:\/\/lerban.com.br\/loja\/wp-json\/wp\/v2\/product_tag?post=13386"}],"curies":[{"name":"wp","href":"https:\/\/api.w.org\/{rel}","templated":true}]}}