{"id":13343,"date":"2026-03-09T20:39:08","date_gmt":"2026-03-09T23:39:08","guid":{"rendered":"https:\/\/lerban.com.br\/loja\/?post_type=product&#038;p=13343"},"modified":"2026-04-22T15:41:53","modified_gmt":"2026-04-22T18:41:53","slug":"revista-6-soteriologiaa-doutrina-da-salvacao","status":"publish","type":"product","link":"https:\/\/lerban.com.br\/loja\/shop\/jovens-e-adultos\/teologia-ao-alcance-de-todos\/revista-6-soteriologiaa-doutrina-da-salvacao\/","title":{"rendered":"TAT 06 &#8211; Soteriologia<br>A Doutrina da Salva\u00e7\u00e3o"},"content":{"rendered":"<p>Sum\u00e1rio:<\/p>\n<p>&nbsp;<\/p>\n<p>102 p\u00e1ginas<br \/>\n13 Li\u00e7\u00f5es<br \/>\nFormato: Revista<br \/>\nP\u00fablico Alvo: Estudos Teol\u00f3gicos, Doutrinas<\/p>\n","protected":false},"excerpt":{"rendered":"<p>Autor: Sandoval Ribeiro de Oliveira<\/p>\n<p>&nbsp;<\/p>\n<p>Todo o curr\u00edculo da Revista &#8221; Teologia ao Alcance de Todos&#8221; foi preparado com a finalidade de ser ministrado na Escola B\u00edblica Dominical (EBD), nos demais minist\u00e9rios na igreja local e at\u00e9 mesmo em semin\u00e1rios b\u00edblicos a fim de promover a fundamenta\u00e7\u00e3o da f\u00e9 crist\u00e3 por parte de cada crist\u00e3o.<\/p>\n<p>Para que esse Objetivo seja alcan\u00e7ado, cada li\u00e7\u00e3o foi elaborada com o prop\u00f3sito de conduzir o aluno \u00e0 leitura do texto a ser estudado, como tamb\u00e9m, e principalmente proporcionar um contato maior com o texto das Escrituras Sagradas que est\u00e1 citado nas li\u00e7\u00f5es.<\/p>\n<p>Como leitor da Palavra de Deus, o aluno encontrar\u00e1 no texto da nova Almeida Atualizada uma linguagem contempor\u00e2nea e de f\u00e1cil compreens\u00e3o para si enquanto simultaneamente estuda a revista em seus estudos di\u00e1rios.<\/p>\n","protected":false},"featured_media":13344,"template":"","meta":[],"product_cat":[103],"product_tag":[],"class_list":["post-13343","product","type-product","status-publish","has-post-thumbnail","hentry","product_cat-teologia-ao-alcance-de-todos"],"_links":{"self":[{"href":"https:\/\/lerban.com.br\/loja\/wp-json\/wp\/v2\/product\/13343"}],"collection":[{"href":"https:\/\/lerban.com.br\/loja\/wp-json\/wp\/v2\/product"}],"about":[{"href":"https:\/\/lerban.com.br\/loja\/wp-json\/wp\/v2\/types\/product"}],"wp:featuredmedia":[{"embeddable":true,"href":"https:\/\/lerban.com.br\/loja\/wp-json\/wp\/v2\/media\/13344"}],"wp:attachment":[{"href":"https:\/\/lerban.com.br\/loja\/wp-json\/wp\/v2\/media?parent=13343"}],"wp:term":[{"taxonomy":"product_cat","embeddable":true,"href":"https:\/\/lerban.com.br\/loja\/wp-json\/wp\/v2\/product_cat?post=13343"},{"taxonomy":"product_tag","embeddable":true,"href":"https:\/\/lerban.com.br\/loja\/wp-json\/wp\/v2\/product_tag?post=13343"}],"curies":[{"name":"wp","href":"https:\/\/api.w.org\/{rel}","templated":true}]}}