{"id":13338,"date":"2026-03-09T20:25:45","date_gmt":"2026-03-09T23:25:45","guid":{"rendered":"https:\/\/lerban.com.br\/loja\/?post_type=product&#038;p=13338"},"modified":"2026-04-22T15:42:39","modified_gmt":"2026-04-22T18:42:39","slug":"adoracao","status":"publish","type":"product","link":"https:\/\/lerban.com.br\/loja\/shop\/jovens-e-adultos\/estudos-especiais\/adoracao\/","title":{"rendered":"EE 04 &#8211; Adora\u00e7\u00e3o"},"content":{"rendered":"<p>SUM\u00c1RIO<\/p>\n<p>&nbsp;<\/p>\n<p>100 p\u00e1ginas<br \/>\n13 Li\u00e7\u00f5es<br \/>\nFormato: Revista<\/p>\n","protected":false},"excerpt":{"rendered":"<p>S\u00c9RIE ESTUDOS ESPECIAIS VOLUME 3<\/p>\n<p>Toda a educa\u00e7\u00e3o crist\u00e3 parte do pressuposto da forma\u00e7\u00e3o de um car\u00e1ter cristoc\u00eantrico na vida da igreja local. Por isso, visando apoiar a igreja nessa suprema tarefa, a S\u00e9rie ESTUDOS ESPECIAIS foi elaborada com o prop\u00f3sito de abranger diversos temas por meio dessa proposta pedag\u00f3gica redentora e discipuladora.<br \/>\nCom isso, investir na forma\u00e7\u00e3o educacional continuada de toda membresia da igreja local, propiciar\u00e1 um corpo saud\u00e1vel de crist\u00e3os din\u00e2micos e frut\u00edferos para miss\u00e3o de Deus dentro e fora da comunidade da f\u00e9.<\/p>\n<p>Autor<br \/>\nELIAS LOPES FERNANDES<\/p>\n<p>100 p\u00e1ginas<br \/>\n13 Li\u00e7\u00f5es<br \/>\nFormato: Revista<\/p>\n<p>&nbsp;<\/p>\n","protected":false},"featured_media":13339,"template":"","meta":[],"product_cat":[76],"product_tag":[],"class_list":["post-13338","product","type-product","status-publish","has-post-thumbnail","hentry","product_cat-estudos-especiais","product_shipping_class-domestic"],"_links":{"self":[{"href":"https:\/\/lerban.com.br\/loja\/wp-json\/wp\/v2\/product\/13338"}],"collection":[{"href":"https:\/\/lerban.com.br\/loja\/wp-json\/wp\/v2\/product"}],"about":[{"href":"https:\/\/lerban.com.br\/loja\/wp-json\/wp\/v2\/types\/product"}],"wp:featuredmedia":[{"embeddable":true,"href":"https:\/\/lerban.com.br\/loja\/wp-json\/wp\/v2\/media\/13339"}],"wp:attachment":[{"href":"https:\/\/lerban.com.br\/loja\/wp-json\/wp\/v2\/media?parent=13338"}],"wp:term":[{"taxonomy":"product_cat","embeddable":true,"href":"https:\/\/lerban.com.br\/loja\/wp-json\/wp\/v2\/product_cat?post=13338"},{"taxonomy":"product_tag","embeddable":true,"href":"https:\/\/lerban.com.br\/loja\/wp-json\/wp\/v2\/product_tag?post=13338"}],"curies":[{"name":"wp","href":"https:\/\/api.w.org\/{rel}","templated":true}]}}