{"id":13136,"date":"2001-01-01T08:36:13","date_gmt":"2001-01-01T11:36:13","guid":{"rendered":"https:\/\/lerban.com.br\/loja\/?post_type=product&#038;p=13136"},"modified":"2026-03-12T21:35:17","modified_gmt":"2026-03-13T00:35:17","slug":"escatologia-a-mensagem-da-igreja","status":"publish","type":"product","link":"https:\/\/lerban.com.br\/loja\/shop\/livros\/escatologia-a-mensagem-da-igreja\/","title":{"rendered":"Escatologia &#8211; A Mensagem da Igreja"},"content":{"rendered":"<p data-path-to-node=\"3\">COMPREENDENDO E PREGANDO<br \/>\nA MENSAGEM DE JESUS E DOS AP\u00d3STOLOS<\/p>\n<p data-path-to-node=\"3\">O estudo escatol\u00f3gico nos direciona \u00e0 esperan\u00e7a futura \u00e0 luz das Escrituras. Esse livro nos leva a um campo de pesquisa fundamental para compreendermos nosso estado eterno. A Escatologia \u00e9 tamb\u00e9m um aspecto de grande import\u00e2ncia em nosso contexto atual, onde o entendimento b\u00edblico nos ensina a valorizar a comunh\u00e3o entre todos os santos como filhos de um mesmo Deus.<\/p>\n<p data-path-to-node=\"4\">Este livro foi escrito n\u00e3o apenas para aprofundar o conhecimento teol\u00f3gico, mas para iluminar e transformar a vida daqueles que buscam a verdade.<\/p>\n<p data-path-to-node=\"5\">O <b data-path-to-node=\"5\" data-index-in-node=\"2\">Pastor Janio<\/b> sabiamente conduz seus leitores por temas de alta relev\u00e2ncia, nos levando ao prop\u00f3sito para o qual a humanidade foi trazida \u00e0 exist\u00eancia. Em seguida, ele se debru\u00e7a sobre um mist\u00e9rio que fascina estudiosos e pensadores desde os tempos antigos, explorando, com clareza e fundamenta\u00e7\u00e3o b\u00edblica, a ess\u00eancia da Palavra de Deus, oferecendo reflex\u00f5es profundas sobre sua rela\u00e7\u00e3o com o Criador e sua condi\u00e7\u00e3o de eternidade.<\/p>\n<p data-path-to-node=\"6\">Que esta obra seja um instrumento de edifica\u00e7\u00e3o e crescimento para todos aqueles que, como o autor, desejam aprofundar-se nas Escrituras e compreender mais sobre o final dos tempos.<\/p>\n<p data-path-to-node=\"7\">Verdadeiramente, esta \u00e9 uma obra de contribui\u00e7\u00e3o acad\u00eamica e pastoral ao p\u00fablico, certo de que este estudo ser\u00e1 amplamente \u00fatil a todos que buscam fundamenta\u00e7\u00e3o b\u00edblica e s\u00f3lida em sua forma\u00e7\u00e3o teol\u00f3gica.<\/p>\n","protected":false},"excerpt":{"rendered":"<p data-path-to-node=\"3\">COMPREENDENDO E PREGANDO<br \/>\nA MENSAGEM DE JESUS E DOS AP\u00d3STOLOS<\/p>\n<p data-path-to-node=\"3\">O estudo escatol\u00f3gico nos direciona \u00e0 esperan\u00e7a futura \u00e0 luz das Escrituras. Esse livro nos leva a um campo de pesquisa fundamental para compreendermos nosso estado eterno. A Escatologia \u00e9 tamb\u00e9m um aspecto de grande import\u00e2ncia em nosso contexto atual, onde o entendimento b\u00edblico nos ensina a valorizar a comunh\u00e3o entre todos os santos como filhos de um mesmo Deus.<\/p>\n<p data-path-to-node=\"4\">Este livro foi escrito n\u00e3o apenas para aprofundar o conhecimento teol\u00f3gico, mas para iluminar e transformar a vida daqueles que buscam a verdade.<\/p>\n<p data-path-to-node=\"5\">O <b data-path-to-node=\"5\" data-index-in-node=\"2\">Pastor Janio<\/b> sabiamente conduz seus leitores por temas de alta relev\u00e2ncia, nos levando ao prop\u00f3sito para o qual a humanidade foi trazida \u00e0 exist\u00eancia. Em seguida, ele se debru\u00e7a sobre um mist\u00e9rio que fascina estudiosos e pensadores desde os tempos antigos, explorando, com clareza e fundamenta\u00e7\u00e3o b\u00edblica, a ess\u00eancia da Palavra de Deus, oferecendo reflex\u00f5es profundas sobre sua rela\u00e7\u00e3o com o Criador e sua condi\u00e7\u00e3o de eternidade.<\/p>\n<p data-path-to-node=\"6\">Que esta obra seja um instrumento de edifica\u00e7\u00e3o e crescimento para todos aqueles que, como o autor, desejam aprofundar-se nas Escrituras e compreender mais sobre o final dos tempos.<\/p>\n<p data-path-to-node=\"7\">Verdadeiramente, esta \u00e9 uma obra de contribui\u00e7\u00e3o acad\u00eamica e pastoral ao p\u00fablico, certo de que este estudo ser\u00e1 amplamente \u00fatil a todos que buscam fundamenta\u00e7\u00e3o b\u00edblica e s\u00f3lida em sua forma\u00e7\u00e3o teol\u00f3gica.<\/p>\n","protected":false},"featured_media":13137,"template":"","meta":[],"product_cat":[97],"product_tag":[],"class_list":["post-13136","product","type-product","status-publish","has-post-thumbnail","hentry","product_cat-livros"],"_links":{"self":[{"href":"https:\/\/lerban.com.br\/loja\/wp-json\/wp\/v2\/product\/13136"}],"collection":[{"href":"https:\/\/lerban.com.br\/loja\/wp-json\/wp\/v2\/product"}],"about":[{"href":"https:\/\/lerban.com.br\/loja\/wp-json\/wp\/v2\/types\/product"}],"wp:featuredmedia":[{"embeddable":true,"href":"https:\/\/lerban.com.br\/loja\/wp-json\/wp\/v2\/media\/13137"}],"wp:attachment":[{"href":"https:\/\/lerban.com.br\/loja\/wp-json\/wp\/v2\/media?parent=13136"}],"wp:term":[{"taxonomy":"product_cat","embeddable":true,"href":"https:\/\/lerban.com.br\/loja\/wp-json\/wp\/v2\/product_cat?post=13136"},{"taxonomy":"product_tag","embeddable":true,"href":"https:\/\/lerban.com.br\/loja\/wp-json\/wp\/v2\/product_tag?post=13136"}],"curies":[{"name":"wp","href":"https:\/\/api.w.org\/{rel}","templated":true}]}}