{"id":12325,"date":"2025-07-21T17:21:12","date_gmt":"2025-07-21T20:21:12","guid":{"rendered":"https:\/\/lerban.com.br\/loja\/?post_type=product&#038;p=12325"},"modified":"2026-04-29T15:43:56","modified_gmt":"2026-04-29T18:43:56","slug":"revista-8-escatologiadoutrina-das-ultimas-coisas","status":"publish","type":"product","link":"https:\/\/lerban.com.br\/loja\/shop\/jovens-e-adultos\/teologia-ao-alcance-de-todos\/revista-8-escatologiadoutrina-das-ultimas-coisas\/","title":{"rendered":"TAT 08 &#8211; Escatologia Doutrina das \u00daltimas Coisas"},"content":{"rendered":"<p>Sum\u00e1rio:<\/p>\n<ol>\n<li>Introdu\u00e7\u00e3o a Escatologia<\/li>\n<li>A Morte e o Estado Intermedi\u00e1rio<\/li>\n<li>A Segunda Vinda de Cristo: O Fundamento da Esperan\u00e7a Crist\u00e3<\/li>\n<li>A Segunda Vinda de Cristo: Concep\u00e7\u00f5es Tribulacionistas<\/li>\n<li>O Mil\u00eanio: Concep\u00e7\u00f5es milenistas<\/li>\n<li>O Mil\u00eanio: Uma An\u00e1lise de Apocalipse 20<\/li>\n<li>A Ressurrei\u00e7\u00e3o dos Mortos<\/li>\n<li>A Ressurei\u00e7\u00e3o dos Mortos: Uma an\u00e1lise de 1Cor\u00edntios 15<\/li>\n<li>O Julgamento Final e a Puni\u00e7\u00e3o Divina<\/li>\n<li>Universalismo, Aniquilacionismo e Puni\u00e7\u00e3o Eterna<\/li>\n<li>O novo C\u00e9u e a Nova Terra<\/li>\n<li>O Reino de Deus \u00e9 &#8221;j\u00e1&#8221;, mas &#8221;ainda n\u00e3o&#8221;<\/li>\n<li>A &#8221;Vis\u00e3o de Porvir&#8221; versus o &#8221;Evangelho do Sucesso&#8221;<\/li>\n<\/ol>\n<p>&nbsp;<\/p>\n<p>102 p\u00e1ginas<br \/>\n13 Li\u00e7\u00f5es<br \/>\nFormato: Revista<br \/>\nP\u00fablico Alvo: Estudos Teol\u00f3gicos, Doutrinas<\/p>\n","protected":false},"excerpt":{"rendered":"<p>Autor: Paulo C\u00e9sar Nascimento<\/p>\n<p>&nbsp;<\/p>\n<p>Todo o curr\u00edculo da Revista &#8221; Teologia ao Alcance de Todos&#8221; foi preparado com a finalidade de ser ministrado na Escola B\u00edblica Dominical (EBD), nos demais minist\u00e9rios na igreja local e at\u00e9 mesmo em semin\u00e1rios b\u00edblicos a fim de promover a fundamenta\u00e7\u00e3o da f\u00e9 crist\u00e3 por parte de cada crist\u00e3o.<\/p>\n<p>Para que esse Objetivo seja alcan\u00e7ado, cada li\u00e7\u00e3o foi elaborada com o prop\u00f3sito de conduzir o aluno \u00e0 leitura do texto a ser estudado, como tamb\u00e9m, e principalmente proporcionar um contato maior com o texto das Escrituras Sagradas que est\u00e1 citado nas li\u00e7\u00f5es.<\/p>\n<p>Como leitor da Palavra de Deus, o aluno encontrar\u00e1 no texto da nova Almeida Atualizada uma linguagem contempor\u00e2nea e de f\u00e1cil compreens\u00e3o para si enquanto simultaneamente estuda a revista em seus estudos di\u00e1rios.<\/p>\n","protected":false},"featured_media":12326,"template":"","meta":[],"product_cat":[103],"product_tag":[],"class_list":["post-12325","product","type-product","status-publish","has-post-thumbnail","hentry","product_cat-teologia-ao-alcance-de-todos"],"_links":{"self":[{"href":"https:\/\/lerban.com.br\/loja\/wp-json\/wp\/v2\/product\/12325"}],"collection":[{"href":"https:\/\/lerban.com.br\/loja\/wp-json\/wp\/v2\/product"}],"about":[{"href":"https:\/\/lerban.com.br\/loja\/wp-json\/wp\/v2\/types\/product"}],"wp:featuredmedia":[{"embeddable":true,"href":"https:\/\/lerban.com.br\/loja\/wp-json\/wp\/v2\/media\/12326"}],"wp:attachment":[{"href":"https:\/\/lerban.com.br\/loja\/wp-json\/wp\/v2\/media?parent=12325"}],"wp:term":[{"taxonomy":"product_cat","embeddable":true,"href":"https:\/\/lerban.com.br\/loja\/wp-json\/wp\/v2\/product_cat?post=12325"},{"taxonomy":"product_tag","embeddable":true,"href":"https:\/\/lerban.com.br\/loja\/wp-json\/wp\/v2\/product_tag?post=12325"}],"curies":[{"name":"wp","href":"https:\/\/api.w.org\/{rel}","templated":true}]}}