{"id":11966,"date":"2025-04-22T10:24:06","date_gmt":"2025-04-22T13:24:06","guid":{"rendered":"https:\/\/lerban.com.br\/loja\/?post_type=product&#038;p=11966"},"modified":"2026-04-13T19:20:33","modified_gmt":"2026-04-13T22:20:33","slug":"a-vida-conjugal-vol-1","status":"publish","type":"product","link":"https:\/\/lerban.com.br\/loja\/shop\/serie-discipulado\/a-vida-conjugal-vol-1\/","title":{"rendered":"DC 02V1 &#8211; A Vida Conjugal Vol. 1"},"content":{"rendered":"<p><strong>A Vida Conjugal Vol. 1<\/strong><br \/>\nPr\u00e1ticas B\u00edblicas que fortalecem a Fam\u00edlia<\/p>\n<p>S\u00e9rgio Mascarenha<\/p>\n<p>SUM\u00c1RIO<br \/>\n1. RENOVANDO AS ALIAN\u00c7AS<br \/>\n2. POSICIONAMENTO CONJUGAL<br \/>\n3. EXERCENDO O FRUTO DO ESP\u00cdRITO<br \/>\n4. PREENCHENDO AS EXPECTATIVAS<br \/>\n5. AJUSTANDO A COMUNICA\u00c7\u00c3O (Parte 1)<br \/>\n6. AJUSTANDO A COMUNICA\u00c7\u00c3O (Parte 2)<br \/>\n7. TRABALHANDO OS ACORDOS<\/p>\n<p>&nbsp;<\/p>\n<p>76 p\u00e1ginas<br \/>\n7 Li\u00e7\u00f5es<br \/>\nFormato: Revista<br \/>\nP\u00fablico Alvo: Casais e Fam\u00edlias<\/p>\n","protected":false},"excerpt":{"rendered":"<p><strong>A Vida Conjugal Vol. 1<\/strong><br \/>\nPr\u00e1ticas B\u00edblicas que fortalecem a Fam\u00edlia<\/p>\n<p>S\u00e9rgio Mascarenha<\/p>\n<p>O solene prop\u00f3sito de Deus para o homem \u00e9 que este o conhe\u00e7a, ame e o sirva com alegria e satisfa\u00e7\u00e3o plena.<br \/>\nUma das m\u00faltiplas formas de servirmos a Deus \u00e9 vivenciada no dia a dia da fam\u00edlia.<\/p>\n<p>H\u00e1 diversas passagens b\u00edblicas que retratam a rela\u00e7\u00e3o fam\u00edlia como um espelho que reflete o que somos na comunh\u00e3o com Deus dentro da conviv\u00eancia familiar.<br \/>\nNa fam\u00edlia cumprimos n\u00e3o somente um papel de organismo social e emocional, mas a divina miss\u00e3o de refletir o amor de Deus por meio das rela\u00e7\u00f5es com nosso c\u00f4njuge e filhos.<\/p>\n<p>Visando esse objetivo b\u00edblico, \u00e9 que a Lerban apresenta a s\u00e9rie &#8220;<strong>Discipulado<\/strong>&#8220;, com o objetivo de auxiliar a fam\u00edlia por meio de um programa de estudo indutivo da Palavra com temas relevantes, para que esta possa caminhar em dire\u00e7\u00e3o \u00e0 maturidade plena por interm\u00e9dio do conhecimento de Deus e<br \/>\nSua vontade expressa nas Escrituras.<\/p>\n<p>Maturidade familiar \u00e9 um longo e amplo processo de transforma\u00e7\u00e3o de todas as dimens\u00f5es da vida dom\u00e9stica. Portanto, que estejamos todos nessa busca como d\u00edscipulos aut\u00eanticos e compromissados com a aplica\u00e7\u00e3o da Palavra de Deus em cada aspecto da vida familiar.<\/p>\n","protected":false},"featured_media":11963,"template":"","meta":[],"product_cat":[127],"product_tag":[],"class_list":["post-11966","product","type-product","status-publish","has-post-thumbnail","hentry","product_cat-serie-discipulado"],"_links":{"self":[{"href":"https:\/\/lerban.com.br\/loja\/wp-json\/wp\/v2\/product\/11966"}],"collection":[{"href":"https:\/\/lerban.com.br\/loja\/wp-json\/wp\/v2\/product"}],"about":[{"href":"https:\/\/lerban.com.br\/loja\/wp-json\/wp\/v2\/types\/product"}],"wp:featuredmedia":[{"embeddable":true,"href":"https:\/\/lerban.com.br\/loja\/wp-json\/wp\/v2\/media\/11963"}],"wp:attachment":[{"href":"https:\/\/lerban.com.br\/loja\/wp-json\/wp\/v2\/media?parent=11966"}],"wp:term":[{"taxonomy":"product_cat","embeddable":true,"href":"https:\/\/lerban.com.br\/loja\/wp-json\/wp\/v2\/product_cat?post=11966"},{"taxonomy":"product_tag","embeddable":true,"href":"https:\/\/lerban.com.br\/loja\/wp-json\/wp\/v2\/product_tag?post=11966"}],"curies":[{"name":"wp","href":"https:\/\/api.w.org\/{rel}","templated":true}]}}